{"id":13408,"date":"2023-07-11T19:01:20","date_gmt":"2023-07-11T23:01:20","guid":{"rendered":"https:\/\/zero-gravite.ca\/schedule\/"},"modified":"2025-12-02T19:32:27","modified_gmt":"2025-12-03T00:32:27","slug":"schedule","status":"publish","type":"page","link":"https:\/\/zero-gravite.ca\/en\/schedule\/","title":{"rendered":"Business Hours"},"content":{"rendered":"\t\t<div data-elementor-type=\"wp-page\" data-elementor-id=\"13408\" class=\"elementor elementor-13408 elementor-13383\" data-elementor-post-type=\"page\">\n\t\t\t\t\t\t<section class=\"elementor-section elementor-top-section elementor-element elementor-element-a174948 elementor-section-boxed elementor-section-height-default elementor-section-height-default\" data-id=\"a174948\" data-element_type=\"section\">\n\t\t\t\t\t\t<div class=\"elementor-container elementor-column-gap-default\">\n\t\t\t\t\t<div class=\"elementor-column elementor-col-100 elementor-top-column elementor-element elementor-element-fdc1a89\" data-id=\"fdc1a89\" data-element_type=\"column\">\n\t\t\t<div class=\"elementor-widget-wrap elementor-element-populated\">\n\t\t\t\t\t\t<div class=\"elementor-element elementor-element-5327671 elementor-widget elementor-widget-spacer\" data-id=\"5327671\" data-element_type=\"widget\" data-widget_type=\"spacer.default\">\n\t\t\t\t<div class=\"elementor-widget-container\">\n\t\t\t\t\t<div class=\"elementor-spacer\">\n\t\t\t<div class=\"elementor-spacer-inner\"><\/div>\n\t\t<\/div>\n\t\t\t\t<\/div>\n\t\t\t\t<\/div>\n\t\t\t\t\t<\/div>\n\t\t<\/div>\n\t\t\t\t\t<\/div>\n\t\t<\/section>\n\t\t\t\t<section class=\"elementor-section elementor-top-section elementor-element elementor-element-0b794f8 elementor-section-height-full elementor-section-content-top elementor-section-boxed elementor-section-height-default elementor-section-items-middle\" data-id=\"0b794f8\" data-element_type=\"section\" data-settings=\"{&quot;background_background&quot;:&quot;classic&quot;}\">\n\t\t\t\t\t\t\t<div class=\"elementor-background-overlay\"><\/div>\n\t\t\t\t\t\t\t<div class=\"elementor-container elementor-column-gap-default\">\n\t\t\t\t\t<div class=\"elementor-column elementor-col-50 elementor-top-column elementor-element elementor-element-f6ddf64\" data-id=\"f6ddf64\" data-element_type=\"column\">\n\t\t\t<div class=\"elementor-widget-wrap elementor-element-populated\">\n\t\t\t\t\t\t<div class=\"elementor-element elementor-element-a7b0eb4 elementor-widget elementor-widget-heading\" data-id=\"a7b0eb4\" data-element_type=\"widget\" data-widget_type=\"heading.default\">\n\t\t\t\t<div class=\"elementor-widget-container\">\n\t\t\t<h2 class=\"elementor-heading-title elementor-size-default\">Business Hours<\/h2>\t\t<\/div>\n\t\t\t\t<\/div>\n\t\t\t\t<div class=\"elementor-element elementor-element-4c7cbcb elementor-widget elementor-widget-text-editor\" data-id=\"4c7cbcb\" data-element_type=\"widget\" data-widget_type=\"text-editor.default\">\n\t\t\t\t<div class=\"elementor-widget-container\">\n\t\t\t\t\t\t\t<p><strong>Monday<\/strong> 6:30 AM \u2013 11:00 PM<br \/><strong>Tuesday<\/strong> 6:30 AM \u2013 11:00 PM<br \/><strong>Wednesday<\/strong> 6:30 AM \u2013 11:00 PM<br \/><strong>Thursday<\/strong> 6:30 AM \u2013 11:00 PM<br \/><strong>Friday<\/strong> 6:30 AM \u2013 11:00 PM<br \/><strong>Saturday<\/strong> 9:00 AM \u2013 9:00 PM<br \/><strong>Sunday<\/strong> 9:00 AM \u2013 9:00 PM<\/p>\t\t\t\t\t\t<\/div>\n\t\t\t\t<\/div>\n\t\t\t\t\t<\/div>\n\t\t<\/div>\n\t\t\t\t<div class=\"elementor-column elementor-col-50 elementor-top-column elementor-element elementor-element-b42ee67\" data-id=\"b42ee67\" data-element_type=\"column\">\n\t\t\t<div class=\"elementor-widget-wrap elementor-element-populated\">\n\t\t\t\t\t\t<div class=\"elementor-element elementor-element-70df582 elementor-widget elementor-widget-heading\" data-id=\"70df582\" data-element_type=\"widget\" data-widget_type=\"heading.default\">\n\t\t\t\t<div class=\"elementor-widget-container\">\n\t\t\t<h2 class=\"elementor-heading-title elementor-size-default\">Holiday Schedule<\/h2>\t\t<\/div>\n\t\t\t\t<\/div>\n\t\t\t\t<div class=\"elementor-element elementor-element-8d5ef0a elementor-widget elementor-widget-text-editor\" data-id=\"8d5ef0a\" data-element_type=\"widget\" data-widget_type=\"text-editor.default\">\n\t\t\t\t<div class=\"elementor-widget-container\">\n\t\t\t\t\t\t\t<p>January 1: New Year&#8217;s Day <strong>CLOSED<\/strong><\/p>\n<p>August 24: Employee Appreciation Day 9:00 AM \u2013 1:00 PM<\/p>\n<p>December 13: 9:00 AM \u2013 <b>7:00 PM <\/b>(staff xmas party)<\/p>\n<p>December 24: Christmas Eve <b>9:00 AM \u2013 5:00 PM<\/b><\/p>\n<p>December 25: Christmas Day <strong>CLOSED<\/strong><\/p>\n<p>December 26: <b>9:00 AM<\/b> \u2013 11:00 PM<\/p>\n<p>December 27: 9:00 AM \u2013 9:00 PM<\/p>\n<p>December 28: 9:00 AM \u2013 9:00 PM<\/p>\n<p>December 29: <b>9:00 AM<\/b> \u2013 11:00 PM<\/p>\n<p>December 30: <b>9:00 AM<\/b> \u2013 11:00 PM<\/p>\n<p>December 31: New Year&#8217;s Eve <b>9:00 AM \u2013 5:00 PM<\/b><\/p>\t\t\t\t\t\t<\/div>\n\t\t\t\t<\/div>\n\t\t\t\t\t<\/div>\n\t\t<\/div>\n\t\t\t\t\t<\/div>\n\t\t<\/section>\n\t\t\t\t<\/div>\n\t\t","protected":false},"excerpt":{"rendered":"<p>Business Hours Monday 6:30 AM \u2013 11:00 PMTuesday 6:30 AM \u2013 11:00 PMWednesday 6:30 AM \u2013 11:00 PMThursday 6:30 AM \u2013 11:00 PMFriday 6:30 AM \u2013 11:00 PMSaturday 9:00 AM &hellip;<\/p>\n<p class=\"read-more\"> <a class=\"\" href=\"https:\/\/zero-gravite.ca\/en\/schedule\/\"> <span class=\"screen-reader-text\">Business Hours<\/span> Read More &raquo;<\/a><\/p>\n","protected":false},"author":1,"featured_media":0,"parent":0,"menu_order":0,"comment_status":"closed","ping_status":"closed","template":"elementor_header_footer","meta":{"_mo_disable_npp":"","site-sidebar-layout":"default","site-content-layout":"default","ast-global-header-display":"","ast-main-header-display":"","ast-hfb-above-header-display":"","ast-hfb-below-header-display":"","ast-hfb-mobile-header-display":"","site-post-title":"","ast-breadcrumbs-content":"","ast-featured-img":"","footer-sml-layout":"","theme-transparent-header-meta":"","adv-header-id-meta":"","stick-header-meta":"","header-above-stick-meta":"","header-main-stick-meta":"","header-below-stick-meta":"","_EventAllDay":false,"_EventTimezone":"","_EventStartDate":"","_EventEndDate":"","_EventStartDateUTC":"","_EventEndDateUTC":"","_EventShowMap":false,"_EventShowMapLink":false,"_EventURL":"","_EventCost":"","_EventCostDescription":"","_EventCurrencySymbol":"","_EventCurrencyCode":"","_EventCurrencyPosition":"","_EventDateTimeSeparator":"","_EventTimeRangeSeparator":"","_EventOrganizerID":[],"_EventVenueID":[],"_OrganizerEmail":"","_OrganizerPhone":"","_OrganizerWebsite":"","_VenueAddress":"","_VenueCity":"","_VenueCountry":"","_VenueProvince":"","_VenueState":"","_VenueZip":"","_VenuePhone":"","_VenueURL":"","_VenueStateProvince":"","_VenueLat":"","_VenueLng":"","_VenueShowMap":false,"_VenueShowMapLink":false,"footnotes":""},"class_list":["post-13408","page","type-page","status-publish","hentry"],"yoast_head":"<!-- This site is optimized with the Yoast SEO plugin v22.7 - https:\/\/yoast.com\/wordpress\/plugins\/seo\/ -->\n<title>Business Hours | Z\u00e9ro Gravit\u00e9<\/title>\n<meta name=\"robots\" content=\"index, follow, max-snippet:-1, max-image-preview:large, max-video-preview:-1\" \/>\n<link rel=\"canonical\" href=\"https:\/\/zero-gravite.ca\/en\/schedule\/\" \/>\n<meta property=\"og:locale\" content=\"en_US\" \/>\n<meta property=\"og:type\" content=\"article\" \/>\n<meta property=\"og:title\" content=\"Business Hours | Z\u00e9ro Gravit\u00e9\" \/>\n<meta property=\"og:description\" content=\"Business Hours Monday 6:30 AM \u2013 11:00 PMTuesday 6:30 AM \u2013 11:00 PMWednesday 6:30 AM \u2013 11:00 PMThursday 6:30 AM \u2013 11:00 PMFriday 6:30 AM \u2013 11:00 PMSaturday 9:00 AM &hellip; Business Hours Read More &raquo;\" \/>\n<meta property=\"og:url\" content=\"https:\/\/zero-gravite.ca\/en\/schedule\/\" \/>\n<meta property=\"og:site_name\" content=\"Z\u00e9ro Gravit\u00e9\" \/>\n<meta property=\"article:publisher\" content=\"https:\/\/www.facebook.com\/0gravite\" \/>\n<meta property=\"article:modified_time\" content=\"2025-12-03T00:32:27+00:00\" \/>\n<meta name=\"twitter:card\" content=\"summary_large_image\" \/>\n<script type=\"application\/ld+json\" class=\"yoast-schema-graph\">{\"@context\":\"https:\/\/schema.org\",\"@graph\":[{\"@type\":\"WebPage\",\"@id\":\"https:\/\/zero-gravite.ca\/en\/schedule\/\",\"url\":\"https:\/\/zero-gravite.ca\/en\/schedule\/\",\"name\":\"Business Hours | Z\u00e9ro Gravit\u00e9\",\"isPartOf\":{\"@id\":\"https:\/\/zero-gravite.ca\/en\/#website\"},\"datePublished\":\"2023-07-11T23:01:20+00:00\",\"dateModified\":\"2025-12-03T00:32:27+00:00\",\"breadcrumb\":{\"@id\":\"https:\/\/zero-gravite.ca\/en\/schedule\/#breadcrumb\"},\"inLanguage\":\"en-US\",\"potentialAction\":[{\"@type\":\"ReadAction\",\"target\":[\"https:\/\/zero-gravite.ca\/en\/schedule\/\"]}]},{\"@type\":\"BreadcrumbList\",\"@id\":\"https:\/\/zero-gravite.ca\/en\/schedule\/#breadcrumb\",\"itemListElement\":[{\"@type\":\"ListItem\",\"position\":1,\"name\":\"Accueil\",\"item\":\"https:\/\/zero-gravite.ca\/en\/\"},{\"@type\":\"ListItem\",\"position\":2,\"name\":\"Business Hours\"}]},{\"@type\":\"WebSite\",\"@id\":\"https:\/\/zero-gravite.ca\/en\/#website\",\"url\":\"https:\/\/zero-gravite.ca\/en\/\",\"name\":\"Z\u00e9ro Gravit\u00e9\",\"description\":\"Escalade et yoga au coeur de Montr\u00e9al\",\"publisher\":{\"@id\":\"https:\/\/zero-gravite.ca\/en\/#organization\"},\"potentialAction\":[{\"@type\":\"SearchAction\",\"target\":{\"@type\":\"EntryPoint\",\"urlTemplate\":\"https:\/\/zero-gravite.ca\/en\/?s={search_term_string}\"},\"query-input\":\"required name=search_term_string\"}],\"inLanguage\":\"en-US\"},{\"@type\":\"Organization\",\"@id\":\"https:\/\/zero-gravite.ca\/en\/#organization\",\"name\":\"Z\u00e9ro Gravit\u00e9 escalade & yoga\",\"url\":\"https:\/\/zero-gravite.ca\/en\/\",\"logo\":{\"@type\":\"ImageObject\",\"inLanguage\":\"en-US\",\"@id\":\"https:\/\/zero-gravite.ca\/en\/#\/schema\/logo\/image\/\",\"url\":\"https:\/\/zero-gravite.ca\/wp-content\/uploads\/2022\/02\/ZG_Logo_Classic_CMYK.png\",\"contentUrl\":\"https:\/\/zero-gravite.ca\/wp-content\/uploads\/2022\/02\/ZG_Logo_Classic_CMYK.png\",\"width\":1777,\"height\":1600,\"caption\":\"Z\u00e9ro Gravit\u00e9 escalade & yoga\"},\"image\":{\"@id\":\"https:\/\/zero-gravite.ca\/en\/#\/schema\/logo\/image\/\"},\"sameAs\":[\"https:\/\/www.facebook.com\/0gravite\",\"https:\/\/www.instagram.com\/zero.gravite\"]}]}<\/script>\n<!-- \/ Yoast SEO plugin. -->","yoast_head_json":{"title":"Business Hours | Z\u00e9ro Gravit\u00e9","robots":{"index":"index","follow":"follow","max-snippet":"max-snippet:-1","max-image-preview":"max-image-preview:large","max-video-preview":"max-video-preview:-1"},"canonical":"https:\/\/zero-gravite.ca\/en\/schedule\/","og_locale":"en_US","og_type":"article","og_title":"Business Hours | Z\u00e9ro Gravit\u00e9","og_description":"Business Hours Monday 6:30 AM \u2013 11:00 PMTuesday 6:30 AM \u2013 11:00 PMWednesday 6:30 AM \u2013 11:00 PMThursday 6:30 AM \u2013 11:00 PMFriday 6:30 AM \u2013 11:00 PMSaturday 9:00 AM &hellip; Business Hours Read More &raquo;","og_url":"https:\/\/zero-gravite.ca\/en\/schedule\/","og_site_name":"Z\u00e9ro Gravit\u00e9","article_publisher":"https:\/\/www.facebook.com\/0gravite","article_modified_time":"2025-12-03T00:32:27+00:00","twitter_card":"summary_large_image","schema":{"@context":"https:\/\/schema.org","@graph":[{"@type":"WebPage","@id":"https:\/\/zero-gravite.ca\/en\/schedule\/","url":"https:\/\/zero-gravite.ca\/en\/schedule\/","name":"Business Hours | Z\u00e9ro Gravit\u00e9","isPartOf":{"@id":"https:\/\/zero-gravite.ca\/en\/#website"},"datePublished":"2023-07-11T23:01:20+00:00","dateModified":"2025-12-03T00:32:27+00:00","breadcrumb":{"@id":"https:\/\/zero-gravite.ca\/en\/schedule\/#breadcrumb"},"inLanguage":"en-US","potentialAction":[{"@type":"ReadAction","target":["https:\/\/zero-gravite.ca\/en\/schedule\/"]}]},{"@type":"BreadcrumbList","@id":"https:\/\/zero-gravite.ca\/en\/schedule\/#breadcrumb","itemListElement":[{"@type":"ListItem","position":1,"name":"Accueil","item":"https:\/\/zero-gravite.ca\/en\/"},{"@type":"ListItem","position":2,"name":"Business Hours"}]},{"@type":"WebSite","@id":"https:\/\/zero-gravite.ca\/en\/#website","url":"https:\/\/zero-gravite.ca\/en\/","name":"Z\u00e9ro Gravit\u00e9","description":"Escalade et yoga au coeur de Montr\u00e9al","publisher":{"@id":"https:\/\/zero-gravite.ca\/en\/#organization"},"potentialAction":[{"@type":"SearchAction","target":{"@type":"EntryPoint","urlTemplate":"https:\/\/zero-gravite.ca\/en\/?s={search_term_string}"},"query-input":"required name=search_term_string"}],"inLanguage":"en-US"},{"@type":"Organization","@id":"https:\/\/zero-gravite.ca\/en\/#organization","name":"Z\u00e9ro Gravit\u00e9 escalade & yoga","url":"https:\/\/zero-gravite.ca\/en\/","logo":{"@type":"ImageObject","inLanguage":"en-US","@id":"https:\/\/zero-gravite.ca\/en\/#\/schema\/logo\/image\/","url":"https:\/\/zero-gravite.ca\/wp-content\/uploads\/2022\/02\/ZG_Logo_Classic_CMYK.png","contentUrl":"https:\/\/zero-gravite.ca\/wp-content\/uploads\/2022\/02\/ZG_Logo_Classic_CMYK.png","width":1777,"height":1600,"caption":"Z\u00e9ro Gravit\u00e9 escalade & yoga"},"image":{"@id":"https:\/\/zero-gravite.ca\/en\/#\/schema\/logo\/image\/"},"sameAs":["https:\/\/www.facebook.com\/0gravite","https:\/\/www.instagram.com\/zero.gravite"]}]}},"publishpress_future_action":{"enabled":false,"date":"2026-05-01 06:40:33","action":"change-status","newStatus":"draft","terms":[],"taxonomy":"translation_priority"},"_links":{"self":[{"href":"https:\/\/zero-gravite.ca\/en\/wp-json\/wp\/v2\/pages\/13408","targetHints":{"allow":["GET"]}}],"collection":[{"href":"https:\/\/zero-gravite.ca\/en\/wp-json\/wp\/v2\/pages"}],"about":[{"href":"https:\/\/zero-gravite.ca\/en\/wp-json\/wp\/v2\/types\/page"}],"author":[{"embeddable":true,"href":"https:\/\/zero-gravite.ca\/en\/wp-json\/wp\/v2\/users\/1"}],"replies":[{"embeddable":true,"href":"https:\/\/zero-gravite.ca\/en\/wp-json\/wp\/v2\/comments?post=13408"}],"version-history":[{"count":21,"href":"https:\/\/zero-gravite.ca\/en\/wp-json\/wp\/v2\/pages\/13408\/revisions"}],"predecessor-version":[{"id":21042,"href":"https:\/\/zero-gravite.ca\/en\/wp-json\/wp\/v2\/pages\/13408\/revisions\/21042"}],"wp:attachment":[{"href":"https:\/\/zero-gravite.ca\/en\/wp-json\/wp\/v2\/media?parent=13408"}],"curies":[{"name":"wp","href":"https:\/\/api.w.org\/{rel}","templated":true}]}}