{"id":14070,"date":"2023-11-11T16:49:02","date_gmt":"2023-11-11T21:49:02","guid":{"rendered":"https:\/\/zero-gravite.ca\/?page_id=14070"},"modified":"2024-07-10T14:26:56","modified_gmt":"2024-07-10T18:26:56","slug":"find-a-belay-partner","status":"publish","type":"page","link":"https:\/\/zero-gravite.ca\/en\/climbing\/find-a-belay-partner\/","title":{"rendered":"Find a Belay Partner"},"content":{"rendered":"\t\t<div data-elementor-type=\"wp-page\" data-elementor-id=\"14070\" class=\"elementor elementor-14070\" data-elementor-post-type=\"page\">\n\t\t\t\t\t\t<section class=\"elementor-section elementor-top-section elementor-element elementor-element-e8fefa8 elementor-section-full_width elementor-section-height-default elementor-section-height-default\" data-id=\"e8fefa8\" data-element_type=\"section\" data-settings=\"{&quot;background_background&quot;:&quot;classic&quot;}\">\n\t\t\t\t\t\t\t<div class=\"elementor-background-overlay\"><\/div>\n\t\t\t\t\t\t\t<div class=\"elementor-container elementor-column-gap-default\">\n\t\t\t\t\t<div class=\"elementor-column elementor-col-100 elementor-top-column elementor-element elementor-element-e529ce7\" data-id=\"e529ce7\" data-element_type=\"column\">\n\t\t\t<div class=\"elementor-widget-wrap elementor-element-populated\">\n\t\t\t\t\t\t<div class=\"elementor-element elementor-element-5ab2e0a elementor-widget elementor-widget-heading\" data-id=\"5ab2e0a\" data-element_type=\"widget\" data-widget_type=\"heading.default\">\n\t\t\t\t<div class=\"elementor-widget-container\">\n\t\t\t<h1 class=\"elementor-heading-title elementor-size-default\">Find a belay partner<\/h1>\t\t<\/div>\n\t\t\t\t<\/div>\n\t\t\t\t\t<\/div>\n\t\t<\/div>\n\t\t\t\t\t<\/div>\n\t\t<\/section>\n\t\t\t\t<section class=\"elementor-section elementor-top-section elementor-element elementor-element-74f77ac6 elementor-section-boxed elementor-section-height-default elementor-section-height-default\" data-id=\"74f77ac6\" data-element_type=\"section\">\n\t\t\t\t\t\t<div class=\"elementor-container elementor-column-gap-default\">\n\t\t\t\t\t<div class=\"elementor-column elementor-col-100 elementor-top-column elementor-element elementor-element-2a0ae00e\" data-id=\"2a0ae00e\" data-element_type=\"column\">\n\t\t\t<div class=\"elementor-widget-wrap elementor-element-populated\">\n\t\t\t\t\t\t<div class=\"elementor-element elementor-element-39c6ed8c elementor-widget elementor-widget-text-editor\" data-id=\"39c6ed8c\" data-element_type=\"widget\" data-widget_type=\"text-editor.default\">\n\t\t\t\t<div class=\"elementor-widget-container\">\n\t\t\t\t\t\t\t<p><span style=\"font-style: inherit; font-weight: inherit; color: var( --e-global-color-text );\">Finding a reliable belay partner is crucial for your climbing experience. Whether you&#8217;re new to the gym or a seasoned climber looking for new friends to climb with, look no further than the <strong>Facebook Group <a href=\"https:\/\/www.facebook.com\/groups\/1405796982989379\"><em>Communaut\u00e9 Z\u00e9ro Gravit\u00e9<\/em><\/a><\/strong> to help you connect with fellow climbers and make your climbing journey more enjoyable and social.<\/span><\/p>\t\t\t\t\t\t<\/div>\n\t\t\t\t<\/div>\n\t\t\t\t<div class=\"elementor-element elementor-element-045c485 elementor-position-left elementor-view-default elementor-mobile-position-top elementor-vertical-align-top elementor-widget elementor-widget-icon-box\" data-id=\"045c485\" data-element_type=\"widget\" data-widget_type=\"icon-box.default\">\n\t\t\t\t<div class=\"elementor-widget-container\">\n\t\t\t\t\t<div class=\"elementor-icon-box-wrapper\">\n\n\t\t\t\t\t\t<div class=\"elementor-icon-box-icon\">\n\t\t\t\t<a href=\"https:\/\/www.facebook.com\/groups\/1405796982989379\/\" class=\"elementor-icon elementor-animation-\" tabindex=\"-1\">\n\t\t\t\t<i aria-hidden=\"true\" class=\"fab fa-facebook\"><\/i>\t\t\t\t<\/a>\n\t\t\t<\/div>\n\t\t\t\n\t\t\t\t\t\t<div class=\"elementor-icon-box-content\">\n\n\t\t\t\t\t\t\t\t\t<h3 class=\"elementor-icon-box-title\">\n\t\t\t\t\t\t<a href=\"https:\/\/www.facebook.com\/groups\/1405796982989379\/\" >\n\t\t\t\t\t\t\tJoin Communaut\u00e9 Z\u00e9ro Gravit\u00e9 on facebook\t\t\t\t\t\t<\/a>\n\t\t\t\t\t<\/h3>\n\t\t\t\t\n\t\t\t\t\t\t\t\t\t<p class=\"elementor-icon-box-description\">\n\t\t\t\t\t\tFinding a reliable belay partner is crucial for your climbing experience. Whether you're new to the gym or a seasoned climber looking for new friends to climb with, look no further than the Facebook Group Communaut\u00e9 Z\u00e9ro Gravit\u00e9 to help you connect with fellow climbers and make your climbing journey more enjoyable and social.\t\t\t\t\t<\/p>\n\t\t\t\t\n\t\t\t<\/div>\n\t\t\t\n\t\t<\/div>\n\t\t\t\t<\/div>\n\t\t\t\t<\/div>\n\t\t\t\t<div class=\"elementor-element elementor-element-b9f163d elementor-align-center elementor-widget elementor-widget-button\" data-id=\"b9f163d\" data-element_type=\"widget\" data-widget_type=\"button.default\">\n\t\t\t\t<div class=\"elementor-widget-container\">\n\t\t\t\t\t<div class=\"elementor-button-wrapper\">\n\t\t\t<a class=\"elementor-button elementor-button-link elementor-size-sm\" href=\"#\">\n\t\t\t\t\t\t<span class=\"elementor-button-content-wrapper\">\n\t\t\t\t\t\t\t\t\t<span class=\"elementor-button-text\">Join Communaut\u00e9 Z\u00e9ro Gravit\u00e9<\/span>\n\t\t\t\t\t<\/span>\n\t\t\t\t\t<\/a>\n\t\t<\/div>\n\t\t\t\t<\/div>\n\t\t\t\t<\/div>\n\t\t\t\t<section class=\"elementor-section elementor-inner-section elementor-element elementor-element-5fcb2c5 elementor-section-boxed elementor-section-height-default elementor-section-height-default\" data-id=\"5fcb2c5\" data-element_type=\"section\">\n\t\t\t\t\t\t<div class=\"elementor-container elementor-column-gap-default\">\n\t\t\t\t\t<div class=\"elementor-column elementor-col-50 elementor-inner-column elementor-element elementor-element-33e49d4\" data-id=\"33e49d4\" data-element_type=\"column\">\n\t\t\t<div class=\"elementor-widget-wrap elementor-element-populated\">\n\t\t\t\t\t\t<div class=\"elementor-element elementor-element-1c05fc6 elementor-widget elementor-widget-image\" data-id=\"1c05fc6\" data-element_type=\"widget\" data-widget_type=\"image.default\">\n\t\t\t\t<div class=\"elementor-widget-container\">\n\t\t\t\t\t\t\t\t\t\t\t\t\t<img fetchpriority=\"high\" decoding=\"async\" width=\"1024\" height=\"791\" src=\"https:\/\/zero-gravite.ca\/wp-content\/uploads\/2023\/11\/Untitled-design-4-1024x791.png\" class=\"attachment-large size-large wp-image-14084\" alt=\"\" srcset=\"https:\/\/zero-gravite.ca\/wp-content\/uploads\/2023\/11\/Untitled-design-4-1024x791.png 1024w, https:\/\/zero-gravite.ca\/wp-content\/uploads\/2023\/11\/Untitled-design-4-300x232.png 300w, https:\/\/zero-gravite.ca\/wp-content\/uploads\/2023\/11\/Untitled-design-4-768x593.png 768w, https:\/\/zero-gravite.ca\/wp-content\/uploads\/2023\/11\/Untitled-design-4-1536x1187.png 1536w, https:\/\/zero-gravite.ca\/wp-content\/uploads\/2023\/11\/Untitled-design-4.png 1650w\" sizes=\"(max-width: 1024px) 100vw, 1024px\" \/>\t\t\t\t\t\t\t\t\t\t\t\t\t<\/div>\n\t\t\t\t<\/div>\n\t\t\t\t<div class=\"elementor-element elementor-element-aa3e43a elementor-widget elementor-widget-image\" data-id=\"aa3e43a\" data-element_type=\"widget\" data-widget_type=\"image.default\">\n\t\t\t\t<div class=\"elementor-widget-container\">\n\t\t\t\t\t\t\t\t\t\t\t\t\t<img decoding=\"async\" width=\"1024\" height=\"791\" src=\"https:\/\/zero-gravite.ca\/wp-content\/uploads\/2023\/11\/Untitled-design-5-1024x791.png\" class=\"attachment-large size-large wp-image-14086\" alt=\"\" srcset=\"https:\/\/zero-gravite.ca\/wp-content\/uploads\/2023\/11\/Untitled-design-5-1024x791.png 1024w, https:\/\/zero-gravite.ca\/wp-content\/uploads\/2023\/11\/Untitled-design-5-300x232.png 300w, https:\/\/zero-gravite.ca\/wp-content\/uploads\/2023\/11\/Untitled-design-5-768x593.png 768w, https:\/\/zero-gravite.ca\/wp-content\/uploads\/2023\/11\/Untitled-design-5-1536x1187.png 1536w, https:\/\/zero-gravite.ca\/wp-content\/uploads\/2023\/11\/Untitled-design-5.png 1650w\" sizes=\"(max-width: 1024px) 100vw, 1024px\" \/>\t\t\t\t\t\t\t\t\t\t\t\t\t<\/div>\n\t\t\t\t<\/div>\n\t\t\t\t<div class=\"elementor-element elementor-element-adf7f91 elementor-widget elementor-widget-image\" data-id=\"adf7f91\" data-element_type=\"widget\" data-widget_type=\"image.default\">\n\t\t\t\t<div class=\"elementor-widget-container\">\n\t\t\t\t\t\t\t\t\t\t\t\t\t<img decoding=\"async\" width=\"1024\" height=\"791\" src=\"https:\/\/zero-gravite.ca\/wp-content\/uploads\/2023\/11\/Untitled-design-6-1024x791.png\" class=\"attachment-large size-large wp-image-14094\" alt=\"\" srcset=\"https:\/\/zero-gravite.ca\/wp-content\/uploads\/2023\/11\/Untitled-design-6-1024x791.png 1024w, https:\/\/zero-gravite.ca\/wp-content\/uploads\/2023\/11\/Untitled-design-6-300x232.png 300w, https:\/\/zero-gravite.ca\/wp-content\/uploads\/2023\/11\/Untitled-design-6-768x593.png 768w, https:\/\/zero-gravite.ca\/wp-content\/uploads\/2023\/11\/Untitled-design-6-1536x1187.png 1536w, https:\/\/zero-gravite.ca\/wp-content\/uploads\/2023\/11\/Untitled-design-6.png 1650w\" sizes=\"(max-width: 1024px) 100vw, 1024px\" \/>\t\t\t\t\t\t\t\t\t\t\t\t\t<\/div>\n\t\t\t\t<\/div>\n\t\t\t\t\t<\/div>\n\t\t<\/div>\n\t\t\t\t<div class=\"elementor-column elementor-col-50 elementor-inner-column elementor-element elementor-element-269b618\" data-id=\"269b618\" data-element_type=\"column\">\n\t\t\t<div class=\"elementor-widget-wrap elementor-element-populated\">\n\t\t\t\t\t\t<div class=\"elementor-element elementor-element-50f7cfa elementor-widget elementor-widget-heading\" data-id=\"50f7cfa\" data-element_type=\"widget\" data-widget_type=\"heading.default\">\n\t\t\t\t<div class=\"elementor-widget-container\">\n\t\t\t<h4 class=\"elementor-heading-title elementor-size-default\">What is <i>Communaut\u00e9 Z\u00e9ro Gravit\u00e9<\/i>?<\/h4>\t\t<\/div>\n\t\t\t\t<\/div>\n\t\t\t\t<div class=\"elementor-element elementor-element-ac86980 elementor-widget elementor-widget-text-editor\" data-id=\"ac86980\" data-element_type=\"widget\" data-widget_type=\"text-editor.default\">\n\t\t\t\t<div class=\"elementor-widget-container\">\n\t\t\t\t\t\t\t<p><em><a href=\"https:\/\/www.facebook.com\/groups\/1405796982989379\/\">Communaut\u00e9 Z\u00e9ro Gravit\u00e9<\/a><\/em> is a vibrant online community where climbers like you can find the belay partners you need. It&#8217;s a place to post and respond to messages like:<\/p><ul><li>&#8220;Looking for a partner Monday night for lead climbing.&#8221;<\/li><li>&#8220;Anyone up for top-rope climbing on Saturday morning?&#8221;<\/li><li>&#8220;Seeking experienced partner for weekly climbing\/training.&#8221;<\/li><\/ul>\t\t\t\t\t\t<\/div>\n\t\t\t\t<\/div>\n\t\t\t\t<div class=\"elementor-element elementor-element-5c0da2e elementor-widget elementor-widget-heading\" data-id=\"5c0da2e\" data-element_type=\"widget\" data-widget_type=\"heading.default\">\n\t\t\t\t<div class=\"elementor-widget-container\">\n\t\t\t<h4 class=\"elementor-heading-title elementor-size-default\">Why Join <i>Communaut\u00e9 Z\u00e9ro Gravit\u00e9<\/i><\/h4>\t\t<\/div>\n\t\t\t\t<\/div>\n\t\t\t\t<div class=\"elementor-element elementor-element-61fe511 elementor-widget elementor-widget-text-editor\" data-id=\"61fe511\" data-element_type=\"widget\" data-widget_type=\"text-editor.default\">\n\t\t\t\t<div class=\"elementor-widget-container\">\n\t\t\t\t\t\t\t<ul><li><strong>Connect with a Diverse Community:<\/strong> Our Facebook Group is a melting pot of climbers of all skill levels and backgrounds. You can easily find someone who matches your climbing style and preferences.<\/li><li><strong>Build Friendships:<\/strong> Climbing is not just a sport; it&#8217;s a social activity. <em>Communaut\u00e9 Z\u00e9ro Gravit\u00e9<\/em> is an excellent place to meet like-minded individuals, make friends, and enjoy the gym experience to the fullest.<\/li><li><strong>Flexible Scheduling:<\/strong> Whether you&#8217;re a weekend warrior or a weekday climber, you can post your availability and find someone who matches your schedule.<\/li><\/ul>\t\t\t\t\t\t<\/div>\n\t\t\t\t<\/div>\n\t\t\t\t<div class=\"elementor-element elementor-element-07240ba elementor-widget elementor-widget-heading\" data-id=\"07240ba\" data-element_type=\"widget\" data-widget_type=\"heading.default\">\n\t\t\t\t<div class=\"elementor-widget-container\">\n\t\t\t<h4 class=\"elementor-heading-title elementor-size-default\">How to Join<\/h4>\t\t<\/div>\n\t\t\t\t<\/div>\n\t\t\t\t<div class=\"elementor-element elementor-element-5a8ccfb elementor-widget elementor-widget-text-editor\" data-id=\"5a8ccfb\" data-element_type=\"widget\" data-widget_type=\"text-editor.default\">\n\t\t\t\t<div class=\"elementor-widget-container\">\n\t\t\t\t\t\t\t<ol><li>Visit <em><a href=\"https:\/\/www.facebook.com\/groups\/1405796982989379\/\">Communaut\u00e9 Z\u00e9ro Gravit\u00e9<\/a><\/em> on Facebook by clicking <a href=\"https:\/\/www.facebook.com\/groups\/1405796982989379\/\">here<\/a>.<\/li><li>Request to join the group, and our admins will approve your membership (some basic verification questions might be asked to filter spam accounts).<\/li><li>Start posting and responding to messages to connect with potential belay partners:<ul><li><em>&#8220;Looking for a partner Monday night for lead climbing.&#8221;<\/em><\/li><li><em>&#8220;Anyone up for top-rope climbing on Saturday morning?&#8221;<\/em><\/li><li><em>&#8220;Seeking experienced partner for weekly climbing\/training.&#8221;<\/em><\/li><\/ul><\/li><\/ol>\t\t\t\t\t\t<\/div>\n\t\t\t\t<\/div>\n\t\t\t\t<div class=\"elementor-element elementor-element-24675b0 elementor-widget elementor-widget-heading\" data-id=\"24675b0\" data-element_type=\"widget\" data-widget_type=\"heading.default\">\n\t\t\t\t<div class=\"elementor-widget-container\">\n\t\t\t<h4 class=\"elementor-heading-title elementor-size-default\">A Few Tips for Successful Partnering<\/h4>\t\t<\/div>\n\t\t\t\t<\/div>\n\t\t\t\t<div class=\"elementor-element elementor-element-fbeb3cd elementor-widget elementor-widget-text-editor\" data-id=\"fbeb3cd\" data-element_type=\"widget\" data-widget_type=\"text-editor.default\">\n\t\t\t\t<div class=\"elementor-widget-container\">\n\t\t\t\t\t\t\t<ul><li>Communicate your experience level and climbing goals clearly.<\/li><li>Respect safety guidelines and always do your partner-check before climbing.<\/li><li>Get to know your potential partner a bit before hitting the walls to ensure compatibility.<\/li><\/ul>\t\t\t\t\t\t<\/div>\n\t\t\t\t<\/div>\n\t\t\t\t<div class=\"elementor-element elementor-element-731e51b elementor-widget elementor-widget-text-editor\" data-id=\"731e51b\" data-element_type=\"widget\" data-widget_type=\"text-editor.default\">\n\t\t\t\t<div class=\"elementor-widget-container\">\n\t\t\t\t\t\t\t<p>We want you to have a fantastic time at Z\u00e9ro Gravit\u00e9. By joining <a href=\"https:\/\/www.facebook.com\/groups\/1405796982989379\/\"><em>Communaut\u00e9 Z\u00e9ro Gravit\u00e9<\/em><\/a> you&#8217;ll not only find a belay partner but also become part of a welcoming and supportive climbing community.<\/p><p>Let&#8217;s climb to new heights together! <a href=\"https:\/\/www.facebook.com\/groups\/1405796982989379\/\">Join the Facebook Group<\/a> today and start your journey towards finding the perfect belay partner.<\/p>\t\t\t\t\t\t<\/div>\n\t\t\t\t<\/div>\n\t\t\t\t\t<\/div>\n\t\t<\/div>\n\t\t\t\t\t<\/div>\n\t\t<\/section>\n\t\t\t\t\t<\/div>\n\t\t<\/div>\n\t\t\t\t\t<\/div>\n\t\t<\/section>\n\t\t\t\t<\/div>\n\t\t","protected":false},"excerpt":{"rendered":"<p>Find a belay partner Finding a reliable belay partner is crucial for your climbing experience. Whether you&#8217;re new to the gym or a seasoned climber looking for new friends to &hellip;<\/p>\n<p class=\"read-more\"> <a class=\"\" href=\"https:\/\/zero-gravite.ca\/en\/climbing\/find-a-belay-partner\/\"> <span class=\"screen-reader-text\">Find a Belay Partner<\/span> Read More &raquo;<\/a><\/p>\n","protected":false},"author":1,"featured_media":0,"parent":3460,"menu_order":0,"comment_status":"closed","ping_status":"closed","template":"elementor_header_footer","meta":{"_mo_disable_npp":"","site-sidebar-layout":"default","site-content-layout":"default","ast-global-header-display":"","ast-main-header-display":"","ast-hfb-above-header-display":"","ast-hfb-below-header-display":"","ast-hfb-mobile-header-display":"","site-post-title":"","ast-breadcrumbs-content":"","ast-featured-img":"","footer-sml-layout":"","theme-transparent-header-meta":"","adv-header-id-meta":"","stick-header-meta":"","header-above-stick-meta":"","header-main-stick-meta":"","header-below-stick-meta":"","_EventAllDay":false,"_EventTimezone":"","_EventStartDate":"","_EventEndDate":"","_EventStartDateUTC":"","_EventEndDateUTC":"","_EventShowMap":false,"_EventShowMapLink":false,"_EventURL":"","_EventCost":"","_EventCostDescription":"","_EventCurrencySymbol":"","_EventCurrencyCode":"","_EventCurrencyPosition":"","_EventDateTimeSeparator":"","_EventTimeRangeSeparator":"","_EventOrganizerID":[],"_EventVenueID":[],"_OrganizerEmail":"","_OrganizerPhone":"","_OrganizerWebsite":"","_VenueAddress":"","_VenueCity":"","_VenueCountry":"","_VenueProvince":"","_VenueState":"","_VenueZip":"","_VenuePhone":"","_VenueURL":"","_VenueStateProvince":"","_VenueLat":"","_VenueLng":"","_VenueShowMap":false,"_VenueShowMapLink":false,"footnotes":""},"class_list":["post-14070","page","type-page","status-publish","hentry"],"yoast_head":"<!-- This site is optimized with the Yoast SEO plugin v22.7 - https:\/\/yoast.com\/wordpress\/plugins\/seo\/ -->\n<title>Find a Belay Partner | Z\u00e9ro Gravit\u00e9<\/title>\n<meta name=\"robots\" content=\"index, follow, max-snippet:-1, max-image-preview:large, max-video-preview:-1\" \/>\n<link rel=\"canonical\" href=\"https:\/\/zero-gravite.ca\/en\/climbing\/find-a-belay-partner\/\" \/>\n<meta property=\"og:locale\" content=\"en_US\" \/>\n<meta property=\"og:type\" content=\"article\" \/>\n<meta property=\"og:title\" content=\"Find a Belay Partner | Z\u00e9ro Gravit\u00e9\" \/>\n<meta property=\"og:description\" content=\"Find a belay partner Finding a reliable belay partner is crucial for your climbing experience. Whether you&#8217;re new to the gym or a seasoned climber looking for new friends to &hellip; Find a Belay Partner Read More &raquo;\" \/>\n<meta property=\"og:url\" content=\"https:\/\/zero-gravite.ca\/en\/climbing\/find-a-belay-partner\/\" \/>\n<meta property=\"og:site_name\" content=\"Z\u00e9ro Gravit\u00e9\" \/>\n<meta property=\"article:publisher\" content=\"https:\/\/www.facebook.com\/0gravite\" \/>\n<meta property=\"article:modified_time\" content=\"2024-07-10T18:26:56+00:00\" \/>\n<meta property=\"og:image\" content=\"https:\/\/zero-gravite.ca\/wp-content\/uploads\/2023\/11\/Untitled-design-4-1024x791.png\" \/>\n<meta name=\"twitter:card\" content=\"summary_large_image\" \/>\n<meta name=\"twitter:label1\" content=\"Est. reading time\" \/>\n\t<meta name=\"twitter:data1\" content=\"2 minutes\" \/>\n<script type=\"application\/ld+json\" class=\"yoast-schema-graph\">{\"@context\":\"https:\/\/schema.org\",\"@graph\":[{\"@type\":\"WebPage\",\"@id\":\"https:\/\/zero-gravite.ca\/en\/climbing\/find-a-belay-partner\/\",\"url\":\"https:\/\/zero-gravite.ca\/en\/climbing\/find-a-belay-partner\/\",\"name\":\"Find a Belay Partner | Z\u00e9ro Gravit\u00e9\",\"isPartOf\":{\"@id\":\"https:\/\/zero-gravite.ca\/en\/#website\"},\"primaryImageOfPage\":{\"@id\":\"https:\/\/zero-gravite.ca\/en\/climbing\/find-a-belay-partner\/#primaryimage\"},\"image\":{\"@id\":\"https:\/\/zero-gravite.ca\/en\/climbing\/find-a-belay-partner\/#primaryimage\"},\"thumbnailUrl\":\"https:\/\/zero-gravite.ca\/wp-content\/uploads\/2023\/11\/Untitled-design-4-1024x791.png\",\"datePublished\":\"2023-11-11T21:49:02+00:00\",\"dateModified\":\"2024-07-10T18:26:56+00:00\",\"breadcrumb\":{\"@id\":\"https:\/\/zero-gravite.ca\/en\/climbing\/find-a-belay-partner\/#breadcrumb\"},\"inLanguage\":\"en-US\",\"potentialAction\":[{\"@type\":\"ReadAction\",\"target\":[\"https:\/\/zero-gravite.ca\/en\/climbing\/find-a-belay-partner\/\"]}]},{\"@type\":\"ImageObject\",\"inLanguage\":\"en-US\",\"@id\":\"https:\/\/zero-gravite.ca\/en\/climbing\/find-a-belay-partner\/#primaryimage\",\"url\":\"https:\/\/zero-gravite.ca\/wp-content\/uploads\/2023\/11\/Untitled-design-4-1024x791.png\",\"contentUrl\":\"https:\/\/zero-gravite.ca\/wp-content\/uploads\/2023\/11\/Untitled-design-4-1024x791.png\"},{\"@type\":\"BreadcrumbList\",\"@id\":\"https:\/\/zero-gravite.ca\/en\/climbing\/find-a-belay-partner\/#breadcrumb\",\"itemListElement\":[{\"@type\":\"ListItem\",\"position\":1,\"name\":\"Accueil\",\"item\":\"https:\/\/zero-gravite.ca\/en\/\"},{\"@type\":\"ListItem\",\"position\":2,\"name\":\"Climbing\",\"item\":\"https:\/\/zero-gravite.ca\/en\/escalade\/\"},{\"@type\":\"ListItem\",\"position\":3,\"name\":\"Find a Belay Partner\"}]},{\"@type\":\"WebSite\",\"@id\":\"https:\/\/zero-gravite.ca\/en\/#website\",\"url\":\"https:\/\/zero-gravite.ca\/en\/\",\"name\":\"Z\u00e9ro Gravit\u00e9\",\"description\":\"Escalade et yoga au coeur de Montr\u00e9al\",\"publisher\":{\"@id\":\"https:\/\/zero-gravite.ca\/en\/#organization\"},\"potentialAction\":[{\"@type\":\"SearchAction\",\"target\":{\"@type\":\"EntryPoint\",\"urlTemplate\":\"https:\/\/zero-gravite.ca\/en\/?s={search_term_string}\"},\"query-input\":\"required name=search_term_string\"}],\"inLanguage\":\"en-US\"},{\"@type\":\"Organization\",\"@id\":\"https:\/\/zero-gravite.ca\/en\/#organization\",\"name\":\"Z\u00e9ro Gravit\u00e9 escalade & yoga\",\"url\":\"https:\/\/zero-gravite.ca\/en\/\",\"logo\":{\"@type\":\"ImageObject\",\"inLanguage\":\"en-US\",\"@id\":\"https:\/\/zero-gravite.ca\/en\/#\/schema\/logo\/image\/\",\"url\":\"https:\/\/zero-gravite.ca\/wp-content\/uploads\/2022\/02\/ZG_Logo_Classic_CMYK.png\",\"contentUrl\":\"https:\/\/zero-gravite.ca\/wp-content\/uploads\/2022\/02\/ZG_Logo_Classic_CMYK.png\",\"width\":1777,\"height\":1600,\"caption\":\"Z\u00e9ro Gravit\u00e9 escalade & yoga\"},\"image\":{\"@id\":\"https:\/\/zero-gravite.ca\/en\/#\/schema\/logo\/image\/\"},\"sameAs\":[\"https:\/\/www.facebook.com\/0gravite\",\"https:\/\/www.instagram.com\/zero.gravite\"]}]}<\/script>\n<!-- \/ Yoast SEO plugin. -->","yoast_head_json":{"title":"Find a Belay Partner | Z\u00e9ro Gravit\u00e9","robots":{"index":"index","follow":"follow","max-snippet":"max-snippet:-1","max-image-preview":"max-image-preview:large","max-video-preview":"max-video-preview:-1"},"canonical":"https:\/\/zero-gravite.ca\/en\/climbing\/find-a-belay-partner\/","og_locale":"en_US","og_type":"article","og_title":"Find a Belay Partner | Z\u00e9ro Gravit\u00e9","og_description":"Find a belay partner Finding a reliable belay partner is crucial for your climbing experience. Whether you&#8217;re new to the gym or a seasoned climber looking for new friends to &hellip; Find a Belay Partner Read More &raquo;","og_url":"https:\/\/zero-gravite.ca\/en\/climbing\/find-a-belay-partner\/","og_site_name":"Z\u00e9ro Gravit\u00e9","article_publisher":"https:\/\/www.facebook.com\/0gravite","article_modified_time":"2024-07-10T18:26:56+00:00","og_image":[{"url":"https:\/\/zero-gravite.ca\/wp-content\/uploads\/2023\/11\/Untitled-design-4-1024x791.png"}],"twitter_card":"summary_large_image","twitter_misc":{"Est. reading time":"2 minutes"},"schema":{"@context":"https:\/\/schema.org","@graph":[{"@type":"WebPage","@id":"https:\/\/zero-gravite.ca\/en\/climbing\/find-a-belay-partner\/","url":"https:\/\/zero-gravite.ca\/en\/climbing\/find-a-belay-partner\/","name":"Find a Belay Partner | Z\u00e9ro Gravit\u00e9","isPartOf":{"@id":"https:\/\/zero-gravite.ca\/en\/#website"},"primaryImageOfPage":{"@id":"https:\/\/zero-gravite.ca\/en\/climbing\/find-a-belay-partner\/#primaryimage"},"image":{"@id":"https:\/\/zero-gravite.ca\/en\/climbing\/find-a-belay-partner\/#primaryimage"},"thumbnailUrl":"https:\/\/zero-gravite.ca\/wp-content\/uploads\/2023\/11\/Untitled-design-4-1024x791.png","datePublished":"2023-11-11T21:49:02+00:00","dateModified":"2024-07-10T18:26:56+00:00","breadcrumb":{"@id":"https:\/\/zero-gravite.ca\/en\/climbing\/find-a-belay-partner\/#breadcrumb"},"inLanguage":"en-US","potentialAction":[{"@type":"ReadAction","target":["https:\/\/zero-gravite.ca\/en\/climbing\/find-a-belay-partner\/"]}]},{"@type":"ImageObject","inLanguage":"en-US","@id":"https:\/\/zero-gravite.ca\/en\/climbing\/find-a-belay-partner\/#primaryimage","url":"https:\/\/zero-gravite.ca\/wp-content\/uploads\/2023\/11\/Untitled-design-4-1024x791.png","contentUrl":"https:\/\/zero-gravite.ca\/wp-content\/uploads\/2023\/11\/Untitled-design-4-1024x791.png"},{"@type":"BreadcrumbList","@id":"https:\/\/zero-gravite.ca\/en\/climbing\/find-a-belay-partner\/#breadcrumb","itemListElement":[{"@type":"ListItem","position":1,"name":"Accueil","item":"https:\/\/zero-gravite.ca\/en\/"},{"@type":"ListItem","position":2,"name":"Climbing","item":"https:\/\/zero-gravite.ca\/en\/escalade\/"},{"@type":"ListItem","position":3,"name":"Find a Belay Partner"}]},{"@type":"WebSite","@id":"https:\/\/zero-gravite.ca\/en\/#website","url":"https:\/\/zero-gravite.ca\/en\/","name":"Z\u00e9ro Gravit\u00e9","description":"Escalade et yoga au coeur de Montr\u00e9al","publisher":{"@id":"https:\/\/zero-gravite.ca\/en\/#organization"},"potentialAction":[{"@type":"SearchAction","target":{"@type":"EntryPoint","urlTemplate":"https:\/\/zero-gravite.ca\/en\/?s={search_term_string}"},"query-input":"required name=search_term_string"}],"inLanguage":"en-US"},{"@type":"Organization","@id":"https:\/\/zero-gravite.ca\/en\/#organization","name":"Z\u00e9ro Gravit\u00e9 escalade & yoga","url":"https:\/\/zero-gravite.ca\/en\/","logo":{"@type":"ImageObject","inLanguage":"en-US","@id":"https:\/\/zero-gravite.ca\/en\/#\/schema\/logo\/image\/","url":"https:\/\/zero-gravite.ca\/wp-content\/uploads\/2022\/02\/ZG_Logo_Classic_CMYK.png","contentUrl":"https:\/\/zero-gravite.ca\/wp-content\/uploads\/2022\/02\/ZG_Logo_Classic_CMYK.png","width":1777,"height":1600,"caption":"Z\u00e9ro Gravit\u00e9 escalade & yoga"},"image":{"@id":"https:\/\/zero-gravite.ca\/en\/#\/schema\/logo\/image\/"},"sameAs":["https:\/\/www.facebook.com\/0gravite","https:\/\/www.instagram.com\/zero.gravite"]}]}},"publishpress_future_action":{"enabled":false,"date":"2026-05-06 17:49:42","action":"change-status","newStatus":"draft","terms":[],"taxonomy":"translation_priority"},"_links":{"self":[{"href":"https:\/\/zero-gravite.ca\/en\/wp-json\/wp\/v2\/pages\/14070","targetHints":{"allow":["GET"]}}],"collection":[{"href":"https:\/\/zero-gravite.ca\/en\/wp-json\/wp\/v2\/pages"}],"about":[{"href":"https:\/\/zero-gravite.ca\/en\/wp-json\/wp\/v2\/types\/page"}],"author":[{"embeddable":true,"href":"https:\/\/zero-gravite.ca\/en\/wp-json\/wp\/v2\/users\/1"}],"replies":[{"embeddable":true,"href":"https:\/\/zero-gravite.ca\/en\/wp-json\/wp\/v2\/comments?post=14070"}],"version-history":[{"count":28,"href":"https:\/\/zero-gravite.ca\/en\/wp-json\/wp\/v2\/pages\/14070\/revisions"}],"predecessor-version":[{"id":16638,"href":"https:\/\/zero-gravite.ca\/en\/wp-json\/wp\/v2\/pages\/14070\/revisions\/16638"}],"up":[{"embeddable":true,"href":"https:\/\/zero-gravite.ca\/en\/wp-json\/wp\/v2\/pages\/3460"}],"wp:attachment":[{"href":"https:\/\/zero-gravite.ca\/en\/wp-json\/wp\/v2\/media?parent=14070"}],"curies":[{"name":"wp","href":"https:\/\/api.w.org\/{rel}","templated":true}]}}