{"id":15873,"date":"2024-06-07T15:37:51","date_gmt":"2024-06-07T19:37:51","guid":{"rendered":"https:\/\/zero-gravite.ca\/?page_id=15873"},"modified":"2024-06-12T10:06:29","modified_gmt":"2024-06-12T14:06:29","slug":"promotion-dete","status":"publish","type":"page","link":"https:\/\/zero-gravite.ca\/en\/promotion-dete\/","title":{"rendered":"Promotion d&#8217;\u00e9t\u00e9"},"content":{"rendered":"\t\t<div data-elementor-type=\"wp-page\" data-elementor-id=\"15873\" class=\"elementor elementor-15873\" data-elementor-post-type=\"page\">\n\t\t\t\t\t\t<section class=\"elementor-section elementor-top-section elementor-element elementor-element-bce900e elementor-section-boxed elementor-section-height-default elementor-section-height-default\" data-id=\"bce900e\" data-element_type=\"section\">\n\t\t\t\t\t\t<div class=\"elementor-container elementor-column-gap-default\">\n\t\t\t\t\t<div class=\"elementor-column elementor-col-100 elementor-top-column elementor-element elementor-element-5617865\" data-id=\"5617865\" data-element_type=\"column\">\n\t\t\t<div class=\"elementor-widget-wrap elementor-element-populated\">\n\t\t\t\t\t\t<div class=\"elementor-element elementor-element-d751d95 elementor-widget elementor-widget-heading\" data-id=\"d751d95\" data-element_type=\"widget\" data-widget_type=\"heading.default\">\n\t\t\t\t<div class=\"elementor-widget-container\">\n\t\t\t<h1 class=\"elementor-heading-title elementor-size-default\">Summer promotion <br> \nYour 3-month subscription at a gentle price!<\/h1>\t\t<\/div>\n\t\t\t\t<\/div>\n\t\t\t\t\t<\/div>\n\t\t<\/div>\n\t\t\t\t\t<\/div>\n\t\t<\/section>\n\t\t\t\t<section class=\"elementor-section elementor-top-section elementor-element elementor-element-925952d elementor-section-boxed elementor-section-height-default elementor-section-height-default\" data-id=\"925952d\" data-element_type=\"section\">\n\t\t\t\t\t\t<div class=\"elementor-container elementor-column-gap-default\">\n\t\t\t\t\t<div class=\"elementor-column elementor-col-50 elementor-top-column elementor-element elementor-element-5cb465d\" data-id=\"5cb465d\" data-element_type=\"column\">\n\t\t\t<div class=\"elementor-widget-wrap elementor-element-populated\">\n\t\t\t\t\t\t<div class=\"elementor-element elementor-element-02990a5 elementor-widget elementor-widget-image\" data-id=\"02990a5\" data-element_type=\"widget\" data-widget_type=\"image.default\">\n\t\t\t\t<div class=\"elementor-widget-container\">\n\t\t\t\t\t\t\t\t\t\t\t\t\t<img fetchpriority=\"high\" decoding=\"async\" width=\"1024\" height=\"1024\" src=\"https:\/\/zero-gravite.ca\/wp-content\/uploads\/2024\/06\/RICHARD_MARDENS-02481-2-e1717788862889-1024x1024.jpg\" class=\"attachment-large size-large wp-image-15876\" alt=\"\" srcset=\"https:\/\/zero-gravite.ca\/wp-content\/uploads\/2024\/06\/RICHARD_MARDENS-02481-2-e1717788862889-1024x1024.jpg 1024w, https:\/\/zero-gravite.ca\/wp-content\/uploads\/2024\/06\/RICHARD_MARDENS-02481-2-e1717788862889-300x300.jpg 300w, https:\/\/zero-gravite.ca\/wp-content\/uploads\/2024\/06\/RICHARD_MARDENS-02481-2-e1717788862889-150x150.jpg 150w, https:\/\/zero-gravite.ca\/wp-content\/uploads\/2024\/06\/RICHARD_MARDENS-02481-2-e1717788862889-768x768.jpg 768w, https:\/\/zero-gravite.ca\/wp-content\/uploads\/2024\/06\/RICHARD_MARDENS-02481-2-e1717788862889.jpg 1323w\" sizes=\"(max-width: 1024px) 100vw, 1024px\" \/>\t\t\t\t\t\t\t\t\t\t\t\t\t<\/div>\n\t\t\t\t<\/div>\n\t\t\t\t\t<\/div>\n\t\t<\/div>\n\t\t\t\t<div class=\"elementor-column elementor-col-50 elementor-top-column elementor-element elementor-element-925249e\" data-id=\"925249e\" data-element_type=\"column\">\n\t\t\t<div class=\"elementor-widget-wrap elementor-element-populated\">\n\t\t\t\t\t\t<div class=\"elementor-element elementor-element-19544b0 elementor-widget elementor-widget-image\" data-id=\"19544b0\" data-element_type=\"widget\" data-widget_type=\"image.default\">\n\t\t\t\t<div class=\"elementor-widget-container\">\n\t\t\t\t\t\t\t\t\t\t\t\t\t<img decoding=\"async\" src=\"https:\/\/zero-gravite.ca\/wp-content\/uploads\/2024\/06\/RICHARD_MARDENS-08216-crop.jpg\" title=\"\" alt=\"\" loading=\"lazy\" \/>\t\t\t\t\t\t\t\t\t\t\t\t\t<\/div>\n\t\t\t\t<\/div>\n\t\t\t\t\t<\/div>\n\t\t<\/div>\n\t\t\t\t\t<\/div>\n\t\t<\/section>\n\t\t\t\t<section class=\"elementor-section elementor-top-section elementor-element elementor-element-899683d elementor-section-boxed elementor-section-height-default elementor-section-height-default\" data-id=\"899683d\" data-element_type=\"section\">\n\t\t\t\t\t\t<div class=\"elementor-container elementor-column-gap-default\">\n\t\t\t\t\t<div class=\"elementor-column elementor-col-100 elementor-top-column elementor-element elementor-element-adaba2a\" data-id=\"adaba2a\" data-element_type=\"column\">\n\t\t\t<div class=\"elementor-widget-wrap elementor-element-populated\">\n\t\t\t\t\t\t<div class=\"elementor-element elementor-element-fee4588 elementor-widget elementor-widget-text-editor\" data-id=\"fee4588\" data-element_type=\"widget\" data-widget_type=\"text-editor.default\">\n\t\t\t\t<div class=\"elementor-widget-container\">\n\t\t\t\t\t\t\t<p>This summer, enjoy an unlimited subscription to Zero Gravity for only <strong>$215 + taxes!<\/strong> The subscription is valid until August 31.<\/p><p>A locker is also provided for the entire duration of your subscription!<\/p><p><em>* The offer starts on June 1st<br \/>* The subscription ends on August 31 regardless of the purchase date. Other promotions not applicable. The subscription cannot be paused.<\/em><\/p><p>The prepaid subscription provides unlimited access to the climbing gym, climbing wall, and yoga studio (including online classes on studiozg.ca).<br \/>The cost of climbing and yoga equipment rental is not included in the subscription price but is available for an additional $25\/month.<\/p>\t\t\t\t\t\t<\/div>\n\t\t\t\t<\/div>\n\t\t\t\t\t<\/div>\n\t\t<\/div>\n\t\t\t\t\t<\/div>\n\t\t<\/section>\n\t\t\t\t<section class=\"elementor-section elementor-top-section elementor-element elementor-element-c721afe elementor-section-boxed elementor-section-height-default elementor-section-height-default\" data-id=\"c721afe\" data-element_type=\"section\">\n\t\t\t\t\t\t<div class=\"elementor-container elementor-column-gap-default\">\n\t\t\t\t\t<div class=\"elementor-column elementor-col-100 elementor-top-column elementor-element elementor-element-0381a8c\" data-id=\"0381a8c\" data-element_type=\"column\">\n\t\t\t<div class=\"elementor-widget-wrap elementor-element-populated\">\n\t\t\t\t\t\t<div class=\"elementor-element elementor-element-6bf0919 elementor-align-center elementor-widget elementor-widget-button\" data-id=\"6bf0919\" data-element_type=\"widget\" data-widget_type=\"button.default\">\n\t\t\t\t<div class=\"elementor-widget-container\">\n\t\t\t\t\t<div class=\"elementor-button-wrapper\">\n\t\t\t<a class=\"elementor-button elementor-button-link elementor-size-sm\" href=\"https:\/\/app.rockgympro.com\/b\/widget\/?a=offering&#038;offering_guid=e81ca94f945e41f2a4bc04ca0c27545e&#038;random=665aa637a253a&#038;iframeid=&#038;mode=p\">\n\t\t\t\t\t\t<span class=\"elementor-button-content-wrapper\">\n\t\t\t\t\t\t\t\t\t<span class=\"elementor-button-text\">Subscribe now !<\/span>\n\t\t\t\t\t<\/span>\n\t\t\t\t\t<\/a>\n\t\t<\/div>\n\t\t\t\t<\/div>\n\t\t\t\t<\/div>\n\t\t\t\t\t<\/div>\n\t\t<\/div>\n\t\t\t\t\t<\/div>\n\t\t<\/section>\n\t\t\t\t<\/div>\n\t\t","protected":false},"excerpt":{"rendered":"<p>Summer promotion Your 3-month subscription at a gentle price! This summer, enjoy an unlimited subscription to Zero Gravity for only $215 + taxes! The subscription is valid until August 31. &hellip;<\/p>\n<p class=\"read-more\"> <a class=\"\" href=\"https:\/\/zero-gravite.ca\/en\/promotion-dete\/\"> <span class=\"screen-reader-text\">Promotion d&#8217;\u00e9t\u00e9<\/span> Read More &raquo;<\/a><\/p>\n","protected":false},"author":23,"featured_media":0,"parent":0,"menu_order":0,"comment_status":"closed","ping_status":"closed","template":"","meta":{"_mo_disable_npp":"","site-sidebar-layout":"no-sidebar","site-content-layout":"page-builder","ast-global-header-display":"","ast-main-header-display":"","ast-hfb-above-header-display":"","ast-hfb-below-header-display":"","ast-hfb-mobile-header-display":"","site-post-title":"disabled","ast-breadcrumbs-content":"","ast-featured-img":"disabled","footer-sml-layout":"","theme-transparent-header-meta":"","adv-header-id-meta":"","stick-header-meta":"","header-above-stick-meta":"","header-main-stick-meta":"","header-below-stick-meta":"","_EventAllDay":false,"_EventTimezone":"","_EventStartDate":"","_EventEndDate":"","_EventStartDateUTC":"","_EventEndDateUTC":"","_EventShowMap":false,"_EventShowMapLink":false,"_EventURL":"","_EventCost":"","_EventCostDescription":"","_EventCurrencySymbol":"","_EventCurrencyCode":"","_EventCurrencyPosition":"","_EventDateTimeSeparator":"","_EventTimeRangeSeparator":"","_EventOrganizerID":[],"_EventVenueID":[],"_OrganizerEmail":"","_OrganizerPhone":"","_OrganizerWebsite":"","_VenueAddress":"","_VenueCity":"","_VenueCountry":"","_VenueProvince":"","_VenueState":"","_VenueZip":"","_VenuePhone":"","_VenueURL":"","_VenueStateProvince":"","_VenueLat":"","_VenueLng":"","_VenueShowMap":false,"_VenueShowMapLink":false,"footnotes":""},"class_list":["post-15873","page","type-page","status-publish","hentry"],"yoast_head":"<!-- This site is optimized with the Yoast SEO plugin v22.7 - https:\/\/yoast.com\/wordpress\/plugins\/seo\/ -->\n<title>Promotion d&#039;\u00e9t\u00e9 | Z\u00e9ro Gravit\u00e9<\/title>\n<meta name=\"description\" content=\"Cet \u00e9t\u00e9 venez faire de l&#039;escalade et du yoga \u00e0 Z\u00e9ro Gravit\u00e9 ! L&#039;abonnement 3 mois \u00e0 215$ au lieu de 339$ ! Offre valable sous conditions.\" \/>\n<meta name=\"robots\" content=\"index, follow, max-snippet:-1, max-image-preview:large, max-video-preview:-1\" \/>\n<link rel=\"canonical\" href=\"https:\/\/zero-gravite.ca\/en\/promotion-dete\/\" \/>\n<meta property=\"og:locale\" content=\"en_US\" \/>\n<meta property=\"og:type\" content=\"article\" \/>\n<meta property=\"og:title\" content=\"Promotion d&#039;\u00e9t\u00e9 | Z\u00e9ro Gravit\u00e9\" \/>\n<meta property=\"og:description\" content=\"Cet \u00e9t\u00e9 venez faire de l&#039;escalade et du yoga \u00e0 Z\u00e9ro Gravit\u00e9 ! L&#039;abonnement 3 mois \u00e0 215$ au lieu de 339$ ! Offre valable sous conditions.\" \/>\n<meta property=\"og:url\" content=\"https:\/\/zero-gravite.ca\/en\/promotion-dete\/\" \/>\n<meta property=\"og:site_name\" content=\"Z\u00e9ro Gravit\u00e9\" \/>\n<meta property=\"article:publisher\" content=\"https:\/\/www.facebook.com\/0gravite\" \/>\n<meta property=\"article:modified_time\" content=\"2024-06-12T14:06:29+00:00\" \/>\n<meta property=\"og:image\" content=\"https:\/\/zero-gravite.ca\/wp-content\/uploads\/2024\/06\/RICHARD_MARDENS-02481-2-e1717788862889-1024x1024.jpg\" \/>\n<meta name=\"twitter:card\" content=\"summary_large_image\" \/>\n<meta name=\"twitter:label1\" content=\"Est. reading time\" \/>\n\t<meta name=\"twitter:data1\" content=\"1 minute\" \/>\n<script type=\"application\/ld+json\" class=\"yoast-schema-graph\">{\"@context\":\"https:\/\/schema.org\",\"@graph\":[{\"@type\":\"WebPage\",\"@id\":\"https:\/\/zero-gravite.ca\/en\/promotion-dete\/\",\"url\":\"https:\/\/zero-gravite.ca\/en\/promotion-dete\/\",\"name\":\"Promotion d'\u00e9t\u00e9 | Z\u00e9ro Gravit\u00e9\",\"isPartOf\":{\"@id\":\"https:\/\/zero-gravite.ca\/en\/#website\"},\"primaryImageOfPage\":{\"@id\":\"https:\/\/zero-gravite.ca\/en\/promotion-dete\/#primaryimage\"},\"image\":{\"@id\":\"https:\/\/zero-gravite.ca\/en\/promotion-dete\/#primaryimage\"},\"thumbnailUrl\":\"https:\/\/zero-gravite.ca\/wp-content\/uploads\/2024\/06\/RICHARD_MARDENS-02481-2-e1717788862889-1024x1024.jpg\",\"datePublished\":\"2024-06-07T19:37:51+00:00\",\"dateModified\":\"2024-06-12T14:06:29+00:00\",\"description\":\"Cet \u00e9t\u00e9 venez faire de l'escalade et du yoga \u00e0 Z\u00e9ro Gravit\u00e9 ! L'abonnement 3 mois \u00e0 215$ au lieu de 339$ ! Offre valable sous conditions.\",\"breadcrumb\":{\"@id\":\"https:\/\/zero-gravite.ca\/en\/promotion-dete\/#breadcrumb\"},\"inLanguage\":\"en-US\",\"potentialAction\":[{\"@type\":\"ReadAction\",\"target\":[\"https:\/\/zero-gravite.ca\/en\/promotion-dete\/\"]}]},{\"@type\":\"ImageObject\",\"inLanguage\":\"en-US\",\"@id\":\"https:\/\/zero-gravite.ca\/en\/promotion-dete\/#primaryimage\",\"url\":\"https:\/\/zero-gravite.ca\/wp-content\/uploads\/2024\/06\/RICHARD_MARDENS-02481-2-e1717788862889-1024x1024.jpg\",\"contentUrl\":\"https:\/\/zero-gravite.ca\/wp-content\/uploads\/2024\/06\/RICHARD_MARDENS-02481-2-e1717788862889-1024x1024.jpg\"},{\"@type\":\"BreadcrumbList\",\"@id\":\"https:\/\/zero-gravite.ca\/en\/promotion-dete\/#breadcrumb\",\"itemListElement\":[{\"@type\":\"ListItem\",\"position\":1,\"name\":\"Accueil\",\"item\":\"https:\/\/zero-gravite.ca\/en\/home-2-2\/\"},{\"@type\":\"ListItem\",\"position\":2,\"name\":\"Promotion d&rsquo;\u00e9t\u00e9\"}]},{\"@type\":\"WebSite\",\"@id\":\"https:\/\/zero-gravite.ca\/en\/#website\",\"url\":\"https:\/\/zero-gravite.ca\/en\/\",\"name\":\"Z\u00e9ro Gravit\u00e9\",\"description\":\"Escalade et yoga au coeur de Montr\u00e9al\",\"publisher\":{\"@id\":\"https:\/\/zero-gravite.ca\/en\/#organization\"},\"potentialAction\":[{\"@type\":\"SearchAction\",\"target\":{\"@type\":\"EntryPoint\",\"urlTemplate\":\"https:\/\/zero-gravite.ca\/en\/?s={search_term_string}\"},\"query-input\":\"required name=search_term_string\"}],\"inLanguage\":\"en-US\"},{\"@type\":\"Organization\",\"@id\":\"https:\/\/zero-gravite.ca\/en\/#organization\",\"name\":\"Z\u00e9ro Gravit\u00e9 escalade & yoga\",\"url\":\"https:\/\/zero-gravite.ca\/en\/\",\"logo\":{\"@type\":\"ImageObject\",\"inLanguage\":\"en-US\",\"@id\":\"https:\/\/zero-gravite.ca\/en\/#\/schema\/logo\/image\/\",\"url\":\"https:\/\/zero-gravite.ca\/wp-content\/uploads\/2022\/02\/ZG_Logo_Classic_CMYK.png\",\"contentUrl\":\"https:\/\/zero-gravite.ca\/wp-content\/uploads\/2022\/02\/ZG_Logo_Classic_CMYK.png\",\"width\":1777,\"height\":1600,\"caption\":\"Z\u00e9ro Gravit\u00e9 escalade & yoga\"},\"image\":{\"@id\":\"https:\/\/zero-gravite.ca\/en\/#\/schema\/logo\/image\/\"},\"sameAs\":[\"https:\/\/www.facebook.com\/0gravite\",\"https:\/\/www.instagram.com\/zero.gravite\"]}]}<\/script>\n<!-- \/ Yoast SEO plugin. -->","yoast_head_json":{"title":"Promotion d'\u00e9t\u00e9 | Z\u00e9ro Gravit\u00e9","description":"Cet \u00e9t\u00e9 venez faire de l'escalade et du yoga \u00e0 Z\u00e9ro Gravit\u00e9 ! L'abonnement 3 mois \u00e0 215$ au lieu de 339$ ! Offre valable sous conditions.","robots":{"index":"index","follow":"follow","max-snippet":"max-snippet:-1","max-image-preview":"max-image-preview:large","max-video-preview":"max-video-preview:-1"},"canonical":"https:\/\/zero-gravite.ca\/en\/promotion-dete\/","og_locale":"en_US","og_type":"article","og_title":"Promotion d'\u00e9t\u00e9 | Z\u00e9ro Gravit\u00e9","og_description":"Cet \u00e9t\u00e9 venez faire de l'escalade et du yoga \u00e0 Z\u00e9ro Gravit\u00e9 ! L'abonnement 3 mois \u00e0 215$ au lieu de 339$ ! Offre valable sous conditions.","og_url":"https:\/\/zero-gravite.ca\/en\/promotion-dete\/","og_site_name":"Z\u00e9ro Gravit\u00e9","article_publisher":"https:\/\/www.facebook.com\/0gravite","article_modified_time":"2024-06-12T14:06:29+00:00","og_image":[{"url":"https:\/\/zero-gravite.ca\/wp-content\/uploads\/2024\/06\/RICHARD_MARDENS-02481-2-e1717788862889-1024x1024.jpg"}],"twitter_card":"summary_large_image","twitter_misc":{"Est. reading time":"1 minute"},"schema":{"@context":"https:\/\/schema.org","@graph":[{"@type":"WebPage","@id":"https:\/\/zero-gravite.ca\/en\/promotion-dete\/","url":"https:\/\/zero-gravite.ca\/en\/promotion-dete\/","name":"Promotion d'\u00e9t\u00e9 | Z\u00e9ro Gravit\u00e9","isPartOf":{"@id":"https:\/\/zero-gravite.ca\/en\/#website"},"primaryImageOfPage":{"@id":"https:\/\/zero-gravite.ca\/en\/promotion-dete\/#primaryimage"},"image":{"@id":"https:\/\/zero-gravite.ca\/en\/promotion-dete\/#primaryimage"},"thumbnailUrl":"https:\/\/zero-gravite.ca\/wp-content\/uploads\/2024\/06\/RICHARD_MARDENS-02481-2-e1717788862889-1024x1024.jpg","datePublished":"2024-06-07T19:37:51+00:00","dateModified":"2024-06-12T14:06:29+00:00","description":"Cet \u00e9t\u00e9 venez faire de l'escalade et du yoga \u00e0 Z\u00e9ro Gravit\u00e9 ! L'abonnement 3 mois \u00e0 215$ au lieu de 339$ ! Offre valable sous conditions.","breadcrumb":{"@id":"https:\/\/zero-gravite.ca\/en\/promotion-dete\/#breadcrumb"},"inLanguage":"en-US","potentialAction":[{"@type":"ReadAction","target":["https:\/\/zero-gravite.ca\/en\/promotion-dete\/"]}]},{"@type":"ImageObject","inLanguage":"en-US","@id":"https:\/\/zero-gravite.ca\/en\/promotion-dete\/#primaryimage","url":"https:\/\/zero-gravite.ca\/wp-content\/uploads\/2024\/06\/RICHARD_MARDENS-02481-2-e1717788862889-1024x1024.jpg","contentUrl":"https:\/\/zero-gravite.ca\/wp-content\/uploads\/2024\/06\/RICHARD_MARDENS-02481-2-e1717788862889-1024x1024.jpg"},{"@type":"BreadcrumbList","@id":"https:\/\/zero-gravite.ca\/en\/promotion-dete\/#breadcrumb","itemListElement":[{"@type":"ListItem","position":1,"name":"Accueil","item":"https:\/\/zero-gravite.ca\/en\/home-2-2\/"},{"@type":"ListItem","position":2,"name":"Promotion d&rsquo;\u00e9t\u00e9"}]},{"@type":"WebSite","@id":"https:\/\/zero-gravite.ca\/en\/#website","url":"https:\/\/zero-gravite.ca\/en\/","name":"Z\u00e9ro Gravit\u00e9","description":"Escalade et yoga au coeur de Montr\u00e9al","publisher":{"@id":"https:\/\/zero-gravite.ca\/en\/#organization"},"potentialAction":[{"@type":"SearchAction","target":{"@type":"EntryPoint","urlTemplate":"https:\/\/zero-gravite.ca\/en\/?s={search_term_string}"},"query-input":"required name=search_term_string"}],"inLanguage":"en-US"},{"@type":"Organization","@id":"https:\/\/zero-gravite.ca\/en\/#organization","name":"Z\u00e9ro Gravit\u00e9 escalade & yoga","url":"https:\/\/zero-gravite.ca\/en\/","logo":{"@type":"ImageObject","inLanguage":"en-US","@id":"https:\/\/zero-gravite.ca\/en\/#\/schema\/logo\/image\/","url":"https:\/\/zero-gravite.ca\/wp-content\/uploads\/2022\/02\/ZG_Logo_Classic_CMYK.png","contentUrl":"https:\/\/zero-gravite.ca\/wp-content\/uploads\/2022\/02\/ZG_Logo_Classic_CMYK.png","width":1777,"height":1600,"caption":"Z\u00e9ro Gravit\u00e9 escalade & yoga"},"image":{"@id":"https:\/\/zero-gravite.ca\/en\/#\/schema\/logo\/image\/"},"sameAs":["https:\/\/www.facebook.com\/0gravite","https:\/\/www.instagram.com\/zero.gravite"]}]}},"publishpress_future_action":{"enabled":false,"date":"2026-04-28 04:44:17","action":"change-status","newStatus":"draft","terms":[],"taxonomy":"translation_priority"},"_links":{"self":[{"href":"https:\/\/zero-gravite.ca\/en\/wp-json\/wp\/v2\/pages\/15873","targetHints":{"allow":["GET"]}}],"collection":[{"href":"https:\/\/zero-gravite.ca\/en\/wp-json\/wp\/v2\/pages"}],"about":[{"href":"https:\/\/zero-gravite.ca\/en\/wp-json\/wp\/v2\/types\/page"}],"author":[{"embeddable":true,"href":"https:\/\/zero-gravite.ca\/en\/wp-json\/wp\/v2\/users\/23"}],"replies":[{"embeddable":true,"href":"https:\/\/zero-gravite.ca\/en\/wp-json\/wp\/v2\/comments?post=15873"}],"version-history":[{"count":8,"href":"https:\/\/zero-gravite.ca\/en\/wp-json\/wp\/v2\/pages\/15873\/revisions"}],"predecessor-version":[{"id":15940,"href":"https:\/\/zero-gravite.ca\/en\/wp-json\/wp\/v2\/pages\/15873\/revisions\/15940"}],"wp:attachment":[{"href":"https:\/\/zero-gravite.ca\/en\/wp-json\/wp\/v2\/media?parent=15873"}],"curies":[{"name":"wp","href":"https:\/\/api.w.org\/{rel}","templated":true}]}}