{"id":16033,"date":"2024-06-17T10:32:56","date_gmt":"2024-06-17T14:32:56","guid":{"rendered":"https:\/\/zero-gravite.ca\/climbing-classes-2\/"},"modified":"2024-07-09T09:39:36","modified_gmt":"2024-07-09T13:39:36","slug":"climbing-classes-2","status":"publish","type":"page","link":"https:\/\/zero-gravite.ca\/en\/climbing-classes-2\/","title":{"rendered":"Climbing classes"},"content":{"rendered":"\t\t<div data-elementor-type=\"wp-page\" data-elementor-id=\"16033\" class=\"elementor elementor-16033 elementor-16018\" data-elementor-post-type=\"page\">\n\t\t\t\t\t\t<section class=\"elementor-section elementor-top-section elementor-element elementor-element-003d435 elementor-section-full_width elementor-section-height-default elementor-section-height-default\" data-id=\"003d435\" data-element_type=\"section\" data-settings=\"{&quot;background_background&quot;:&quot;classic&quot;}\">\n\t\t\t\t\t\t\t<div class=\"elementor-background-overlay\"><\/div>\n\t\t\t\t\t\t\t<div class=\"elementor-container elementor-column-gap-default\">\n\t\t\t\t\t<div class=\"elementor-column elementor-col-100 elementor-top-column elementor-element elementor-element-984508c\" data-id=\"984508c\" data-element_type=\"column\">\n\t\t\t<div class=\"elementor-widget-wrap elementor-element-populated\">\n\t\t\t\t\t\t<div class=\"elementor-element elementor-element-ae341a7 elementor-widget elementor-widget-heading\" data-id=\"ae341a7\" data-element_type=\"widget\" data-widget_type=\"heading.default\">\n\t\t\t\t<div class=\"elementor-widget-container\">\n\t\t\t<h1 class=\"elementor-heading-title elementor-size-default\">Master climbing !<\/h1>\t\t<\/div>\n\t\t\t\t<\/div>\n\t\t\t\t\t<\/div>\n\t\t<\/div>\n\t\t\t\t\t<\/div>\n\t\t<\/section>\n\t\t\t\t<section class=\"elementor-section elementor-top-section elementor-element elementor-element-3641841 elementor-section-boxed elementor-section-height-default elementor-section-height-default\" data-id=\"3641841\" data-element_type=\"section\" data-settings=\"{&quot;background_background&quot;:&quot;classic&quot;}\">\n\t\t\t\t\t\t<div class=\"elementor-container elementor-column-gap-default\">\n\t\t\t\t\t<div class=\"elementor-column elementor-col-100 elementor-top-column elementor-element elementor-element-978f66a\" data-id=\"978f66a\" data-element_type=\"column\">\n\t\t\t<div class=\"elementor-widget-wrap elementor-element-populated\">\n\t\t\t\t\t\t<div class=\"elementor-element elementor-element-15b767a animated-slow elementor-invisible elementor-widget elementor-widget-text-editor\" data-id=\"15b767a\" data-element_type=\"widget\" data-settings=\"{&quot;_animation&quot;:&quot;fadeIn&quot;}\" data-widget_type=\"text-editor.default\">\n\t\t\t\t<div class=\"elementor-widget-container\">\n\t\t\t\t\t\t\t<p><span style=\"font-style: inherit;\">Welcome to Z\u00e9ro Gravit\u00e9 ! The perfect place to discover and practice climbing in the heart of Montreal. Whether you are a beginner or an experienced climber, we have what you need! Our mission is to support you in your passion for climbing and help you reach new heights.<\/span><\/p>\n\t\t\t\t\t\t<\/div>\n\t\t\t\t<\/div>\n\t\t\t\t<section class=\"elementor-section elementor-inner-section elementor-element elementor-element-fed5b79 elementor-section-full_width elementor-section-height-min-height elementor-section-height-default\" data-id=\"fed5b79\" data-element_type=\"section\">\n\t\t\t\t\t\t<div class=\"elementor-container elementor-column-gap-default\">\n\t\t\t\t\t<div class=\"elementor-column elementor-col-50 elementor-inner-column elementor-element elementor-element-e57ea1c\" data-id=\"e57ea1c\" data-element_type=\"column\">\n\t\t\t<div class=\"elementor-widget-wrap elementor-element-populated\">\n\t\t\t\t\t\t<div class=\"elementor-element elementor-element-3819913 elementor-widget__width-initial elementor-widget elementor-widget-image\" data-id=\"3819913\" data-element_type=\"widget\" data-widget_type=\"image.default\">\n\t\t\t\t<div class=\"elementor-widget-container\">\n\t\t\t\t\t\t\t\t\t\t\t\t\t<img fetchpriority=\"high\" decoding=\"async\" width=\"819\" height=\"1024\" src=\"https:\/\/zero-gravite.ca\/wp-content\/uploads\/2024\/06\/VS709743-web-819x1024.jpg\" class=\"attachment-large size-large wp-image-16286\" alt=\"cours d&#039;escalade, escalade \u00e0 Montr\u00e9al, escalade en int\u00e9rieur, prendre un cours.\" srcset=\"https:\/\/zero-gravite.ca\/wp-content\/uploads\/2024\/06\/VS709743-web-819x1024.jpg 819w, https:\/\/zero-gravite.ca\/wp-content\/uploads\/2024\/06\/VS709743-web-240x300.jpg 240w, https:\/\/zero-gravite.ca\/wp-content\/uploads\/2024\/06\/VS709743-web-768x960.jpg 768w, https:\/\/zero-gravite.ca\/wp-content\/uploads\/2024\/06\/VS709743-web.jpg 1080w\" sizes=\"(max-width: 819px) 100vw, 819px\" \/>\t\t\t\t\t\t\t\t\t\t\t\t\t<\/div>\n\t\t\t\t<\/div>\n\t\t\t\t\t<\/div>\n\t\t<\/div>\n\t\t\t\t<div class=\"elementor-column elementor-col-50 elementor-inner-column elementor-element elementor-element-e32fa13\" data-id=\"e32fa13\" data-element_type=\"column\">\n\t\t\t<div class=\"elementor-widget-wrap elementor-element-populated\">\n\t\t\t\t\t\t<div class=\"elementor-element elementor-element-13d797f elementor-widget elementor-widget-image\" data-id=\"13d797f\" data-element_type=\"widget\" data-widget_type=\"image.default\">\n\t\t\t\t<div class=\"elementor-widget-container\">\n\t\t\t\t\t\t\t\t\t\t\t\t\t<img decoding=\"async\" width=\"819\" height=\"1024\" src=\"https:\/\/zero-gravite.ca\/wp-content\/uploads\/2024\/06\/VS709761-web-819x1024.jpg\" class=\"attachment-large size-large wp-image-16288\" alt=\"essais d&#039;escalade, d\u00e9couvrez l&#039;escalade \u00e0 Z\u00e9ro Gravit\u00e9\" srcset=\"https:\/\/zero-gravite.ca\/wp-content\/uploads\/2024\/06\/VS709761-web-819x1024.jpg 819w, https:\/\/zero-gravite.ca\/wp-content\/uploads\/2024\/06\/VS709761-web-240x300.jpg 240w, https:\/\/zero-gravite.ca\/wp-content\/uploads\/2024\/06\/VS709761-web-768x960.jpg 768w, https:\/\/zero-gravite.ca\/wp-content\/uploads\/2024\/06\/VS709761-web-1229x1536.jpg 1229w, https:\/\/zero-gravite.ca\/wp-content\/uploads\/2024\/06\/VS709761-web.jpg 1536w\" sizes=\"(max-width: 819px) 100vw, 819px\" \/>\t\t\t\t\t\t\t\t\t\t\t\t\t<\/div>\n\t\t\t\t<\/div>\n\t\t\t\t\t<\/div>\n\t\t<\/div>\n\t\t\t\t\t<\/div>\n\t\t<\/section>\n\t\t\t\t\t<\/div>\n\t\t<\/div>\n\t\t\t\t\t<\/div>\n\t\t<\/section>\n\t\t\t\t<section class=\"elementor-section elementor-top-section elementor-element elementor-element-93469fb elementor-section-boxed elementor-section-height-default elementor-section-height-default\" data-id=\"93469fb\" data-element_type=\"section\" data-settings=\"{&quot;background_background&quot;:&quot;classic&quot;}\">\n\t\t\t\t\t\t<div class=\"elementor-container elementor-column-gap-default\">\n\t\t\t\t\t<div class=\"elementor-column elementor-col-50 elementor-top-column elementor-element elementor-element-f749411\" data-id=\"f749411\" data-element_type=\"column\">\n\t\t\t<div class=\"elementor-widget-wrap elementor-element-populated\">\n\t\t\t\t\t\t<div class=\"elementor-element elementor-element-0b666fd elementor-widget elementor-widget-heading\" data-id=\"0b666fd\" data-element_type=\"widget\" data-widget_type=\"heading.default\">\n\t\t\t\t<div class=\"elementor-widget-container\">\n\t\t\t<div class=\"elementor-heading-title elementor-size-default\"><a href=\"https:\/\/zero-gravite.ca\/en\/climbing\/\">Have you never tried climbing before?<\/a><\/div>\t\t<\/div>\n\t\t\t\t<\/div>\n\t\t\t\t<div class=\"elementor-element elementor-element-155343f elementor-widget elementor-widget-text-editor\" data-id=\"155343f\" data-element_type=\"widget\" data-widget_type=\"text-editor.default\">\n\t\t\t\t<div class=\"elementor-widget-container\">\n\t\t\t\t\t\t\t<p>Don&#8217;t panic ! We offer worry-free trial sessions! We provide all the equipment, and an instructor accompanies you to belay and ensure your safety on the wall. <\/p>\n\t\t\t\t\t\t<\/div>\n\t\t\t\t<\/div>\n\t\t\t\t<div class=\"elementor-element elementor-element-8a71452 elementor-button-info elementor-align-left elementor-widget elementor-widget-button\" data-id=\"8a71452\" data-element_type=\"widget\" data-widget_type=\"button.default\">\n\t\t\t\t<div class=\"elementor-widget-container\">\n\t\t\t\t\t<div class=\"elementor-button-wrapper\">\n\t\t\t<a class=\"elementor-button elementor-button-link elementor-size-sm\" href=\"https:\/\/zero-gravite.ca\/en\/climbing\/\">\n\t\t\t\t\t\t<span class=\"elementor-button-content-wrapper\">\n\t\t\t\t\t\t\t\t\t<span class=\"elementor-button-text\">Discover rock climbing<\/span>\n\t\t\t\t\t<\/span>\n\t\t\t\t\t<\/a>\n\t\t<\/div>\n\t\t\t\t<\/div>\n\t\t\t\t<\/div>\n\t\t\t\t<div class=\"elementor-element elementor-element-d736e2d elementor-widget elementor-widget-heading\" data-id=\"d736e2d\" data-element_type=\"widget\" data-widget_type=\"heading.default\">\n\t\t\t\t<div class=\"elementor-widget-container\">\n\t\t\t<div class=\"elementor-heading-title elementor-size-default\"><a href=\"https:\/\/zero-gravite.ca\/en\/climbing\/youth-programs\/\">Climbing classes <br>For kids<\/a><\/div>\t\t<\/div>\n\t\t\t\t<\/div>\n\t\t\t\t<div class=\"elementor-element elementor-element-dfbcce3 elementor-widget elementor-widget-text-editor\" data-id=\"dfbcce3\" data-element_type=\"widget\" data-widget_type=\"text-editor.default\">\n\t\t\t\t<div class=\"elementor-widget-container\">\n\t\t\t\t\t\t\t<p><strong style=\"font-style: inherit;\">Children sessions (up to 13 years old)<\/strong><span style=\"font-style: inherit;\">&nbsp;Children are naturally adventurous, and our special sessions for kids are perfect for channeling that energy. All year round, we offer different sessions tailored to their age and level, with a fun and safe approach. Our experienced instructors ensure that each session is both enjoyable and educational.<\/span><\/p>\n\t\t\t\t\t\t<\/div>\n\t\t\t\t<\/div>\n\t\t\t\t<div class=\"elementor-element elementor-element-87e74d8 elementor-button-info elementor-align-left elementor-widget elementor-widget-button\" data-id=\"87e74d8\" data-element_type=\"widget\" data-widget_type=\"button.default\">\n\t\t\t\t<div class=\"elementor-widget-container\">\n\t\t\t\t\t<div class=\"elementor-button-wrapper\">\n\t\t\t<a class=\"elementor-button elementor-button-link elementor-size-sm\" href=\"https:\/\/zero-gravite.ca\/en\/climbing\/youth-programs\/\">\n\t\t\t\t\t\t<span class=\"elementor-button-content-wrapper\">\n\t\t\t\t\t\t\t\t\t<span class=\"elementor-button-text\">More infos - subscriptions<\/span>\n\t\t\t\t\t<\/span>\n\t\t\t\t\t<\/a>\n\t\t<\/div>\n\t\t\t\t<\/div>\n\t\t\t\t<\/div>\n\t\t\t\t\t<\/div>\n\t\t<\/div>\n\t\t\t\t<div class=\"elementor-column elementor-col-50 elementor-top-column elementor-element elementor-element-af37085\" data-id=\"af37085\" data-element_type=\"column\">\n\t\t\t<div class=\"elementor-widget-wrap elementor-element-populated\">\n\t\t\t\t\t\t<div class=\"elementor-element elementor-element-c876944 elementor-widget elementor-widget-heading\" data-id=\"c876944\" data-element_type=\"widget\" data-widget_type=\"heading.default\">\n\t\t\t\t<div class=\"elementor-widget-container\">\n\t\t\t<div class=\"elementor-heading-title elementor-size-default\"><a href=\"https:\/\/zero-gravite.ca\/en\/climbing\/climbing-classes-2\/\">Climbing classes <br>For adults<\/a><\/div>\t\t<\/div>\n\t\t\t\t<\/div>\n\t\t\t\t<div class=\"elementor-element elementor-element-6d18ef0 elementor-widget elementor-widget-text-editor\" data-id=\"6d18ef0\" data-element_type=\"widget\" data-widget_type=\"text-editor.default\">\n\t\t\t\t<div class=\"elementor-widget-container\">\n\t\t\t\t\t\t\t<p><span style=\"font-style: inherit;\">Our courses for adults (from age 12) are designed to safely introduce you to the basic techniques of climbing. You will learn fundamental movements, how to properly use equipment, and essential safety techniques. Our qualified instructors will guide you every step of the way, helping you build your confidence and skills.<\/span><br><\/p>\n<p><strong>Top-rope classes :<\/strong>&nbsp;If you begin climbing, our top-rope courses will teach you the fundamentals basis for your ascents. Top-rope climbing is a belaying technique where the rope runs through an anchor point at the top of the route. You will learn how to use and take care of the equipment, how to belay, tie knots, and ensure safety for yourself and your climbing partner.<\/p>\n<p><strong>Lead climbing classes:<\/strong>&nbsp;For advanced climbers, we offer lead climbing classes. You will learn the specific skills required for lead climbing: the theory and principles of lead climbing, belaying techniques, progressing on the route&#8230; and falling! This demanding discipline is an excellent way to push your limits and improve your climbing mastery.<\/p>\t\t\t\t\t\t<\/div>\n\t\t\t\t<\/div>\n\t\t\t\t<div class=\"elementor-element elementor-element-367e2dc elementor-button-info elementor-align-left elementor-widget elementor-widget-button\" data-id=\"367e2dc\" data-element_type=\"widget\" data-widget_type=\"button.default\">\n\t\t\t\t<div class=\"elementor-widget-container\">\n\t\t\t\t\t<div class=\"elementor-button-wrapper\">\n\t\t\t<a class=\"elementor-button elementor-button-link elementor-size-sm\" href=\"https:\/\/zero-gravite.ca\/en\/climbing\/climbing-classes-2\/\" target=\"_blank\">\n\t\t\t\t\t\t<span class=\"elementor-button-content-wrapper\">\n\t\t\t\t\t\t\t\t\t<span class=\"elementor-button-text\">More infos - subscriptions<\/span>\n\t\t\t\t\t<\/span>\n\t\t\t\t\t<\/a>\n\t\t<\/div>\n\t\t\t\t<\/div>\n\t\t\t\t<\/div>\n\t\t\t\t\t<\/div>\n\t\t<\/div>\n\t\t\t\t\t<\/div>\n\t\t<\/section>\n\t\t\t\t<section class=\"elementor-section elementor-top-section elementor-element elementor-element-7d6d36b elementor-section-boxed elementor-section-height-default elementor-section-height-default\" data-id=\"7d6d36b\" data-element_type=\"section\" data-settings=\"{&quot;background_background&quot;:&quot;classic&quot;}\">\n\t\t\t\t\t\t<div class=\"elementor-container elementor-column-gap-default\">\n\t\t\t\t\t<div class=\"elementor-column elementor-col-100 elementor-top-column elementor-element elementor-element-f6b2e8f\" data-id=\"f6b2e8f\" data-element_type=\"column\">\n\t\t\t<div class=\"elementor-widget-wrap elementor-element-populated\">\n\t\t\t\t\t\t<div class=\"elementor-element elementor-element-aa67707 elementor-widget elementor-widget-heading\" data-id=\"aa67707\" data-element_type=\"widget\" data-widget_type=\"heading.default\">\n\t\t\t\t<div class=\"elementor-widget-container\">\n\t\t\t<h2 class=\"elementor-heading-title elementor-size-default\">Why choosing Z\u00e9ro Gravit\u00e9 ?<\/h2>\t\t<\/div>\n\t\t\t\t<\/div>\n\t\t\t\t<div class=\"elementor-element elementor-element-17cd56e animated-slow elementor-invisible elementor-widget elementor-widget-text-editor\" data-id=\"17cd56e\" data-element_type=\"widget\" data-settings=\"{&quot;_animation&quot;:&quot;fadeIn&quot;}\" data-widget_type=\"text-editor.default\">\n\t\t\t\t<div class=\"elementor-widget-container\">\n\t\t\t\t\t\t\t<p>At Z\u00e9ro Gravit\u00e9, we take pride in providing a welcoming and stimulating environment for all our members. Our facilities and passionate team are here to support you in your progression. Join us and become part of our dynamic and supportive community.<\/p>\n<p>Sign up today and start your new adventure!<\/p>\n\t\t\t\t\t\t<\/div>\n\t\t\t\t<\/div>\n\t\t\t\t\t<\/div>\n\t\t<\/div>\n\t\t\t\t\t<\/div>\n\t\t<\/section>\n\t\t\t\t<\/div>\n\t\t","protected":false},"excerpt":{"rendered":"<p>Master climbing ! Welcome to Z\u00e9ro Gravit\u00e9 ! The perfect place to discover and practice climbing in the heart of Montreal. Whether you are a beginner or an experienced climber, &hellip;<\/p>\n<p class=\"read-more\"> <a class=\"\" href=\"https:\/\/zero-gravite.ca\/en\/climbing-classes-2\/\"> <span class=\"screen-reader-text\">Climbing classes<\/span> Read More &raquo;<\/a><\/p>\n","protected":false},"author":23,"featured_media":0,"parent":0,"menu_order":0,"comment_status":"closed","ping_status":"closed","template":"","meta":{"_mo_disable_npp":"","site-sidebar-layout":"no-sidebar","site-content-layout":"page-builder","ast-global-header-display":"","ast-main-header-display":"","ast-hfb-above-header-display":"","ast-hfb-below-header-display":"","ast-hfb-mobile-header-display":"","site-post-title":"disabled","ast-breadcrumbs-content":"","ast-featured-img":"disabled","footer-sml-layout":"","theme-transparent-header-meta":"","adv-header-id-meta":"","stick-header-meta":"","header-above-stick-meta":"","header-main-stick-meta":"","header-below-stick-meta":"","_EventAllDay":false,"_EventTimezone":"","_EventStartDate":"","_EventEndDate":"","_EventStartDateUTC":"","_EventEndDateUTC":"","_EventShowMap":false,"_EventShowMapLink":false,"_EventURL":"","_EventCost":"","_EventCostDescription":"","_EventCurrencySymbol":"","_EventCurrencyCode":"","_EventCurrencyPosition":"","_EventDateTimeSeparator":"","_EventTimeRangeSeparator":"","_EventOrganizerID":[],"_EventVenueID":[],"_OrganizerEmail":"","_OrganizerPhone":"","_OrganizerWebsite":"","_VenueAddress":"","_VenueCity":"","_VenueCountry":"","_VenueProvince":"","_VenueState":"","_VenueZip":"","_VenuePhone":"","_VenueURL":"","_VenueStateProvince":"","_VenueLat":"","_VenueLng":"","_VenueShowMap":false,"_VenueShowMapLink":false,"footnotes":""},"class_list":["post-16033","page","type-page","status-publish","hentry"],"yoast_head":"<!-- This site is optimized with the Yoast SEO plugin v22.7 - https:\/\/yoast.com\/wordpress\/plugins\/seo\/ -->\n<title>Climbing classes | Z\u00e9ro Gravit\u00e9<\/title>\n<meta name=\"robots\" content=\"index, follow, max-snippet:-1, max-image-preview:large, max-video-preview:-1\" \/>\n<link rel=\"canonical\" href=\"https:\/\/zero-gravite.ca\/en\/climbing-classes-2\/\" \/>\n<meta property=\"og:locale\" content=\"en_US\" \/>\n<meta property=\"og:type\" content=\"article\" \/>\n<meta property=\"og:title\" content=\"Climbing classes | Z\u00e9ro Gravit\u00e9\" \/>\n<meta property=\"og:description\" content=\"Master climbing ! Welcome to Z\u00e9ro Gravit\u00e9 ! The perfect place to discover and practice climbing in the heart of Montreal. Whether you are a beginner or an experienced climber, &hellip; Climbing classes Read More &raquo;\" \/>\n<meta property=\"og:url\" content=\"https:\/\/zero-gravite.ca\/en\/climbing-classes-2\/\" \/>\n<meta property=\"og:site_name\" content=\"Z\u00e9ro Gravit\u00e9\" \/>\n<meta property=\"article:publisher\" content=\"https:\/\/www.facebook.com\/0gravite\" \/>\n<meta property=\"article:modified_time\" content=\"2024-07-09T13:39:36+00:00\" \/>\n<meta property=\"og:image\" content=\"https:\/\/zero-gravite.ca\/wp-content\/uploads\/2024\/06\/VS709743-web-819x1024.jpg\" \/>\n<meta name=\"twitter:card\" content=\"summary_large_image\" \/>\n<meta name=\"twitter:label1\" content=\"Est. reading time\" \/>\n\t<meta name=\"twitter:data1\" content=\"2 minutes\" \/>\n<script type=\"application\/ld+json\" class=\"yoast-schema-graph\">{\"@context\":\"https:\/\/schema.org\",\"@graph\":[{\"@type\":\"WebPage\",\"@id\":\"https:\/\/zero-gravite.ca\/en\/climbing-classes-2\/\",\"url\":\"https:\/\/zero-gravite.ca\/en\/climbing-classes-2\/\",\"name\":\"Climbing classes | Z\u00e9ro Gravit\u00e9\",\"isPartOf\":{\"@id\":\"https:\/\/zero-gravite.ca\/en\/#website\"},\"primaryImageOfPage\":{\"@id\":\"https:\/\/zero-gravite.ca\/en\/climbing-classes-2\/#primaryimage\"},\"image\":{\"@id\":\"https:\/\/zero-gravite.ca\/en\/climbing-classes-2\/#primaryimage\"},\"thumbnailUrl\":\"https:\/\/zero-gravite.ca\/wp-content\/uploads\/2024\/06\/VS709743-web-819x1024.jpg\",\"datePublished\":\"2024-06-17T14:32:56+00:00\",\"dateModified\":\"2024-07-09T13:39:36+00:00\",\"breadcrumb\":{\"@id\":\"https:\/\/zero-gravite.ca\/en\/climbing-classes-2\/#breadcrumb\"},\"inLanguage\":\"en-US\",\"potentialAction\":[{\"@type\":\"ReadAction\",\"target\":[\"https:\/\/zero-gravite.ca\/en\/climbing-classes-2\/\"]}]},{\"@type\":\"ImageObject\",\"inLanguage\":\"en-US\",\"@id\":\"https:\/\/zero-gravite.ca\/en\/climbing-classes-2\/#primaryimage\",\"url\":\"https:\/\/zero-gravite.ca\/wp-content\/uploads\/2024\/06\/VS709743-web-819x1024.jpg\",\"contentUrl\":\"https:\/\/zero-gravite.ca\/wp-content\/uploads\/2024\/06\/VS709743-web-819x1024.jpg\"},{\"@type\":\"BreadcrumbList\",\"@id\":\"https:\/\/zero-gravite.ca\/en\/climbing-classes-2\/#breadcrumb\",\"itemListElement\":[{\"@type\":\"ListItem\",\"position\":1,\"name\":\"Accueil\",\"item\":\"https:\/\/zero-gravite.ca\/en\/\"},{\"@type\":\"ListItem\",\"position\":2,\"name\":\"Climbing classes\"}]},{\"@type\":\"WebSite\",\"@id\":\"https:\/\/zero-gravite.ca\/en\/#website\",\"url\":\"https:\/\/zero-gravite.ca\/en\/\",\"name\":\"Z\u00e9ro Gravit\u00e9\",\"description\":\"Escalade et yoga au coeur de Montr\u00e9al\",\"publisher\":{\"@id\":\"https:\/\/zero-gravite.ca\/en\/#organization\"},\"potentialAction\":[{\"@type\":\"SearchAction\",\"target\":{\"@type\":\"EntryPoint\",\"urlTemplate\":\"https:\/\/zero-gravite.ca\/en\/?s={search_term_string}\"},\"query-input\":\"required name=search_term_string\"}],\"inLanguage\":\"en-US\"},{\"@type\":\"Organization\",\"@id\":\"https:\/\/zero-gravite.ca\/en\/#organization\",\"name\":\"Z\u00e9ro Gravit\u00e9 escalade & yoga\",\"url\":\"https:\/\/zero-gravite.ca\/en\/\",\"logo\":{\"@type\":\"ImageObject\",\"inLanguage\":\"en-US\",\"@id\":\"https:\/\/zero-gravite.ca\/en\/#\/schema\/logo\/image\/\",\"url\":\"https:\/\/zero-gravite.ca\/wp-content\/uploads\/2022\/02\/ZG_Logo_Classic_CMYK.png\",\"contentUrl\":\"https:\/\/zero-gravite.ca\/wp-content\/uploads\/2022\/02\/ZG_Logo_Classic_CMYK.png\",\"width\":1777,\"height\":1600,\"caption\":\"Z\u00e9ro Gravit\u00e9 escalade & yoga\"},\"image\":{\"@id\":\"https:\/\/zero-gravite.ca\/en\/#\/schema\/logo\/image\/\"},\"sameAs\":[\"https:\/\/www.facebook.com\/0gravite\",\"https:\/\/www.instagram.com\/zero.gravite\"]}]}<\/script>\n<!-- \/ Yoast SEO plugin. -->","yoast_head_json":{"title":"Climbing classes | Z\u00e9ro Gravit\u00e9","robots":{"index":"index","follow":"follow","max-snippet":"max-snippet:-1","max-image-preview":"max-image-preview:large","max-video-preview":"max-video-preview:-1"},"canonical":"https:\/\/zero-gravite.ca\/en\/climbing-classes-2\/","og_locale":"en_US","og_type":"article","og_title":"Climbing classes | Z\u00e9ro Gravit\u00e9","og_description":"Master climbing ! Welcome to Z\u00e9ro Gravit\u00e9 ! The perfect place to discover and practice climbing in the heart of Montreal. Whether you are a beginner or an experienced climber, &hellip; Climbing classes Read More &raquo;","og_url":"https:\/\/zero-gravite.ca\/en\/climbing-classes-2\/","og_site_name":"Z\u00e9ro Gravit\u00e9","article_publisher":"https:\/\/www.facebook.com\/0gravite","article_modified_time":"2024-07-09T13:39:36+00:00","og_image":[{"url":"https:\/\/zero-gravite.ca\/wp-content\/uploads\/2024\/06\/VS709743-web-819x1024.jpg"}],"twitter_card":"summary_large_image","twitter_misc":{"Est. reading time":"2 minutes"},"schema":{"@context":"https:\/\/schema.org","@graph":[{"@type":"WebPage","@id":"https:\/\/zero-gravite.ca\/en\/climbing-classes-2\/","url":"https:\/\/zero-gravite.ca\/en\/climbing-classes-2\/","name":"Climbing classes | Z\u00e9ro Gravit\u00e9","isPartOf":{"@id":"https:\/\/zero-gravite.ca\/en\/#website"},"primaryImageOfPage":{"@id":"https:\/\/zero-gravite.ca\/en\/climbing-classes-2\/#primaryimage"},"image":{"@id":"https:\/\/zero-gravite.ca\/en\/climbing-classes-2\/#primaryimage"},"thumbnailUrl":"https:\/\/zero-gravite.ca\/wp-content\/uploads\/2024\/06\/VS709743-web-819x1024.jpg","datePublished":"2024-06-17T14:32:56+00:00","dateModified":"2024-07-09T13:39:36+00:00","breadcrumb":{"@id":"https:\/\/zero-gravite.ca\/en\/climbing-classes-2\/#breadcrumb"},"inLanguage":"en-US","potentialAction":[{"@type":"ReadAction","target":["https:\/\/zero-gravite.ca\/en\/climbing-classes-2\/"]}]},{"@type":"ImageObject","inLanguage":"en-US","@id":"https:\/\/zero-gravite.ca\/en\/climbing-classes-2\/#primaryimage","url":"https:\/\/zero-gravite.ca\/wp-content\/uploads\/2024\/06\/VS709743-web-819x1024.jpg","contentUrl":"https:\/\/zero-gravite.ca\/wp-content\/uploads\/2024\/06\/VS709743-web-819x1024.jpg"},{"@type":"BreadcrumbList","@id":"https:\/\/zero-gravite.ca\/en\/climbing-classes-2\/#breadcrumb","itemListElement":[{"@type":"ListItem","position":1,"name":"Accueil","item":"https:\/\/zero-gravite.ca\/en\/"},{"@type":"ListItem","position":2,"name":"Climbing classes"}]},{"@type":"WebSite","@id":"https:\/\/zero-gravite.ca\/en\/#website","url":"https:\/\/zero-gravite.ca\/en\/","name":"Z\u00e9ro Gravit\u00e9","description":"Escalade et yoga au coeur de Montr\u00e9al","publisher":{"@id":"https:\/\/zero-gravite.ca\/en\/#organization"},"potentialAction":[{"@type":"SearchAction","target":{"@type":"EntryPoint","urlTemplate":"https:\/\/zero-gravite.ca\/en\/?s={search_term_string}"},"query-input":"required name=search_term_string"}],"inLanguage":"en-US"},{"@type":"Organization","@id":"https:\/\/zero-gravite.ca\/en\/#organization","name":"Z\u00e9ro Gravit\u00e9 escalade & yoga","url":"https:\/\/zero-gravite.ca\/en\/","logo":{"@type":"ImageObject","inLanguage":"en-US","@id":"https:\/\/zero-gravite.ca\/en\/#\/schema\/logo\/image\/","url":"https:\/\/zero-gravite.ca\/wp-content\/uploads\/2022\/02\/ZG_Logo_Classic_CMYK.png","contentUrl":"https:\/\/zero-gravite.ca\/wp-content\/uploads\/2022\/02\/ZG_Logo_Classic_CMYK.png","width":1777,"height":1600,"caption":"Z\u00e9ro Gravit\u00e9 escalade & yoga"},"image":{"@id":"https:\/\/zero-gravite.ca\/en\/#\/schema\/logo\/image\/"},"sameAs":["https:\/\/www.facebook.com\/0gravite","https:\/\/www.instagram.com\/zero.gravite"]}]}},"publishpress_future_action":{"enabled":false,"date":"2026-05-01 06:17:29","action":"change-status","newStatus":"draft","terms":[],"taxonomy":"translation_priority"},"_links":{"self":[{"href":"https:\/\/zero-gravite.ca\/en\/wp-json\/wp\/v2\/pages\/16033","targetHints":{"allow":["GET"]}}],"collection":[{"href":"https:\/\/zero-gravite.ca\/en\/wp-json\/wp\/v2\/pages"}],"about":[{"href":"https:\/\/zero-gravite.ca\/en\/wp-json\/wp\/v2\/types\/page"}],"author":[{"embeddable":true,"href":"https:\/\/zero-gravite.ca\/en\/wp-json\/wp\/v2\/users\/23"}],"replies":[{"embeddable":true,"href":"https:\/\/zero-gravite.ca\/en\/wp-json\/wp\/v2\/comments?post=16033"}],"version-history":[{"count":3,"href":"https:\/\/zero-gravite.ca\/en\/wp-json\/wp\/v2\/pages\/16033\/revisions"}],"predecessor-version":[{"id":16596,"href":"https:\/\/zero-gravite.ca\/en\/wp-json\/wp\/v2\/pages\/16033\/revisions\/16596"}],"wp:attachment":[{"href":"https:\/\/zero-gravite.ca\/en\/wp-json\/wp\/v2\/media?parent=16033"}],"curies":[{"name":"wp","href":"https:\/\/api.w.org\/{rel}","templated":true}]}}