{"id":1866,"date":"2020-08-22T09:51:11","date_gmt":"2020-08-22T13:51:11","guid":{"rendered":"https:\/\/zero-gravite.ca\/2020\/?page_id=1866"},"modified":"2024-07-09T09:27:56","modified_gmt":"2024-07-09T13:27:56","slug":"types-of-climbing","status":"publish","type":"page","link":"https:\/\/zero-gravite.ca\/en\/climbing\/types-of-climbing\/","title":{"rendered":"Types of Climbing"},"content":{"rendered":"\t\t<div data-elementor-type=\"wp-page\" data-elementor-id=\"1866\" class=\"elementor elementor-1866\" data-elementor-post-type=\"page\">\n\t\t\t\t\t\t<section class=\"elementor-section elementor-top-section elementor-element elementor-element-1cb91f15 elementor-section-full_width elementor-section-height-default elementor-section-height-default\" data-id=\"1cb91f15\" data-element_type=\"section\" data-settings=\"{&quot;background_background&quot;:&quot;classic&quot;}\">\n\t\t\t\t\t\t\t<div class=\"elementor-background-overlay\"><\/div>\n\t\t\t\t\t\t\t<div class=\"elementor-container elementor-column-gap-default\">\n\t\t\t\t\t<div class=\"elementor-column elementor-col-100 elementor-top-column elementor-element elementor-element-58253bb7\" data-id=\"58253bb7\" data-element_type=\"column\">\n\t\t\t<div class=\"elementor-widget-wrap elementor-element-populated\">\n\t\t\t\t\t\t<div class=\"elementor-element elementor-element-316cb948 elementor-widget elementor-widget-heading\" data-id=\"316cb948\" data-element_type=\"widget\" data-widget_type=\"heading.default\">\n\t\t\t\t<div class=\"elementor-widget-container\">\n\t\t\t<h1 class=\"elementor-heading-title elementor-size-default\">Our climbing walls<\/h1>\t\t<\/div>\n\t\t\t\t<\/div>\n\t\t\t\t\t<\/div>\n\t\t<\/div>\n\t\t\t\t\t<\/div>\n\t\t<\/section>\n\t\t\t\t<section class=\"elementor-section elementor-top-section elementor-element elementor-element-041280d elementor-reverse-tablet elementor-reverse-mobile elementor-section-full_width elementor-section-height-default elementor-section-height-default\" data-id=\"041280d\" data-element_type=\"section\">\n\t\t\t\t\t\t\t<div class=\"elementor-background-overlay\"><\/div>\n\t\t\t\t\t\t\t<div class=\"elementor-container elementor-column-gap-default\">\n\t\t\t\t\t<div class=\"elementor-column elementor-col-66 elementor-top-column elementor-element elementor-element-0410f01\" data-id=\"0410f01\" data-element_type=\"column\" data-settings=\"{&quot;background_background&quot;:&quot;classic&quot;}\">\n\t\t\t<div class=\"elementor-widget-wrap elementor-element-populated\">\n\t\t\t\t\t\t<div class=\"elementor-element elementor-element-58e7826 elementor-widget elementor-widget-image\" data-id=\"58e7826\" data-element_type=\"widget\" data-widget_type=\"image.default\">\n\t\t\t\t<div class=\"elementor-widget-container\">\n\t\t\t\t\t\t\t\t\t\t\t\t\t<img fetchpriority=\"high\" decoding=\"async\" width=\"1024\" height=\"640\" src=\"https:\/\/zero-gravite.ca\/wp-content\/uploads\/2024\/06\/RICHARD_MARDENS-02724-web-1024x640.jpg\" class=\"attachment-large size-large wp-image-16105\" alt=\"escalade en moulinette \u00e0 Z\u00e9ro Gravit\u00e9 \u00e0 Montr\u00e9al\" srcset=\"https:\/\/zero-gravite.ca\/wp-content\/uploads\/2024\/06\/RICHARD_MARDENS-02724-web-1024x640.jpg 1024w, https:\/\/zero-gravite.ca\/wp-content\/uploads\/2024\/06\/RICHARD_MARDENS-02724-web-300x188.jpg 300w, https:\/\/zero-gravite.ca\/wp-content\/uploads\/2024\/06\/RICHARD_MARDENS-02724-web-768x480.jpg 768w, https:\/\/zero-gravite.ca\/wp-content\/uploads\/2024\/06\/RICHARD_MARDENS-02724-web.jpg 1304w\" sizes=\"(max-width: 1024px) 100vw, 1024px\" \/>\t\t\t\t\t\t\t\t\t\t\t\t\t<\/div>\n\t\t\t\t<\/div>\n\t\t\t\t\t<\/div>\n\t\t<\/div>\n\t\t\t\t<div class=\"elementor-column elementor-col-33 elementor-top-column elementor-element elementor-element-cd96b92\" data-id=\"cd96b92\" data-element_type=\"column\">\n\t\t\t<div class=\"elementor-widget-wrap elementor-element-populated\">\n\t\t\t\t\t\t<div class=\"elementor-element elementor-element-b611d0f elementor-widget elementor-widget-heading\" data-id=\"b611d0f\" data-element_type=\"widget\" data-widget_type=\"heading.default\">\n\t\t\t\t<div class=\"elementor-widget-container\">\n\t\t\t<h2 class=\"elementor-heading-title elementor-size-default\">Top Rope<\/h2>\t\t<\/div>\n\t\t\t\t<\/div>\n\t\t\t\t<div class=\"elementor-element elementor-element-be652b8 elementor-widget elementor-widget-text-editor\" data-id=\"be652b8\" data-element_type=\"widget\" data-widget_type=\"text-editor.default\">\n\t\t\t\t<div class=\"elementor-widget-container\">\n\t\t\t\t\t\t\t<p>Ages 12 and up to belay &#8211; Accreditation required<\/p><p>Top rope climbing is a great way for new climbers to experience climbing taller walls with the safety of climbing gear such as harnesses and belay devices.<\/p><p>This type of climbing requires a belay partner, someone who has passed their accreditation.<\/p><p>New climbers\u00a0<strong>do not<\/strong> require an accreditation to\u00a0<em>climb,\u00a0<\/em>however, you\u00a0<strong>do\u00a0<\/strong>require an accreditation to\u00a0<em>belay<\/em>.<\/p><p>For more information on accreditations, please visit our <span style=\"text-decoration: underline;\"><a href=\"https:\/\/zero-gravite.ca\/en\/climbing\/accreditation\/\">accreditation page<\/a><\/span>.<\/p>\t\t\t\t\t\t<\/div>\n\t\t\t\t<\/div>\n\t\t\t\t\t<\/div>\n\t\t<\/div>\n\t\t\t\t\t<\/div>\n\t\t<\/section>\n\t\t\t\t<section class=\"elementor-section elementor-top-section elementor-element elementor-element-728903f elementor-section-full_width elementor-section-height-default elementor-section-height-default\" data-id=\"728903f\" data-element_type=\"section\" data-settings=\"{&quot;background_background&quot;:&quot;classic&quot;}\">\n\t\t\t\t\t\t<div class=\"elementor-container elementor-column-gap-default\">\n\t\t\t\t\t<div class=\"elementor-column elementor-col-33 elementor-top-column elementor-element elementor-element-9c1da13\" data-id=\"9c1da13\" data-element_type=\"column\">\n\t\t\t<div class=\"elementor-widget-wrap elementor-element-populated\">\n\t\t\t\t\t\t<div class=\"elementor-element elementor-element-0fb2f3c elementor-widget elementor-widget-heading\" data-id=\"0fb2f3c\" data-element_type=\"widget\" data-widget_type=\"heading.default\">\n\t\t\t\t<div class=\"elementor-widget-container\">\n\t\t\t<h2 class=\"elementor-heading-title elementor-size-default\">Lead<\/h2>\t\t<\/div>\n\t\t\t\t<\/div>\n\t\t\t\t<div class=\"elementor-element elementor-element-6f7745f elementor-widget__width-initial elementor-widget elementor-widget-text-editor\" data-id=\"6f7745f\" data-element_type=\"widget\" data-widget_type=\"text-editor.default\">\n\t\t\t\t<div class=\"elementor-widget-container\">\n\t\t\t\t\t\t\t<p>Ages 14 and up &#8211; Accreditation required<\/p><p>Lead climbing is typically for experienced climbers who are able to climb more difficult routes.<\/p><p>In lead climbing, the rope remains on the ground with the belay partner. The climber will then clip the rope into quickdraws for protection as they climb up the wall.\u00a0<\/p><p>Both the climber and the belay partner require accreditations before they can access our lead climbing routes.<\/p><p>For more information on accreditations, please visit our <span style=\"text-decoration: underline;\"><a href=\"https:\/\/zero-gravite.ca\/en\/climbing\/accreditation\/\">accreditation page<\/a><\/span>.<\/p>\t\t\t\t\t\t<\/div>\n\t\t\t\t<\/div>\n\t\t\t\t\t<\/div>\n\t\t<\/div>\n\t\t\t\t<div class=\"elementor-column elementor-col-66 elementor-top-column elementor-element elementor-element-32aba88\" data-id=\"32aba88\" data-element_type=\"column\">\n\t\t\t<div class=\"elementor-widget-wrap elementor-element-populated\">\n\t\t\t\t\t\t<div class=\"elementor-element elementor-element-9199fc4 elementor-widget elementor-widget-image\" data-id=\"9199fc4\" data-element_type=\"widget\" data-widget_type=\"image.default\">\n\t\t\t\t<div class=\"elementor-widget-container\">\n\t\t\t\t\t\t\t\t\t\t\t\t\t<img decoding=\"async\" width=\"1024\" height=\"682\" src=\"https:\/\/zero-gravite.ca\/wp-content\/uploads\/2024\/06\/RICHARD_MARDENS-03379-1024x682.jpg\" class=\"attachment-large size-large wp-image-16114\" alt=\"escalade en premier de cord\u00e9e \u00e0 Z\u00e9ro Gravit\u00e9, Montr\u00e9al\" srcset=\"https:\/\/zero-gravite.ca\/wp-content\/uploads\/2024\/06\/RICHARD_MARDENS-03379-1024x682.jpg 1024w, https:\/\/zero-gravite.ca\/wp-content\/uploads\/2024\/06\/RICHARD_MARDENS-03379-300x200.jpg 300w, https:\/\/zero-gravite.ca\/wp-content\/uploads\/2024\/06\/RICHARD_MARDENS-03379-768x512.jpg 768w, https:\/\/zero-gravite.ca\/wp-content\/uploads\/2024\/06\/RICHARD_MARDENS-03379-1536x1024.jpg 1536w, https:\/\/zero-gravite.ca\/wp-content\/uploads\/2024\/06\/RICHARD_MARDENS-03379.jpg 2000w\" sizes=\"(max-width: 1024px) 100vw, 1024px\" \/>\t\t\t\t\t\t\t\t\t\t\t\t\t<\/div>\n\t\t\t\t<\/div>\n\t\t\t\t\t<\/div>\n\t\t<\/div>\n\t\t\t\t\t<\/div>\n\t\t<\/section>\n\t\t\t\t<section class=\"elementor-section elementor-top-section elementor-element elementor-element-8e9d4a3 elementor-section-full_width elementor-section-height-default elementor-section-height-default\" data-id=\"8e9d4a3\" data-element_type=\"section\" data-settings=\"{&quot;background_background&quot;:&quot;classic&quot;}\">\n\t\t\t\t\t\t<div class=\"elementor-container elementor-column-gap-default\">\n\t\t\t\t\t<div class=\"elementor-column elementor-col-66 elementor-top-column elementor-element elementor-element-a1b33d0\" data-id=\"a1b33d0\" data-element_type=\"column\">\n\t\t\t<div class=\"elementor-widget-wrap elementor-element-populated\">\n\t\t\t\t\t\t<div class=\"elementor-element elementor-element-b114522 elementor-widget elementor-widget-image\" data-id=\"b114522\" data-element_type=\"widget\" data-widget_type=\"image.default\">\n\t\t\t\t<div class=\"elementor-widget-container\">\n\t\t\t\t\t\t\t\t\t\t\t\t\t<img decoding=\"async\" width=\"1024\" height=\"683\" src=\"https:\/\/zero-gravite.ca\/wp-content\/uploads\/2023\/09\/sans-titre-9220jpg_46758900411_o-1024x683.jpg\" class=\"attachment-large size-large wp-image-13867\" alt=\"bloc d&#039;escalade \u00e0 Montr\u00e9al - Z\u00e9ro Gravit\u00e9\" srcset=\"https:\/\/zero-gravite.ca\/wp-content\/uploads\/2023\/09\/sans-titre-9220jpg_46758900411_o-1024x683.jpg 1024w, https:\/\/zero-gravite.ca\/wp-content\/uploads\/2023\/09\/sans-titre-9220jpg_46758900411_o-300x200.jpg 300w, https:\/\/zero-gravite.ca\/wp-content\/uploads\/2023\/09\/sans-titre-9220jpg_46758900411_o-768x512.jpg 768w, https:\/\/zero-gravite.ca\/wp-content\/uploads\/2023\/09\/sans-titre-9220jpg_46758900411_o-1536x1024.jpg 1536w, https:\/\/zero-gravite.ca\/wp-content\/uploads\/2023\/09\/sans-titre-9220jpg_46758900411_o-2048x1365.jpg 2048w\" sizes=\"(max-width: 1024px) 100vw, 1024px\" \/>\t\t\t\t\t\t\t\t\t\t\t\t\t<\/div>\n\t\t\t\t<\/div>\n\t\t\t\t\t<\/div>\n\t\t<\/div>\n\t\t\t\t<div class=\"elementor-column elementor-col-33 elementor-top-column elementor-element elementor-element-ed74e5b\" data-id=\"ed74e5b\" data-element_type=\"column\">\n\t\t\t<div class=\"elementor-widget-wrap elementor-element-populated\">\n\t\t\t\t\t\t<div class=\"elementor-element elementor-element-534a47f elementor-widget elementor-widget-heading\" data-id=\"534a47f\" data-element_type=\"widget\" data-widget_type=\"heading.default\">\n\t\t\t\t<div class=\"elementor-widget-container\">\n\t\t\t<h2 class=\"elementor-heading-title elementor-size-default\">Bouldering<\/h2>\t\t<\/div>\n\t\t\t\t<\/div>\n\t\t\t\t<div class=\"elementor-element elementor-element-c5cea6f elementor-widget elementor-widget-text-editor\" data-id=\"c5cea6f\" data-element_type=\"widget\" data-widget_type=\"text-editor.default\">\n\t\t\t\t<div class=\"elementor-widget-container\">\n\t\t\t\t\t\t\t<p>Ages 12 and up &#8211; No prerequisites required<\/p><p>Whether you wish to tackle hard moves or just have a good time, we have challenging problems for you.<\/p><p>Bouldering is a form of rock climbing done on shorter walls without the use of ropes or harnesses\u2014a great way to get accustomed to heights.<\/p><p>As a side benefit, you don\u2019t need a partner or have to wait for turns (but it\u2019s very enjoyable in groups!).<\/p><p>Our 14 ft-high walls (4.2 m) are paired with thick bouldering mats to catch your falls and keep you safe.\u00a0<\/p>\t\t\t\t\t\t<\/div>\n\t\t\t\t<\/div>\n\t\t\t\t\t<\/div>\n\t\t<\/div>\n\t\t\t\t\t<\/div>\n\t\t<\/section>\n\t\t\t\t<\/div>\n\t\t","protected":false},"excerpt":{"rendered":"<p>Our climbing walls Top Rope Ages 12 and up to belay &#8211; Accreditation required Top rope climbing is a great way for new climbers to experience climbing taller walls with &hellip;<\/p>\n<p class=\"read-more\"> <a class=\"\" href=\"https:\/\/zero-gravite.ca\/en\/climbing\/types-of-climbing\/\"> <span class=\"screen-reader-text\">Types of Climbing<\/span> Read More &raquo;<\/a><\/p>\n","protected":false},"author":15,"featured_media":0,"parent":3460,"menu_order":0,"comment_status":"closed","ping_status":"closed","template":"elementor_header_footer","meta":{"_mo_disable_npp":"","site-sidebar-layout":"default","site-content-layout":"default","ast-global-header-display":"","ast-main-header-display":"","ast-hfb-above-header-display":"","ast-hfb-below-header-display":"","ast-hfb-mobile-header-display":"","site-post-title":"","ast-breadcrumbs-content":"","ast-featured-img":"","footer-sml-layout":"","theme-transparent-header-meta":"default","adv-header-id-meta":"","stick-header-meta":"","header-above-stick-meta":"","header-main-stick-meta":"","header-below-stick-meta":"","_EventAllDay":false,"_EventTimezone":"","_EventStartDate":"","_EventEndDate":"","_EventStartDateUTC":"","_EventEndDateUTC":"","_EventShowMap":false,"_EventShowMapLink":false,"_EventURL":"","_EventCost":"","_EventCostDescription":"","_EventCurrencySymbol":"","_EventCurrencyCode":"","_EventCurrencyPosition":"","_EventDateTimeSeparator":"","_EventTimeRangeSeparator":"","_EventOrganizerID":[],"_EventVenueID":[],"_OrganizerEmail":"","_OrganizerPhone":"","_OrganizerWebsite":"","_VenueAddress":"","_VenueCity":"","_VenueCountry":"","_VenueProvince":"","_VenueState":"","_VenueZip":"","_VenuePhone":"","_VenueURL":"","_VenueStateProvince":"","_VenueLat":"","_VenueLng":"","_VenueShowMap":false,"_VenueShowMapLink":false,"footnotes":""},"class_list":["post-1866","page","type-page","status-publish","hentry"],"yoast_head":"<!-- This site is optimized with the Yoast SEO plugin v22.7 - https:\/\/yoast.com\/wordpress\/plugins\/seo\/ -->\n<title>Types of climbing | Z\u00e9ro Gravit\u00e9 Climbing &amp; Yoga<\/title>\n<meta name=\"description\" content=\"We offer 3 types of indoor rock climbing in the heart of Montreal: top rope, lead &amp; bouldering. Join our community today!\" \/>\n<meta name=\"robots\" content=\"index, follow, max-snippet:-1, max-image-preview:large, max-video-preview:-1\" \/>\n<link rel=\"canonical\" href=\"https:\/\/zero-gravite.ca\/en\/climbing\/types-of-climbing\/\" \/>\n<meta property=\"og:locale\" content=\"en_US\" \/>\n<meta property=\"og:type\" content=\"article\" \/>\n<meta property=\"og:title\" content=\"Types of climbing | Z\u00e9ro Gravit\u00e9 Climbing &amp; Yoga\" \/>\n<meta property=\"og:description\" content=\"We offer 3 types of indoor rock climbing in the heart of Montreal: top rope, lead &amp; bouldering. Join our community today!\" \/>\n<meta property=\"og:url\" content=\"https:\/\/zero-gravite.ca\/en\/climbing\/types-of-climbing\/\" \/>\n<meta property=\"og:site_name\" content=\"Z\u00e9ro Gravit\u00e9\" \/>\n<meta property=\"article:publisher\" content=\"https:\/\/www.facebook.com\/0gravite\" \/>\n<meta property=\"article:modified_time\" content=\"2024-07-09T13:27:56+00:00\" \/>\n<meta property=\"og:image\" content=\"https:\/\/zero-gravite.ca\/wp-content\/uploads\/2024\/06\/RICHARD_MARDENS-02724-web-1024x640.jpg\" \/>\n<meta name=\"twitter:card\" content=\"summary_large_image\" \/>\n<meta name=\"twitter:label1\" content=\"Est. reading time\" \/>\n\t<meta name=\"twitter:data1\" content=\"2 minutes\" \/>\n<script type=\"application\/ld+json\" class=\"yoast-schema-graph\">{\"@context\":\"https:\/\/schema.org\",\"@graph\":[{\"@type\":\"WebPage\",\"@id\":\"https:\/\/zero-gravite.ca\/en\/climbing\/types-of-climbing\/\",\"url\":\"https:\/\/zero-gravite.ca\/en\/climbing\/types-of-climbing\/\",\"name\":\"Types of climbing | Z\u00e9ro Gravit\u00e9 Climbing & Yoga\",\"isPartOf\":{\"@id\":\"https:\/\/zero-gravite.ca\/en\/#website\"},\"primaryImageOfPage\":{\"@id\":\"https:\/\/zero-gravite.ca\/en\/climbing\/types-of-climbing\/#primaryimage\"},\"image\":{\"@id\":\"https:\/\/zero-gravite.ca\/en\/climbing\/types-of-climbing\/#primaryimage\"},\"thumbnailUrl\":\"https:\/\/zero-gravite.ca\/wp-content\/uploads\/2024\/06\/RICHARD_MARDENS-02724-web-1024x640.jpg\",\"datePublished\":\"2020-08-22T13:51:11+00:00\",\"dateModified\":\"2024-07-09T13:27:56+00:00\",\"description\":\"We offer 3 types of indoor rock climbing in the heart of Montreal: top rope, lead & bouldering. Join our community today!\",\"breadcrumb\":{\"@id\":\"https:\/\/zero-gravite.ca\/en\/climbing\/types-of-climbing\/#breadcrumb\"},\"inLanguage\":\"en-US\",\"potentialAction\":[{\"@type\":\"ReadAction\",\"target\":[\"https:\/\/zero-gravite.ca\/en\/climbing\/types-of-climbing\/\"]}]},{\"@type\":\"ImageObject\",\"inLanguage\":\"en-US\",\"@id\":\"https:\/\/zero-gravite.ca\/en\/climbing\/types-of-climbing\/#primaryimage\",\"url\":\"https:\/\/zero-gravite.ca\/wp-content\/uploads\/2024\/06\/RICHARD_MARDENS-02724-web-1024x640.jpg\",\"contentUrl\":\"https:\/\/zero-gravite.ca\/wp-content\/uploads\/2024\/06\/RICHARD_MARDENS-02724-web-1024x640.jpg\"},{\"@type\":\"BreadcrumbList\",\"@id\":\"https:\/\/zero-gravite.ca\/en\/climbing\/types-of-climbing\/#breadcrumb\",\"itemListElement\":[{\"@type\":\"ListItem\",\"position\":1,\"name\":\"Accueil\",\"item\":\"https:\/\/zero-gravite.ca\/en\/\"},{\"@type\":\"ListItem\",\"position\":2,\"name\":\"Climbing\",\"item\":\"https:\/\/zero-gravite.ca\/en\/escalade\/\"},{\"@type\":\"ListItem\",\"position\":3,\"name\":\"Types of Climbing\"}]},{\"@type\":\"WebSite\",\"@id\":\"https:\/\/zero-gravite.ca\/en\/#website\",\"url\":\"https:\/\/zero-gravite.ca\/en\/\",\"name\":\"Z\u00e9ro Gravit\u00e9\",\"description\":\"Escalade et yoga au coeur de Montr\u00e9al\",\"publisher\":{\"@id\":\"https:\/\/zero-gravite.ca\/en\/#organization\"},\"potentialAction\":[{\"@type\":\"SearchAction\",\"target\":{\"@type\":\"EntryPoint\",\"urlTemplate\":\"https:\/\/zero-gravite.ca\/en\/?s={search_term_string}\"},\"query-input\":\"required name=search_term_string\"}],\"inLanguage\":\"en-US\"},{\"@type\":\"Organization\",\"@id\":\"https:\/\/zero-gravite.ca\/en\/#organization\",\"name\":\"Z\u00e9ro Gravit\u00e9 escalade & yoga\",\"url\":\"https:\/\/zero-gravite.ca\/en\/\",\"logo\":{\"@type\":\"ImageObject\",\"inLanguage\":\"en-US\",\"@id\":\"https:\/\/zero-gravite.ca\/en\/#\/schema\/logo\/image\/\",\"url\":\"https:\/\/zero-gravite.ca\/wp-content\/uploads\/2022\/02\/ZG_Logo_Classic_CMYK.png\",\"contentUrl\":\"https:\/\/zero-gravite.ca\/wp-content\/uploads\/2022\/02\/ZG_Logo_Classic_CMYK.png\",\"width\":1777,\"height\":1600,\"caption\":\"Z\u00e9ro Gravit\u00e9 escalade & yoga\"},\"image\":{\"@id\":\"https:\/\/zero-gravite.ca\/en\/#\/schema\/logo\/image\/\"},\"sameAs\":[\"https:\/\/www.facebook.com\/0gravite\",\"https:\/\/www.instagram.com\/zero.gravite\"]}]}<\/script>\n<!-- \/ Yoast SEO plugin. -->","yoast_head_json":{"title":"Types of climbing | Z\u00e9ro Gravit\u00e9 Climbing & Yoga","description":"We offer 3 types of indoor rock climbing in the heart of Montreal: top rope, lead & bouldering. Join our community today!","robots":{"index":"index","follow":"follow","max-snippet":"max-snippet:-1","max-image-preview":"max-image-preview:large","max-video-preview":"max-video-preview:-1"},"canonical":"https:\/\/zero-gravite.ca\/en\/climbing\/types-of-climbing\/","og_locale":"en_US","og_type":"article","og_title":"Types of climbing | Z\u00e9ro Gravit\u00e9 Climbing & Yoga","og_description":"We offer 3 types of indoor rock climbing in the heart of Montreal: top rope, lead & bouldering. Join our community today!","og_url":"https:\/\/zero-gravite.ca\/en\/climbing\/types-of-climbing\/","og_site_name":"Z\u00e9ro Gravit\u00e9","article_publisher":"https:\/\/www.facebook.com\/0gravite","article_modified_time":"2024-07-09T13:27:56+00:00","og_image":[{"url":"https:\/\/zero-gravite.ca\/wp-content\/uploads\/2024\/06\/RICHARD_MARDENS-02724-web-1024x640.jpg"}],"twitter_card":"summary_large_image","twitter_misc":{"Est. reading time":"2 minutes"},"schema":{"@context":"https:\/\/schema.org","@graph":[{"@type":"WebPage","@id":"https:\/\/zero-gravite.ca\/en\/climbing\/types-of-climbing\/","url":"https:\/\/zero-gravite.ca\/en\/climbing\/types-of-climbing\/","name":"Types of climbing | Z\u00e9ro Gravit\u00e9 Climbing & Yoga","isPartOf":{"@id":"https:\/\/zero-gravite.ca\/en\/#website"},"primaryImageOfPage":{"@id":"https:\/\/zero-gravite.ca\/en\/climbing\/types-of-climbing\/#primaryimage"},"image":{"@id":"https:\/\/zero-gravite.ca\/en\/climbing\/types-of-climbing\/#primaryimage"},"thumbnailUrl":"https:\/\/zero-gravite.ca\/wp-content\/uploads\/2024\/06\/RICHARD_MARDENS-02724-web-1024x640.jpg","datePublished":"2020-08-22T13:51:11+00:00","dateModified":"2024-07-09T13:27:56+00:00","description":"We offer 3 types of indoor rock climbing in the heart of Montreal: top rope, lead & bouldering. Join our community today!","breadcrumb":{"@id":"https:\/\/zero-gravite.ca\/en\/climbing\/types-of-climbing\/#breadcrumb"},"inLanguage":"en-US","potentialAction":[{"@type":"ReadAction","target":["https:\/\/zero-gravite.ca\/en\/climbing\/types-of-climbing\/"]}]},{"@type":"ImageObject","inLanguage":"en-US","@id":"https:\/\/zero-gravite.ca\/en\/climbing\/types-of-climbing\/#primaryimage","url":"https:\/\/zero-gravite.ca\/wp-content\/uploads\/2024\/06\/RICHARD_MARDENS-02724-web-1024x640.jpg","contentUrl":"https:\/\/zero-gravite.ca\/wp-content\/uploads\/2024\/06\/RICHARD_MARDENS-02724-web-1024x640.jpg"},{"@type":"BreadcrumbList","@id":"https:\/\/zero-gravite.ca\/en\/climbing\/types-of-climbing\/#breadcrumb","itemListElement":[{"@type":"ListItem","position":1,"name":"Accueil","item":"https:\/\/zero-gravite.ca\/en\/"},{"@type":"ListItem","position":2,"name":"Climbing","item":"https:\/\/zero-gravite.ca\/en\/escalade\/"},{"@type":"ListItem","position":3,"name":"Types of Climbing"}]},{"@type":"WebSite","@id":"https:\/\/zero-gravite.ca\/en\/#website","url":"https:\/\/zero-gravite.ca\/en\/","name":"Z\u00e9ro Gravit\u00e9","description":"Escalade et yoga au coeur de Montr\u00e9al","publisher":{"@id":"https:\/\/zero-gravite.ca\/en\/#organization"},"potentialAction":[{"@type":"SearchAction","target":{"@type":"EntryPoint","urlTemplate":"https:\/\/zero-gravite.ca\/en\/?s={search_term_string}"},"query-input":"required name=search_term_string"}],"inLanguage":"en-US"},{"@type":"Organization","@id":"https:\/\/zero-gravite.ca\/en\/#organization","name":"Z\u00e9ro Gravit\u00e9 escalade & yoga","url":"https:\/\/zero-gravite.ca\/en\/","logo":{"@type":"ImageObject","inLanguage":"en-US","@id":"https:\/\/zero-gravite.ca\/en\/#\/schema\/logo\/image\/","url":"https:\/\/zero-gravite.ca\/wp-content\/uploads\/2022\/02\/ZG_Logo_Classic_CMYK.png","contentUrl":"https:\/\/zero-gravite.ca\/wp-content\/uploads\/2022\/02\/ZG_Logo_Classic_CMYK.png","width":1777,"height":1600,"caption":"Z\u00e9ro Gravit\u00e9 escalade & yoga"},"image":{"@id":"https:\/\/zero-gravite.ca\/en\/#\/schema\/logo\/image\/"},"sameAs":["https:\/\/www.facebook.com\/0gravite","https:\/\/www.instagram.com\/zero.gravite"]}]}},"publishpress_future_action":{"enabled":false,"date":"2026-05-19 12:52:16","action":"change-status","newStatus":"draft","terms":[],"taxonomy":"translation_priority"},"_links":{"self":[{"href":"https:\/\/zero-gravite.ca\/en\/wp-json\/wp\/v2\/pages\/1866","targetHints":{"allow":["GET"]}}],"collection":[{"href":"https:\/\/zero-gravite.ca\/en\/wp-json\/wp\/v2\/pages"}],"about":[{"href":"https:\/\/zero-gravite.ca\/en\/wp-json\/wp\/v2\/types\/page"}],"author":[{"embeddable":true,"href":"https:\/\/zero-gravite.ca\/en\/wp-json\/wp\/v2\/users\/15"}],"replies":[{"embeddable":true,"href":"https:\/\/zero-gravite.ca\/en\/wp-json\/wp\/v2\/comments?post=1866"}],"version-history":[{"count":23,"href":"https:\/\/zero-gravite.ca\/en\/wp-json\/wp\/v2\/pages\/1866\/revisions"}],"predecessor-version":[{"id":16587,"href":"https:\/\/zero-gravite.ca\/en\/wp-json\/wp\/v2\/pages\/1866\/revisions\/16587"}],"up":[{"embeddable":true,"href":"https:\/\/zero-gravite.ca\/en\/wp-json\/wp\/v2\/pages\/3460"}],"wp:attachment":[{"href":"https:\/\/zero-gravite.ca\/en\/wp-json\/wp\/v2\/media?parent=1866"}],"curies":[{"name":"wp","href":"https:\/\/api.w.org\/{rel}","templated":true}]}}