{"id":463,"date":"2020-07-22T05:54:06","date_gmt":"2020-07-22T09:54:06","guid":{"rendered":"https:\/\/zero-gravite.ca\/2020\/?page_id=463"},"modified":"2026-01-20T16:13:32","modified_gmt":"2026-01-20T21:13:32","slug":"shoe-resoling","status":"publish","type":"page","link":"https:\/\/zero-gravite.ca\/en\/climbing\/shoe-resoling\/","title":{"rendered":"Climbing Shoe Resoling and Repair"},"content":{"rendered":"\t\t<div data-elementor-type=\"wp-page\" data-elementor-id=\"463\" class=\"elementor elementor-463\" data-elementor-post-type=\"page\">\n\t\t\t\t\t\t<section class=\"elementor-section elementor-top-section elementor-element elementor-element-54b3ffe3 elementor-section-full_width elementor-section-height-default elementor-section-height-default\" data-id=\"54b3ffe3\" data-element_type=\"section\" data-settings=\"{&quot;background_background&quot;:&quot;classic&quot;}\">\n\t\t\t\t\t\t\t<div class=\"elementor-background-overlay\"><\/div>\n\t\t\t\t\t\t\t<div class=\"elementor-container elementor-column-gap-default\">\n\t\t\t\t\t<div class=\"elementor-column elementor-col-100 elementor-top-column elementor-element elementor-element-7ff92d31\" data-id=\"7ff92d31\" data-element_type=\"column\">\n\t\t\t<div class=\"elementor-widget-wrap elementor-element-populated\">\n\t\t\t\t\t\t<div class=\"elementor-element elementor-element-2a9dc3ee elementor-widget elementor-widget-heading\" data-id=\"2a9dc3ee\" data-element_type=\"widget\" data-widget_type=\"heading.default\">\n\t\t\t\t<div class=\"elementor-widget-container\">\n\t\t\t<h2 class=\"elementor-heading-title elementor-size-default\">Give your shoes a second life<\/h2>\t\t<\/div>\n\t\t\t\t<\/div>\n\t\t\t\t<div class=\"elementor-element elementor-element-14559972 elementor-widget elementor-widget-heading\" data-id=\"14559972\" data-element_type=\"widget\" data-widget_type=\"heading.default\">\n\t\t\t\t<div class=\"elementor-widget-container\">\n\t\t\t<h1 class=\"elementor-heading-title elementor-size-default\">Resole and Repair Climbing Shoes<\/h1>\t\t<\/div>\n\t\t\t\t<\/div>\n\t\t\t\t<div class=\"elementor-element elementor-element-52d5e88 elementor-widget elementor-widget-text-editor\" data-id=\"52d5e88\" data-element_type=\"widget\" data-widget_type=\"text-editor.default\">\n\t\t\t\t<div class=\"elementor-widget-container\">\n\t\t\t\t\t\t\t<p>Give life to your favourite pair, save money and reduce waste with our partner Andy&#8217;s outdoor<\/p>\t\t\t\t\t\t<\/div>\n\t\t\t\t<\/div>\n\t\t\t\t<section class=\"elementor-section elementor-inner-section elementor-element elementor-element-3d039b2e elementor-section-full_width elementor-section-height-default elementor-section-height-default\" data-id=\"3d039b2e\" data-element_type=\"section\" data-settings=\"{&quot;background_background&quot;:&quot;classic&quot;}\">\n\t\t\t\t\t\t<div class=\"elementor-container elementor-column-gap-default\">\n\t\t\t\t\t<div class=\"elementor-column elementor-col-100 elementor-inner-column elementor-element elementor-element-38283a3b\" data-id=\"38283a3b\" data-element_type=\"column\">\n\t\t\t<div class=\"elementor-widget-wrap elementor-element-populated\">\n\t\t\t\t\t\t<div class=\"elementor-element elementor-element-36bef0fa elementor-widget elementor-widget-heading\" data-id=\"36bef0fa\" data-element_type=\"widget\" data-widget_type=\"heading.default\">\n\t\t\t\t<div class=\"elementor-widget-container\">\n\t\t\t<h2 class=\"elementor-heading-title elementor-size-default\">Andy's outdoor x Z\u00e9ro Gravit\u00e9\u200b<\/h2>\t\t<\/div>\n\t\t\t\t<\/div>\n\t\t\t\t<div class=\"elementor-element elementor-element-0f16298 elementor-widget elementor-widget-text-editor\" data-id=\"0f16298\" data-element_type=\"widget\" data-widget_type=\"text-editor.default\">\n\t\t\t\t<div class=\"elementor-widget-container\">\n\t\t\t\t\t\t\t<p><strong>A long-term partnership that offers members a reliable, high-quality shoe repair service all year round<\/strong><\/p><p>Have your shoes resoled\u00a0 by dropping them off at the Z\u00e9ro Gravit\u00e9 reception desk. We will forward them to our partner.<br \/>Two weeks after dropping them off, come pick them up at the reception desk, at your convenience during Z\u00e9ro Gravit\u00e9 opening hours. They will be as good as new!<\/p>\t\t\t\t\t\t<\/div>\n\t\t\t\t<\/div>\n\t\t\t\t<div class=\"elementor-element elementor-element-07dbada elementor-widget elementor-widget-heading\" data-id=\"07dbada\" data-element_type=\"widget\" data-widget_type=\"heading.default\">\n\t\t\t\t<div class=\"elementor-widget-container\">\n\t\t\t<h2 class=\"elementor-heading-title elementor-size-default\">Shoe Repair Details<\/h2>\t\t<\/div>\n\t\t\t\t<\/div>\n\t\t\t\t<div class=\"elementor-element elementor-element-8f60db2 elementor-widget elementor-widget-text-editor\" data-id=\"8f60db2\" data-element_type=\"widget\" data-widget_type=\"text-editor.default\">\n\t\t\t\t<div class=\"elementor-widget-container\">\n\t\t\t\t\t\t\t<p><strong>40$+tax per shoe | 80$+tx per paire.\u00a0<\/strong><br \/>Andy&#8217;s also offers other resole services as needed (Velcro repair, complete resole (toe, heel, front coating &#8230;).<\/p><p>Climbing shoes can be dropped off every day of the week. Our partenaire Andy&#8217;s outdoor pick them up every two weeks, on tuesday.\u00a0<br \/>Two weeks after, you can come pick them up at Z\u00e9ro Gravit\u00e9.<\/p><p><strong>When should you get your climbing shoes resoled?<\/strong> <br \/>To extend the life of your shoes, it may be a good idea to get them resoled before they become too worn. <br \/>As soon as the sole starts to become smooth and the line between the sole and the rubber rand (the rubber around the shoe) starts to erode, you can have them resoled. Ideally, this should be done before the rubber rand is punctured, for a simpler, cheaper, and more effective repair. Waiting until there is a hole makes the repair more complex and costly, or even impossible if the fabric is damaged.<br \/>To find out if your shoes can be repaired, feel free to ask us at the reception desk, or take a look at his website.<\/p>\t\t\t\t\t\t<\/div>\n\t\t\t\t<\/div>\n\t\t\t\t\t<\/div>\n\t\t<\/div>\n\t\t\t\t\t<\/div>\n\t\t<\/section>\n\t\t\t\t<section class=\"elementor-section elementor-inner-section elementor-element elementor-element-186b3688 elementor-section-boxed elementor-section-height-default elementor-section-height-default\" data-id=\"186b3688\" data-element_type=\"section\" data-settings=\"{&quot;background_background&quot;:&quot;classic&quot;}\">\n\t\t\t\t\t\t<div class=\"elementor-container elementor-column-gap-default\">\n\t\t\t\t\t<div class=\"elementor-column elementor-col-50 elementor-inner-column elementor-element elementor-element-66f06dad\" data-id=\"66f06dad\" data-element_type=\"column\">\n\t\t\t<div class=\"elementor-widget-wrap elementor-element-populated\">\n\t\t\t\t\t\t<div class=\"elementor-element elementor-element-ca6dae1 elementor-widget elementor-widget-image\" data-id=\"ca6dae1\" data-element_type=\"widget\" data-widget_type=\"image.default\">\n\t\t\t\t<div class=\"elementor-widget-container\">\n\t\t\t\t\t\t\t\t\t\t\t\t\t<img fetchpriority=\"high\" decoding=\"async\" width=\"960\" height=\"720\" src=\"https:\/\/zero-gravite.ca\/wp-content\/uploads\/2020\/07\/fzvmwysf3z021.jpg\" class=\"attachment-large size-large wp-image-483\" alt=\"shoes repaire\" srcset=\"https:\/\/zero-gravite.ca\/wp-content\/uploads\/2020\/07\/fzvmwysf3z021.jpg 960w, https:\/\/zero-gravite.ca\/wp-content\/uploads\/2020\/07\/fzvmwysf3z021-600x450.jpg 600w, https:\/\/zero-gravite.ca\/wp-content\/uploads\/2020\/07\/fzvmwysf3z021-300x225.jpg 300w, https:\/\/zero-gravite.ca\/wp-content\/uploads\/2020\/07\/fzvmwysf3z021-768x576.jpg 768w\" sizes=\"(max-width: 960px) 100vw, 960px\" \/>\t\t\t\t\t\t\t\t\t\t\t\t\t<\/div>\n\t\t\t\t<\/div>\n\t\t\t\t\t<\/div>\n\t\t<\/div>\n\t\t\t\t<div class=\"elementor-column elementor-col-50 elementor-inner-column elementor-element elementor-element-275adc69\" data-id=\"275adc69\" data-element_type=\"column\">\n\t\t\t<div class=\"elementor-widget-wrap elementor-element-populated\">\n\t\t\t\t\t\t<div class=\"elementor-element elementor-element-5547273e elementor-widget elementor-widget-heading\" data-id=\"5547273e\" data-element_type=\"widget\" data-widget_type=\"heading.default\">\n\t\t\t\t<div class=\"elementor-widget-container\">\n\t\t\t<h2 class=\"elementor-heading-title elementor-size-default\">Save money<\/h2>\t\t<\/div>\n\t\t\t\t<\/div>\n\t\t\t\t<div class=\"elementor-element elementor-element-698b40ea elementor-widget elementor-widget-text-editor\" data-id=\"698b40ea\" data-element_type=\"widget\" data-widget_type=\"text-editor.default\">\n\t\t\t\t<div class=\"elementor-widget-container\">\n\t\t\t\t\t\t\tClimbing shoes are expensive. It&#8217;s getting hard to find a pair under $100. Resoling shoes cost a fraction of the price and could save you $100+.\t\t\t\t\t\t<\/div>\n\t\t\t\t<\/div>\n\t\t\t\t<div class=\"elementor-element elementor-element-51ceeacf elementor-widget elementor-widget-heading\" data-id=\"51ceeacf\" data-element_type=\"widget\" data-widget_type=\"heading.default\">\n\t\t\t\t<div class=\"elementor-widget-container\">\n\t\t\t<h2 class=\"elementor-heading-title elementor-size-default\">Reduce waste<\/h2>\t\t<\/div>\n\t\t\t\t<\/div>\n\t\t\t\t<div class=\"elementor-element elementor-element-26a2d021 elementor-widget elementor-widget-text-editor\" data-id=\"26a2d021\" data-element_type=\"widget\" data-widget_type=\"text-editor.default\">\n\t\t\t\t<div class=\"elementor-widget-container\">\n\t\t\t\t\t\t\tDepending on the damage, shoes can be resoled multiple times. Why throw out a usable pair of shoes and add to the environmental impact when you could just get them repaired?\t\t\t\t\t\t<\/div>\n\t\t\t\t<\/div>\n\t\t\t\t<div class=\"elementor-element elementor-element-120cf23 elementor-widget elementor-widget-heading\" data-id=\"120cf23\" data-element_type=\"widget\" data-widget_type=\"heading.default\">\n\t\t\t\t<div class=\"elementor-widget-container\">\n\t\t\t<h2 class=\"elementor-heading-title elementor-size-default\">Keep your favourite pair<\/h2>\t\t<\/div>\n\t\t\t\t<\/div>\n\t\t\t\t<div class=\"elementor-element elementor-element-15b061d3 elementor-widget elementor-widget-text-editor\" data-id=\"15b061d3\" data-element_type=\"widget\" data-widget_type=\"text-editor.default\">\n\t\t\t\t<div class=\"elementor-widget-container\">\n\t\t\t\t\t\t\tSave your feet the pain of breaking in a new pair of shoes. Your shoes have been shaped to your feet through the wear and tear, however they will feel different after resoling while breaking in the new rubber.\t\t\t\t\t\t<\/div>\n\t\t\t\t<\/div>\n\t\t\t\t\t<\/div>\n\t\t<\/div>\n\t\t\t\t\t<\/div>\n\t\t<\/section>\n\t\t\t\t<section class=\"elementor-section elementor-inner-section elementor-element elementor-element-c44b53d elementor-section-boxed elementor-section-height-default elementor-section-height-default\" data-id=\"c44b53d\" data-element_type=\"section\" data-settings=\"{&quot;background_background&quot;:&quot;classic&quot;}\">\n\t\t\t\t\t\t<div class=\"elementor-container elementor-column-gap-default\">\n\t\t\t\t\t<div class=\"elementor-column elementor-col-50 elementor-inner-column elementor-element elementor-element-54c8172\" data-id=\"54c8172\" data-element_type=\"column\">\n\t\t\t<div class=\"elementor-widget-wrap elementor-element-populated\">\n\t\t\t\t\t\t<div class=\"elementor-element elementor-element-e932c6d elementor-widget__width-initial elementor-widget elementor-widget-heading\" data-id=\"e932c6d\" data-element_type=\"widget\" data-widget_type=\"heading.default\">\n\t\t\t\t<div class=\"elementor-widget-container\">\n\t\t\t<h2 class=\"elementor-heading-title elementor-size-default\">Pro-cobbler services <\/h2>\t\t<\/div>\n\t\t\t\t<\/div>\n\t\t\t\t<div class=\"elementor-element elementor-element-f494220 elementor-widget elementor-widget-text-editor\" data-id=\"f494220\" data-element_type=\"widget\" data-widget_type=\"text-editor.default\">\n\t\t\t\t<div class=\"elementor-widget-container\">\n\t\t\t\t\t\t\t<p><strong>Andy&#8217;s, the Montreal climbing shoe repair shop.<\/strong> <br \/>They don&#8217;t just repair shoes: they give them a second life so you can continue climbing with passion. Each resole is done in their Montreal workshop, where craftsmanship, precision, and sustainability are at the heart of their approach.<\/p>\t\t\t\t\t\t<\/div>\n\t\t\t\t<\/div>\n\t\t\t\t\t<\/div>\n\t\t<\/div>\n\t\t\t\t<div class=\"elementor-column elementor-col-50 elementor-inner-column elementor-element elementor-element-7ff0dff\" data-id=\"7ff0dff\" data-element_type=\"column\">\n\t\t\t<div class=\"elementor-widget-wrap elementor-element-populated\">\n\t\t\t\t\t\t<div class=\"elementor-element elementor-element-ba7dc20 elementor-widget elementor-widget-image\" data-id=\"ba7dc20\" data-element_type=\"widget\" data-widget_type=\"image.default\">\n\t\t\t\t<div class=\"elementor-widget-container\">\n\t\t\t\t\t\t\t\t\t\t\t\t\t<img decoding=\"async\" width=\"960\" height=\"958\" src=\"https:\/\/zero-gravite.ca\/wp-content\/uploads\/2026\/01\/andysoutdoor.jpg\" class=\"attachment-large size-large wp-image-21463\" alt=\"climbing shoes repairing rock climbing Z\u00e9ro Gravit\u00e9\" srcset=\"https:\/\/zero-gravite.ca\/wp-content\/uploads\/2026\/01\/andysoutdoor.jpg 960w, https:\/\/zero-gravite.ca\/wp-content\/uploads\/2026\/01\/andysoutdoor-300x300.jpg 300w, https:\/\/zero-gravite.ca\/wp-content\/uploads\/2026\/01\/andysoutdoor-150x150.jpg 150w, https:\/\/zero-gravite.ca\/wp-content\/uploads\/2026\/01\/andysoutdoor-768x766.jpg 768w\" sizes=\"(max-width: 960px) 100vw, 960px\" \/>\t\t\t\t\t\t\t\t\t\t\t\t\t<\/div>\n\t\t\t\t<\/div>\n\t\t\t\t\t<\/div>\n\t\t<\/div>\n\t\t\t\t\t<\/div>\n\t\t<\/section>\n\t\t\t\t\t<\/div>\n\t\t<\/div>\n\t\t\t\t\t<\/div>\n\t\t<\/section>\n\t\t\t\t<\/div>\n\t\t","protected":false},"excerpt":{"rendered":"<p>Give your shoes a second life Resole and Repair Climbing Shoes Give life to your favourite pair, save money and reduce waste with our partner Andy&#8217;s outdoor Andy&#8217;s outdoor x &hellip;<\/p>\n<p class=\"read-more\"> <a class=\"\" href=\"https:\/\/zero-gravite.ca\/en\/climbing\/shoe-resoling\/\"> <span class=\"screen-reader-text\">Climbing Shoe Resoling and Repair<\/span> Read More &raquo;<\/a><\/p>\n","protected":false},"author":15,"featured_media":0,"parent":3460,"menu_order":0,"comment_status":"closed","ping_status":"closed","template":"elementor_header_footer","meta":{"_mo_disable_npp":"","site-sidebar-layout":"default","site-content-layout":"default","ast-global-header-display":"","ast-main-header-display":"","ast-hfb-above-header-display":"","ast-hfb-below-header-display":"","ast-hfb-mobile-header-display":"","site-post-title":"","ast-breadcrumbs-content":"","ast-featured-img":"","footer-sml-layout":"","theme-transparent-header-meta":"","adv-header-id-meta":"","stick-header-meta":"","header-above-stick-meta":"","header-main-stick-meta":"","header-below-stick-meta":"","_EventAllDay":false,"_EventTimezone":"","_EventStartDate":"","_EventEndDate":"","_EventStartDateUTC":"","_EventEndDateUTC":"","_EventShowMap":false,"_EventShowMapLink":false,"_EventURL":"","_EventCost":"","_EventCostDescription":"","_EventCurrencySymbol":"","_EventCurrencyCode":"","_EventCurrencyPosition":"","_EventDateTimeSeparator":"","_EventTimeRangeSeparator":"","_EventOrganizerID":[],"_EventVenueID":[],"_OrganizerEmail":"","_OrganizerPhone":"","_OrganizerWebsite":"","_VenueAddress":"","_VenueCity":"","_VenueCountry":"","_VenueProvince":"","_VenueState":"","_VenueZip":"","_VenuePhone":"","_VenueURL":"","_VenueStateProvince":"","_VenueLat":"","_VenueLng":"","_VenueShowMap":false,"_VenueShowMapLink":false,"footnotes":""},"class_list":["post-463","page","type-page","status-publish","hentry"],"yoast_head":"<!-- This site is optimized with the Yoast SEO plugin v22.7 - https:\/\/yoast.com\/wordpress\/plugins\/seo\/ -->\n<title>Climbing Shoe Resoling and Repair | Z\u00e9ro Gravit\u00e9<\/title>\n<meta name=\"robots\" content=\"index, follow, max-snippet:-1, max-image-preview:large, max-video-preview:-1\" \/>\n<link rel=\"canonical\" href=\"https:\/\/zero-gravite.ca\/en\/climbing\/shoe-resoling\/\" \/>\n<meta property=\"og:locale\" content=\"en_US\" \/>\n<meta property=\"og:type\" content=\"article\" \/>\n<meta property=\"og:title\" content=\"Climbing Shoe Resoling and Repair | Z\u00e9ro Gravit\u00e9\" \/>\n<meta property=\"og:description\" content=\"Give your shoes a second life Resole and Repair Climbing Shoes Give life to your favourite pair, save money and reduce waste with our partner Andy&#8217;s outdoor Andy&#8217;s outdoor x &hellip; Climbing Shoe Resoling and Repair Read More &raquo;\" \/>\n<meta property=\"og:url\" content=\"https:\/\/zero-gravite.ca\/en\/climbing\/shoe-resoling\/\" \/>\n<meta property=\"og:site_name\" content=\"Z\u00e9ro Gravit\u00e9\" \/>\n<meta property=\"article:publisher\" content=\"https:\/\/www.facebook.com\/0gravite\" \/>\n<meta property=\"article:modified_time\" content=\"2026-01-20T21:13:32+00:00\" \/>\n<meta property=\"og:image\" content=\"https:\/\/zero-gravite.ca\/wp-content\/uploads\/2020\/07\/fzvmwysf3z021.jpg\" \/>\n<meta name=\"twitter:card\" content=\"summary_large_image\" \/>\n<meta name=\"twitter:label1\" content=\"Est. reading time\" \/>\n\t<meta name=\"twitter:data1\" content=\"2 minutes\" \/>\n<script type=\"application\/ld+json\" class=\"yoast-schema-graph\">{\"@context\":\"https:\/\/schema.org\",\"@graph\":[{\"@type\":\"WebPage\",\"@id\":\"https:\/\/zero-gravite.ca\/en\/climbing\/shoe-resoling\/\",\"url\":\"https:\/\/zero-gravite.ca\/en\/climbing\/shoe-resoling\/\",\"name\":\"Climbing Shoe Resoling and Repair | Z\u00e9ro Gravit\u00e9\",\"isPartOf\":{\"@id\":\"https:\/\/zero-gravite.ca\/en\/#website\"},\"primaryImageOfPage\":{\"@id\":\"https:\/\/zero-gravite.ca\/en\/climbing\/shoe-resoling\/#primaryimage\"},\"image\":{\"@id\":\"https:\/\/zero-gravite.ca\/en\/climbing\/shoe-resoling\/#primaryimage\"},\"thumbnailUrl\":\"https:\/\/zero-gravite.ca\/wp-content\/uploads\/2020\/07\/fzvmwysf3z021.jpg\",\"datePublished\":\"2020-07-22T09:54:06+00:00\",\"dateModified\":\"2026-01-20T21:13:32+00:00\",\"breadcrumb\":{\"@id\":\"https:\/\/zero-gravite.ca\/en\/climbing\/shoe-resoling\/#breadcrumb\"},\"inLanguage\":\"en-US\",\"potentialAction\":[{\"@type\":\"ReadAction\",\"target\":[\"https:\/\/zero-gravite.ca\/en\/climbing\/shoe-resoling\/\"]}]},{\"@type\":\"ImageObject\",\"inLanguage\":\"en-US\",\"@id\":\"https:\/\/zero-gravite.ca\/en\/climbing\/shoe-resoling\/#primaryimage\",\"url\":\"https:\/\/zero-gravite.ca\/wp-content\/uploads\/2020\/07\/fzvmwysf3z021.jpg\",\"contentUrl\":\"https:\/\/zero-gravite.ca\/wp-content\/uploads\/2020\/07\/fzvmwysf3z021.jpg\"},{\"@type\":\"BreadcrumbList\",\"@id\":\"https:\/\/zero-gravite.ca\/en\/climbing\/shoe-resoling\/#breadcrumb\",\"itemListElement\":[{\"@type\":\"ListItem\",\"position\":1,\"name\":\"Accueil\",\"item\":\"https:\/\/zero-gravite.ca\/en\/\"},{\"@type\":\"ListItem\",\"position\":2,\"name\":\"Climbing\",\"item\":\"https:\/\/zero-gravite.ca\/en\/escalade\/\"},{\"@type\":\"ListItem\",\"position\":3,\"name\":\"Climbing Shoe Resoling and Repair\"}]},{\"@type\":\"WebSite\",\"@id\":\"https:\/\/zero-gravite.ca\/en\/#website\",\"url\":\"https:\/\/zero-gravite.ca\/en\/\",\"name\":\"Z\u00e9ro Gravit\u00e9\",\"description\":\"Escalade et yoga au coeur de Montr\u00e9al\",\"publisher\":{\"@id\":\"https:\/\/zero-gravite.ca\/en\/#organization\"},\"potentialAction\":[{\"@type\":\"SearchAction\",\"target\":{\"@type\":\"EntryPoint\",\"urlTemplate\":\"https:\/\/zero-gravite.ca\/en\/?s={search_term_string}\"},\"query-input\":\"required name=search_term_string\"}],\"inLanguage\":\"en-US\"},{\"@type\":\"Organization\",\"@id\":\"https:\/\/zero-gravite.ca\/en\/#organization\",\"name\":\"Z\u00e9ro Gravit\u00e9 escalade & yoga\",\"url\":\"https:\/\/zero-gravite.ca\/en\/\",\"logo\":{\"@type\":\"ImageObject\",\"inLanguage\":\"en-US\",\"@id\":\"https:\/\/zero-gravite.ca\/en\/#\/schema\/logo\/image\/\",\"url\":\"https:\/\/zero-gravite.ca\/wp-content\/uploads\/2022\/02\/ZG_Logo_Classic_CMYK.png\",\"contentUrl\":\"https:\/\/zero-gravite.ca\/wp-content\/uploads\/2022\/02\/ZG_Logo_Classic_CMYK.png\",\"width\":1777,\"height\":1600,\"caption\":\"Z\u00e9ro Gravit\u00e9 escalade & yoga\"},\"image\":{\"@id\":\"https:\/\/zero-gravite.ca\/en\/#\/schema\/logo\/image\/\"},\"sameAs\":[\"https:\/\/www.facebook.com\/0gravite\",\"https:\/\/www.instagram.com\/zero.gravite\"]}]}<\/script>\n<!-- \/ Yoast SEO plugin. -->","yoast_head_json":{"title":"Climbing Shoe Resoling and Repair | Z\u00e9ro Gravit\u00e9","robots":{"index":"index","follow":"follow","max-snippet":"max-snippet:-1","max-image-preview":"max-image-preview:large","max-video-preview":"max-video-preview:-1"},"canonical":"https:\/\/zero-gravite.ca\/en\/climbing\/shoe-resoling\/","og_locale":"en_US","og_type":"article","og_title":"Climbing Shoe Resoling and Repair | Z\u00e9ro Gravit\u00e9","og_description":"Give your shoes a second life Resole and Repair Climbing Shoes Give life to your favourite pair, save money and reduce waste with our partner Andy&#8217;s outdoor Andy&#8217;s outdoor x &hellip; Climbing Shoe Resoling and Repair Read More &raquo;","og_url":"https:\/\/zero-gravite.ca\/en\/climbing\/shoe-resoling\/","og_site_name":"Z\u00e9ro Gravit\u00e9","article_publisher":"https:\/\/www.facebook.com\/0gravite","article_modified_time":"2026-01-20T21:13:32+00:00","og_image":[{"url":"https:\/\/zero-gravite.ca\/wp-content\/uploads\/2020\/07\/fzvmwysf3z021.jpg"}],"twitter_card":"summary_large_image","twitter_misc":{"Est. reading time":"2 minutes"},"schema":{"@context":"https:\/\/schema.org","@graph":[{"@type":"WebPage","@id":"https:\/\/zero-gravite.ca\/en\/climbing\/shoe-resoling\/","url":"https:\/\/zero-gravite.ca\/en\/climbing\/shoe-resoling\/","name":"Climbing Shoe Resoling and Repair | Z\u00e9ro Gravit\u00e9","isPartOf":{"@id":"https:\/\/zero-gravite.ca\/en\/#website"},"primaryImageOfPage":{"@id":"https:\/\/zero-gravite.ca\/en\/climbing\/shoe-resoling\/#primaryimage"},"image":{"@id":"https:\/\/zero-gravite.ca\/en\/climbing\/shoe-resoling\/#primaryimage"},"thumbnailUrl":"https:\/\/zero-gravite.ca\/wp-content\/uploads\/2020\/07\/fzvmwysf3z021.jpg","datePublished":"2020-07-22T09:54:06+00:00","dateModified":"2026-01-20T21:13:32+00:00","breadcrumb":{"@id":"https:\/\/zero-gravite.ca\/en\/climbing\/shoe-resoling\/#breadcrumb"},"inLanguage":"en-US","potentialAction":[{"@type":"ReadAction","target":["https:\/\/zero-gravite.ca\/en\/climbing\/shoe-resoling\/"]}]},{"@type":"ImageObject","inLanguage":"en-US","@id":"https:\/\/zero-gravite.ca\/en\/climbing\/shoe-resoling\/#primaryimage","url":"https:\/\/zero-gravite.ca\/wp-content\/uploads\/2020\/07\/fzvmwysf3z021.jpg","contentUrl":"https:\/\/zero-gravite.ca\/wp-content\/uploads\/2020\/07\/fzvmwysf3z021.jpg"},{"@type":"BreadcrumbList","@id":"https:\/\/zero-gravite.ca\/en\/climbing\/shoe-resoling\/#breadcrumb","itemListElement":[{"@type":"ListItem","position":1,"name":"Accueil","item":"https:\/\/zero-gravite.ca\/en\/"},{"@type":"ListItem","position":2,"name":"Climbing","item":"https:\/\/zero-gravite.ca\/en\/escalade\/"},{"@type":"ListItem","position":3,"name":"Climbing Shoe Resoling and Repair"}]},{"@type":"WebSite","@id":"https:\/\/zero-gravite.ca\/en\/#website","url":"https:\/\/zero-gravite.ca\/en\/","name":"Z\u00e9ro Gravit\u00e9","description":"Escalade et yoga au coeur de Montr\u00e9al","publisher":{"@id":"https:\/\/zero-gravite.ca\/en\/#organization"},"potentialAction":[{"@type":"SearchAction","target":{"@type":"EntryPoint","urlTemplate":"https:\/\/zero-gravite.ca\/en\/?s={search_term_string}"},"query-input":"required name=search_term_string"}],"inLanguage":"en-US"},{"@type":"Organization","@id":"https:\/\/zero-gravite.ca\/en\/#organization","name":"Z\u00e9ro Gravit\u00e9 escalade & yoga","url":"https:\/\/zero-gravite.ca\/en\/","logo":{"@type":"ImageObject","inLanguage":"en-US","@id":"https:\/\/zero-gravite.ca\/en\/#\/schema\/logo\/image\/","url":"https:\/\/zero-gravite.ca\/wp-content\/uploads\/2022\/02\/ZG_Logo_Classic_CMYK.png","contentUrl":"https:\/\/zero-gravite.ca\/wp-content\/uploads\/2022\/02\/ZG_Logo_Classic_CMYK.png","width":1777,"height":1600,"caption":"Z\u00e9ro Gravit\u00e9 escalade & yoga"},"image":{"@id":"https:\/\/zero-gravite.ca\/en\/#\/schema\/logo\/image\/"},"sameAs":["https:\/\/www.facebook.com\/0gravite","https:\/\/www.instagram.com\/zero.gravite"]}]}},"publishpress_future_action":{"enabled":false,"date":"2026-04-23 20:41:52","action":"change-status","newStatus":"draft","terms":[],"taxonomy":"translation_priority"},"_links":{"self":[{"href":"https:\/\/zero-gravite.ca\/en\/wp-json\/wp\/v2\/pages\/463","targetHints":{"allow":["GET"]}}],"collection":[{"href":"https:\/\/zero-gravite.ca\/en\/wp-json\/wp\/v2\/pages"}],"about":[{"href":"https:\/\/zero-gravite.ca\/en\/wp-json\/wp\/v2\/types\/page"}],"author":[{"embeddable":true,"href":"https:\/\/zero-gravite.ca\/en\/wp-json\/wp\/v2\/users\/15"}],"replies":[{"embeddable":true,"href":"https:\/\/zero-gravite.ca\/en\/wp-json\/wp\/v2\/comments?post=463"}],"version-history":[{"count":38,"href":"https:\/\/zero-gravite.ca\/en\/wp-json\/wp\/v2\/pages\/463\/revisions"}],"predecessor-version":[{"id":21536,"href":"https:\/\/zero-gravite.ca\/en\/wp-json\/wp\/v2\/pages\/463\/revisions\/21536"}],"up":[{"embeddable":true,"href":"https:\/\/zero-gravite.ca\/en\/wp-json\/wp\/v2\/pages\/3460"}],"wp:attachment":[{"href":"https:\/\/zero-gravite.ca\/en\/wp-json\/wp\/v2\/media?parent=463"}],"curies":[{"name":"wp","href":"https:\/\/api.w.org\/{rel}","templated":true}]}}