{"id":6809,"date":"2021-04-26T16:14:06","date_gmt":"2021-04-26T20:14:06","guid":{"rendered":"https:\/\/zero-gravite.ca\/?page_id=6809"},"modified":"2021-05-31T11:17:35","modified_gmt":"2021-05-31T15:17:35","slug":"cookie-policy","status":"publish","type":"page","link":"https:\/\/zero-gravite.ca\/en\/cookie-policy\/","title":{"rendered":"Cookie Policy"},"content":{"rendered":"\t\t<div data-elementor-type=\"wp-page\" data-elementor-id=\"6809\" class=\"elementor elementor-6809\" data-elementor-post-type=\"page\">\n\t\t\t\t\t\t<section class=\"elementor-section elementor-top-section elementor-element elementor-element-53bbc708 elementor-section-full_width elementor-section-height-default elementor-section-height-default\" data-id=\"53bbc708\" data-element_type=\"section\" data-settings=\"{&quot;background_background&quot;:&quot;classic&quot;}\">\n\t\t\t\t\t\t\t<div class=\"elementor-background-overlay\"><\/div>\n\t\t\t\t\t\t\t<div class=\"elementor-container elementor-column-gap-default\">\n\t\t\t\t\t<div class=\"elementor-column elementor-col-100 elementor-top-column elementor-element elementor-element-7ee77523\" data-id=\"7ee77523\" data-element_type=\"column\">\n\t\t\t<div class=\"elementor-widget-wrap elementor-element-populated\">\n\t\t\t\t\t\t<div class=\"elementor-element elementor-element-3915cc3e elementor-widget elementor-widget-heading\" data-id=\"3915cc3e\" data-element_type=\"widget\" data-widget_type=\"heading.default\">\n\t\t\t\t<div class=\"elementor-widget-container\">\n\t\t\t<h1 class=\"elementor-heading-title elementor-size-default\">Cookie Policy<\/h1>\t\t<\/div>\n\t\t\t\t<\/div>\n\t\t\t\t\t<\/div>\n\t\t<\/div>\n\t\t\t\t\t<\/div>\n\t\t<\/section>\n\t\t\t\t<section class=\"elementor-section elementor-top-section elementor-element elementor-element-c71a96f elementor-section-boxed elementor-section-height-default elementor-section-height-default\" data-id=\"c71a96f\" data-element_type=\"section\">\n\t\t\t\t\t\t<div class=\"elementor-container elementor-column-gap-default\">\n\t\t\t\t\t<div class=\"elementor-column elementor-col-100 elementor-top-column elementor-element elementor-element-4d7a5ae\" data-id=\"4d7a5ae\" data-element_type=\"column\">\n\t\t\t<div class=\"elementor-widget-wrap elementor-element-populated\">\n\t\t\t\t\t\t<div class=\"elementor-element elementor-element-ac00664 elementor-widget elementor-widget-text-editor\" data-id=\"ac00664\" data-element_type=\"widget\" data-widget_type=\"text-editor.default\">\n\t\t\t\t<div class=\"elementor-widget-container\">\n\t\t\t\t\t\t\t<p>This cookie policy (&quot;Policy&quot;) describes what cookies are and how and they&#039;re being used by the <a target=\"_blank\" rel=\"nofollow\" href=\"http:\/\/zero-gravite.ca\">zero-gravite.ca<\/a> website (&quot;Website&quot; or &quot;Service&quot;) and any of its related products and services (collectively, &quot;Services&quot;). This Policy is a legally binding agreement between you (&quot;User&quot;, &quot;you&quot; or &quot;your&quot;) and Z\u00e9ro Gravit\u00e9 escalade &amp; yoga (&quot;Z\u00e9ro Gravit\u00e9 escalade &amp; yoga&quot;, &quot;we&quot;, &quot;us&quot; or &quot;our&quot;). You should read this Policy so you can understand the types of cookies we use, the information we collect using cookies and how that information is used. It also describes the choices available to you regarding accepting or declining the use of cookies. For further information on how we use, store and keep your personal data secure, see our <a target=\"_blank\" rel=\"nofollow\" href=\"https:\/\/zero-gravite.ca\/privacy-policy\">privacy policy<\/a>.<\/p>\n<h2>What are cookies?<\/h2>\n<p>Cookies are small pieces of data stored in text files that are saved on your computer or other devices when websites are loaded in a browser. They are widely used to remember you and your preferences, either for a single visit (through a &quot;session cookie&quot;) or for multiple repeat visits (using a &quot;persistent cookie&quot;).<\/p>\n<p>Session cookies are temporary cookies that are used during the course of your visit to the Website, and they expire when you close the web browser.<\/p>\n<p>Persistent cookies are used to remember your preferences within our Website and remain on your desktop or mobile device even after you close your browser or restart your computer. They ensure a consistent and efficient experience for you while visiting the Website and Services.<\/p>\n<p>Cookies may be set by the Website (&quot;first-party cookies&quot;), or by third parties, such as those who serve content or provide advertising or analytics services on the Website (&quot;third party cookies&quot;). These third parties can recognize you when you visit our website and also when you visit certain other websites. You may learn more about cookies and how they work <a target=\"_blank\" href=\"https:\/\/www.websitepolicies.com\/blog\/cookies\">here<\/a>.<\/p>\n<h2>What type of cookies do we use?<\/h2>\n<h3>Necessary cookies<\/h3>\n<p>Necessary cookies allow us to offer you the best possible experience when accessing and navigating through our Website and using its features. For example, these cookies let us recognize that you have created an account and have logged into that account to access the content.<\/p>\n<h3>Functionality cookies<\/h3>\n<p>Functionality cookies let us operate the Website and Services in accordance with the choices you make. For example, we will recognize your username and remember how you customized the Website and Services during future visits.<\/p>\n<h3>Analytical cookies<\/h3>\n<p>These cookies enable us and third party services to collect aggregated data for statistical purposes on how our visitors use the Website. These cookies do not contain personal information such as names and email addresses and are used to help us improve your user experience of the Website.<\/p>\n<h3>Social media cookies<\/h3>\n<p>Third party cookies from social media sites (such as Facebook, Twitter, etc) let us track social network users when they visit or use the Website and Services, or share content, by using a tagging mechanism provided by those social networks.<\/p>\n<p>These cookies are also used for event tracking and remarketing purposes. Any data collected with these tags will be used in accordance with our and social networks\u2019 privacy policies. We will not collect or share any personally identifiable information from the user.<\/p>\n<h2>Do we use web beacons or tracking pixels?<\/h2>\n<p>Our emails may contain a &quot;web beacon&quot; (or &quot;tracking pixel&quot;) to tell us whether our emails are opened and verify any clicks through to links or advertisements within the email.<\/p>\n<p>We may use this information for purposes including determining which of our emails are more interesting to users and to query whether users who do not open our emails wish to continue receiving them.<\/p>\n<p>The pixel will be deleted when you delete the email. If you do not wish the pixel to be downloaded to your device, you should read the email in plain text view or with images disabled.<\/p>\n<h2>What are your cookie options?<\/h2>\n<p>If you don&#8217;t like the idea of cookies or certain types of cookies, you can change your browser&#8217;s settings to delete cookies that have already been set and to not accept new cookies. Visit <a target=\"_blank\" href=\"https:\/\/www.internetcookies.com\" rel=\"noopener\">internetcookies.com<\/a> to learn more about how to do this.<\/p>\n<h2>Changes and amendments<\/h2>\n<p>We reserve the right to modify this Policy or its terms relating to the Website and Services at any time, effective upon posting of an updated version of this Policy on the Website. When we do, we will revise the updated date at the bottom of this page. Continued use of the Website and Services after any such changes shall constitute your consent to such changes.<\/p>\n<h2>Acceptance of this policy<\/h2>\n<p>You acknowledge that you have read this Policy and agree to all its terms and conditions. By accessing and using the Website and Services you agree to be bound by this Policy. If you do not agree to abide by the terms of this Policy, you are not authorized to access or use the Website and Services.<\/p>\n<h2>Contacting us<\/h2>\n<p>If you would like to contact us to understand more about this Policy or wish to contact us concerning any matter relating to our use of cookies, you may do so via the <a target=\"_blank\" rel=\"nofollow\" href=\"https:\/\/zero-gravite.ca\/en\/contact\">contact form<\/a> or send an email to &#105;&#110;fo&#64;z&#101;r&#111;&#45;gr&#97;vite&#46;c&#97;.<\/p>\n<p>This document was last updated on April 21, 2021<\/p>\t\t\t\t\t\t<\/div>\n\t\t\t\t<\/div>\n\t\t\t\t\t<\/div>\n\t\t<\/div>\n\t\t\t\t\t<\/div>\n\t\t<\/section>\n\t\t\t\t<\/div>\n\t\t","protected":false},"excerpt":{"rendered":"<p>Cookie Policy This cookie policy (&quot;Policy&quot;) describes what cookies are and how and they&#039;re being used by the zero-gravite.ca website (&quot;Website&quot; or &quot;Service&quot;) and any of its related products and &hellip;<\/p>\n<p class=\"read-more\"> <a class=\"\" href=\"https:\/\/zero-gravite.ca\/en\/cookie-policy\/\"> <span class=\"screen-reader-text\">Cookie Policy<\/span> Read More &raquo;<\/a><\/p>\n","protected":false},"author":15,"featured_media":0,"parent":0,"menu_order":0,"comment_status":"closed","ping_status":"closed","template":"elementor_header_footer","meta":{"_mo_disable_npp":"","site-sidebar-layout":"default","site-content-layout":"default","ast-global-header-display":"","ast-main-header-display":"","ast-hfb-above-header-display":"","ast-hfb-below-header-display":"","ast-hfb-mobile-header-display":"","site-post-title":"","ast-breadcrumbs-content":"","ast-featured-img":"","footer-sml-layout":"","theme-transparent-header-meta":"","adv-header-id-meta":"","stick-header-meta":"","header-above-stick-meta":"","header-main-stick-meta":"","header-below-stick-meta":"","_EventAllDay":false,"_EventTimezone":"","_EventStartDate":"","_EventEndDate":"","_EventStartDateUTC":"","_EventEndDateUTC":"","_EventShowMap":false,"_EventShowMapLink":false,"_EventURL":"","_EventCost":"","_EventCostDescription":"","_EventCurrencySymbol":"","_EventCurrencyCode":"","_EventCurrencyPosition":"","_EventDateTimeSeparator":"","_EventTimeRangeSeparator":"","_EventOrganizerID":[],"_EventVenueID":[],"_OrganizerEmail":"","_OrganizerPhone":"","_OrganizerWebsite":"","_VenueAddress":"","_VenueCity":"","_VenueCountry":"","_VenueProvince":"","_VenueState":"","_VenueZip":"","_VenuePhone":"","_VenueURL":"","_VenueStateProvince":"","_VenueLat":"","_VenueLng":"","_VenueShowMap":false,"_VenueShowMapLink":false,"footnotes":""},"class_list":["post-6809","page","type-page","status-publish","hentry"],"yoast_head":"<!-- This site is optimized with the Yoast SEO plugin v22.7 - https:\/\/yoast.com\/wordpress\/plugins\/seo\/ -->\n<title>Cookie Policy | Z\u00e9ro Gravit\u00e9<\/title>\n<meta name=\"robots\" content=\"index, follow, max-snippet:-1, max-image-preview:large, max-video-preview:-1\" \/>\n<link rel=\"canonical\" href=\"https:\/\/zero-gravite.ca\/en\/cookie-policy\/\" \/>\n<meta property=\"og:locale\" content=\"en_US\" \/>\n<meta property=\"og:type\" content=\"article\" \/>\n<meta property=\"og:title\" content=\"Cookie Policy | Z\u00e9ro Gravit\u00e9\" \/>\n<meta property=\"og:description\" content=\"Cookie Policy This cookie policy (&quot;Policy&quot;) describes what cookies are and how and they&#039;re being used by the zero-gravite.ca website (&quot;Website&quot; or &quot;Service&quot;) and any of its related products and &hellip; Cookie Policy Read More &raquo;\" \/>\n<meta property=\"og:url\" content=\"https:\/\/zero-gravite.ca\/en\/cookie-policy\/\" \/>\n<meta property=\"og:site_name\" content=\"Z\u00e9ro Gravit\u00e9\" \/>\n<meta property=\"article:publisher\" content=\"https:\/\/www.facebook.com\/0gravite\" \/>\n<meta property=\"article:modified_time\" content=\"2021-05-31T15:17:35+00:00\" \/>\n<meta name=\"twitter:card\" content=\"summary_large_image\" \/>\n<meta name=\"twitter:label1\" content=\"Est. reading time\" \/>\n\t<meta name=\"twitter:data1\" content=\"4 minutes\" \/>\n<script type=\"application\/ld+json\" class=\"yoast-schema-graph\">{\"@context\":\"https:\/\/schema.org\",\"@graph\":[{\"@type\":\"WebPage\",\"@id\":\"https:\/\/zero-gravite.ca\/en\/cookie-policy\/\",\"url\":\"https:\/\/zero-gravite.ca\/en\/cookie-policy\/\",\"name\":\"Cookie Policy | Z\u00e9ro Gravit\u00e9\",\"isPartOf\":{\"@id\":\"https:\/\/zero-gravite.ca\/en\/#website\"},\"datePublished\":\"2021-04-26T20:14:06+00:00\",\"dateModified\":\"2021-05-31T15:17:35+00:00\",\"breadcrumb\":{\"@id\":\"https:\/\/zero-gravite.ca\/en\/cookie-policy\/#breadcrumb\"},\"inLanguage\":\"en-US\",\"potentialAction\":[{\"@type\":\"ReadAction\",\"target\":[\"https:\/\/zero-gravite.ca\/en\/cookie-policy\/\"]}]},{\"@type\":\"BreadcrumbList\",\"@id\":\"https:\/\/zero-gravite.ca\/en\/cookie-policy\/#breadcrumb\",\"itemListElement\":[{\"@type\":\"ListItem\",\"position\":1,\"name\":\"Accueil\",\"item\":\"https:\/\/zero-gravite.ca\/en\/\"},{\"@type\":\"ListItem\",\"position\":2,\"name\":\"Cookie Policy\"}]},{\"@type\":\"WebSite\",\"@id\":\"https:\/\/zero-gravite.ca\/en\/#website\",\"url\":\"https:\/\/zero-gravite.ca\/en\/\",\"name\":\"Z\u00e9ro Gravit\u00e9\",\"description\":\"Escalade et yoga au coeur de Montr\u00e9al\",\"publisher\":{\"@id\":\"https:\/\/zero-gravite.ca\/en\/#organization\"},\"potentialAction\":[{\"@type\":\"SearchAction\",\"target\":{\"@type\":\"EntryPoint\",\"urlTemplate\":\"https:\/\/zero-gravite.ca\/en\/?s={search_term_string}\"},\"query-input\":\"required name=search_term_string\"}],\"inLanguage\":\"en-US\"},{\"@type\":\"Organization\",\"@id\":\"https:\/\/zero-gravite.ca\/en\/#organization\",\"name\":\"Z\u00e9ro Gravit\u00e9 escalade & yoga\",\"url\":\"https:\/\/zero-gravite.ca\/en\/\",\"logo\":{\"@type\":\"ImageObject\",\"inLanguage\":\"en-US\",\"@id\":\"https:\/\/zero-gravite.ca\/en\/#\/schema\/logo\/image\/\",\"url\":\"https:\/\/zero-gravite.ca\/wp-content\/uploads\/2022\/02\/ZG_Logo_Classic_CMYK.png\",\"contentUrl\":\"https:\/\/zero-gravite.ca\/wp-content\/uploads\/2022\/02\/ZG_Logo_Classic_CMYK.png\",\"width\":1777,\"height\":1600,\"caption\":\"Z\u00e9ro Gravit\u00e9 escalade & yoga\"},\"image\":{\"@id\":\"https:\/\/zero-gravite.ca\/en\/#\/schema\/logo\/image\/\"},\"sameAs\":[\"https:\/\/www.facebook.com\/0gravite\",\"https:\/\/www.instagram.com\/zero.gravite\"]}]}<\/script>\n<!-- \/ Yoast SEO plugin. -->","yoast_head_json":{"title":"Cookie Policy | Z\u00e9ro Gravit\u00e9","robots":{"index":"index","follow":"follow","max-snippet":"max-snippet:-1","max-image-preview":"max-image-preview:large","max-video-preview":"max-video-preview:-1"},"canonical":"https:\/\/zero-gravite.ca\/en\/cookie-policy\/","og_locale":"en_US","og_type":"article","og_title":"Cookie Policy | Z\u00e9ro Gravit\u00e9","og_description":"Cookie Policy This cookie policy (&quot;Policy&quot;) describes what cookies are and how and they&#039;re being used by the zero-gravite.ca website (&quot;Website&quot; or &quot;Service&quot;) and any of its related products and &hellip; Cookie Policy Read More &raquo;","og_url":"https:\/\/zero-gravite.ca\/en\/cookie-policy\/","og_site_name":"Z\u00e9ro Gravit\u00e9","article_publisher":"https:\/\/www.facebook.com\/0gravite","article_modified_time":"2021-05-31T15:17:35+00:00","twitter_card":"summary_large_image","twitter_misc":{"Est. reading time":"4 minutes"},"schema":{"@context":"https:\/\/schema.org","@graph":[{"@type":"WebPage","@id":"https:\/\/zero-gravite.ca\/en\/cookie-policy\/","url":"https:\/\/zero-gravite.ca\/en\/cookie-policy\/","name":"Cookie Policy | Z\u00e9ro Gravit\u00e9","isPartOf":{"@id":"https:\/\/zero-gravite.ca\/en\/#website"},"datePublished":"2021-04-26T20:14:06+00:00","dateModified":"2021-05-31T15:17:35+00:00","breadcrumb":{"@id":"https:\/\/zero-gravite.ca\/en\/cookie-policy\/#breadcrumb"},"inLanguage":"en-US","potentialAction":[{"@type":"ReadAction","target":["https:\/\/zero-gravite.ca\/en\/cookie-policy\/"]}]},{"@type":"BreadcrumbList","@id":"https:\/\/zero-gravite.ca\/en\/cookie-policy\/#breadcrumb","itemListElement":[{"@type":"ListItem","position":1,"name":"Accueil","item":"https:\/\/zero-gravite.ca\/en\/"},{"@type":"ListItem","position":2,"name":"Cookie Policy"}]},{"@type":"WebSite","@id":"https:\/\/zero-gravite.ca\/en\/#website","url":"https:\/\/zero-gravite.ca\/en\/","name":"Z\u00e9ro Gravit\u00e9","description":"Escalade et yoga au coeur de Montr\u00e9al","publisher":{"@id":"https:\/\/zero-gravite.ca\/en\/#organization"},"potentialAction":[{"@type":"SearchAction","target":{"@type":"EntryPoint","urlTemplate":"https:\/\/zero-gravite.ca\/en\/?s={search_term_string}"},"query-input":"required name=search_term_string"}],"inLanguage":"en-US"},{"@type":"Organization","@id":"https:\/\/zero-gravite.ca\/en\/#organization","name":"Z\u00e9ro Gravit\u00e9 escalade & yoga","url":"https:\/\/zero-gravite.ca\/en\/","logo":{"@type":"ImageObject","inLanguage":"en-US","@id":"https:\/\/zero-gravite.ca\/en\/#\/schema\/logo\/image\/","url":"https:\/\/zero-gravite.ca\/wp-content\/uploads\/2022\/02\/ZG_Logo_Classic_CMYK.png","contentUrl":"https:\/\/zero-gravite.ca\/wp-content\/uploads\/2022\/02\/ZG_Logo_Classic_CMYK.png","width":1777,"height":1600,"caption":"Z\u00e9ro Gravit\u00e9 escalade & yoga"},"image":{"@id":"https:\/\/zero-gravite.ca\/en\/#\/schema\/logo\/image\/"},"sameAs":["https:\/\/www.facebook.com\/0gravite","https:\/\/www.instagram.com\/zero.gravite"]}]}},"publishpress_future_action":{"enabled":false,"date":"2026-04-29 13:02:01","action":"change-status","newStatus":"draft","terms":[],"taxonomy":"translation_priority"},"_links":{"self":[{"href":"https:\/\/zero-gravite.ca\/en\/wp-json\/wp\/v2\/pages\/6809","targetHints":{"allow":["GET"]}}],"collection":[{"href":"https:\/\/zero-gravite.ca\/en\/wp-json\/wp\/v2\/pages"}],"about":[{"href":"https:\/\/zero-gravite.ca\/en\/wp-json\/wp\/v2\/types\/page"}],"author":[{"embeddable":true,"href":"https:\/\/zero-gravite.ca\/en\/wp-json\/wp\/v2\/users\/15"}],"replies":[{"embeddable":true,"href":"https:\/\/zero-gravite.ca\/en\/wp-json\/wp\/v2\/comments?post=6809"}],"version-history":[{"count":0,"href":"https:\/\/zero-gravite.ca\/en\/wp-json\/wp\/v2\/pages\/6809\/revisions"}],"wp:attachment":[{"href":"https:\/\/zero-gravite.ca\/en\/wp-json\/wp\/v2\/media?parent=6809"}],"curies":[{"name":"wp","href":"https:\/\/api.w.org\/{rel}","templated":true}]}}