{"id":8602,"date":"2021-08-09T16:35:35","date_gmt":"2021-08-09T20:35:35","guid":{"rendered":"http:\/\/zero-gravite.ca\/careers\/"},"modified":"2026-02-12T11:35:27","modified_gmt":"2026-02-12T16:35:27","slug":"careers","status":"publish","type":"page","link":"https:\/\/zero-gravite.ca\/en\/careers\/","title":{"rendered":"Careers"},"content":{"rendered":"\t\t<div data-elementor-type=\"wp-page\" data-elementor-id=\"8602\" class=\"elementor elementor-8602\" data-elementor-post-type=\"page\">\n\t\t\t\t\t\t<section class=\"elementor-section elementor-top-section elementor-element elementor-element-40c23f2c elementor-section-full_width elementor-section-height-default elementor-section-height-default\" data-id=\"40c23f2c\" data-element_type=\"section\" data-settings=\"{&quot;background_background&quot;:&quot;classic&quot;}\">\n\t\t\t\t\t\t\t<div class=\"elementor-background-overlay\"><\/div>\n\t\t\t\t\t\t\t<div class=\"elementor-container elementor-column-gap-default\">\n\t\t\t\t\t<div class=\"elementor-column elementor-col-100 elementor-top-column elementor-element elementor-element-403736fa\" data-id=\"403736fa\" data-element_type=\"column\">\n\t\t\t<div class=\"elementor-widget-wrap elementor-element-populated\">\n\t\t\t\t\t\t<div class=\"elementor-element elementor-element-5890e049 elementor-widget elementor-widget-heading\" data-id=\"5890e049\" data-element_type=\"widget\" data-widget_type=\"heading.default\">\n\t\t\t\t<div class=\"elementor-widget-container\">\n\t\t\t<h1 class=\"elementor-heading-title elementor-size-default\">Careers<\/h1>\t\t<\/div>\n\t\t\t\t<\/div>\n\t\t\t\t\t<\/div>\n\t\t<\/div>\n\t\t\t\t\t<\/div>\n\t\t<\/section>\n\t\t\t\t<section class=\"elementor-section elementor-top-section elementor-element elementor-element-65eb10c elementor-section-boxed elementor-section-height-default elementor-section-height-default\" data-id=\"65eb10c\" data-element_type=\"section\">\n\t\t\t\t\t\t<div class=\"elementor-container elementor-column-gap-default\">\n\t\t\t\t\t<div class=\"elementor-column elementor-col-100 elementor-top-column elementor-element elementor-element-789469e\" data-id=\"789469e\" data-element_type=\"column\">\n\t\t\t<div class=\"elementor-widget-wrap elementor-element-populated\">\n\t\t\t\t\t\t<div class=\"elementor-element elementor-element-06790f0 elementor-widget elementor-widget-spacer\" data-id=\"06790f0\" data-element_type=\"widget\" data-widget_type=\"spacer.default\">\n\t\t\t\t<div class=\"elementor-widget-container\">\n\t\t\t\t\t<div class=\"elementor-spacer\">\n\t\t\t<div class=\"elementor-spacer-inner\"><\/div>\n\t\t<\/div>\n\t\t\t\t<\/div>\n\t\t\t\t<\/div>\n\t\t\t\t<div class=\"elementor-element elementor-element-c245edb elementor-widget elementor-widget-heading\" data-id=\"c245edb\" data-element_type=\"widget\" data-widget_type=\"heading.default\">\n\t\t\t\t<div class=\"elementor-widget-container\">\n\t\t\t<h1 class=\"elementor-heading-title elementor-size-default\">Join the Z\u00e9ro Gravit\u00e9 team!<\/h1>\t\t<\/div>\n\t\t\t\t<\/div>\n\t\t\t\t<div class=\"elementor-element elementor-element-ae4c08a elementor-widget elementor-widget-spacer\" data-id=\"ae4c08a\" data-element_type=\"widget\" data-widget_type=\"spacer.default\">\n\t\t\t\t<div class=\"elementor-widget-container\">\n\t\t\t\t\t<div class=\"elementor-spacer\">\n\t\t\t<div class=\"elementor-spacer-inner\"><\/div>\n\t\t<\/div>\n\t\t\t\t<\/div>\n\t\t\t\t<\/div>\n\t\t\t\t\t<\/div>\n\t\t<\/div>\n\t\t\t\t\t<\/div>\n\t\t<\/section>\n\t\t\t\t<section class=\"elementor-section elementor-top-section elementor-element elementor-element-6526525 elementor-section-boxed elementor-section-height-default elementor-section-height-default\" data-id=\"6526525\" data-element_type=\"section\">\n\t\t\t\t\t\t<div class=\"elementor-container elementor-column-gap-default\">\n\t\t\t\t\t<div class=\"elementor-column elementor-col-50 elementor-top-column elementor-element elementor-element-a115bb3\" data-id=\"a115bb3\" data-element_type=\"column\">\n\t\t\t<div class=\"elementor-widget-wrap elementor-element-populated\">\n\t\t\t\t\t\t<div class=\"elementor-element elementor-element-020821c elementor-widget elementor-widget-text-editor\" data-id=\"020821c\" data-element_type=\"widget\" data-widget_type=\"text-editor.default\">\n\t\t\t\t<div class=\"elementor-widget-container\">\n\t\t\t\t\t\t\t<p>Our team is driven by a sense of community and passion for rock climbing and yoga. We strive to provide a unique experience in an enriching environment.<\/p><p><span style=\"font-style: inherit; font-weight: inherit; font-family: var( --e-global-typography-text-font-family ), Sans-serif;\">Would you like to help us grow the community? We have multiple part-time and full-time opportunities.<\/span><\/p><p><span style=\"font-style: inherit; font-weight: inherit; font-family: var( --e-global-typography-text-font-family ), Sans-serif;\">Send us your resume today!<\/span><\/p>\t\t\t\t\t\t<\/div>\n\t\t\t\t<\/div>\n\t\t\t\t\t<\/div>\n\t\t<\/div>\n\t\t\t\t<div class=\"elementor-column elementor-col-50 elementor-top-column elementor-element elementor-element-22129dc\" data-id=\"22129dc\" data-element_type=\"column\">\n\t\t\t<div class=\"elementor-widget-wrap elementor-element-populated\">\n\t\t\t\t\t\t<div class=\"elementor-element elementor-element-a179547 elementor-widget elementor-widget-heading\" data-id=\"a179547\" data-element_type=\"widget\" data-widget_type=\"heading.default\">\n\t\t\t\t<div class=\"elementor-widget-container\">\n\t\t\t<h5 class=\"elementor-heading-title elementor-size-default\">Advantages of working at ZG<\/h5>\t\t<\/div>\n\t\t\t\t<\/div>\n\t\t\t\t<div class=\"elementor-element elementor-element-56cf70a elementor-icon-list--layout-traditional elementor-list-item-link-full_width elementor-widget elementor-widget-icon-list\" data-id=\"56cf70a\" data-element_type=\"widget\" data-widget_type=\"icon-list.default\">\n\t\t\t\t<div class=\"elementor-widget-container\">\n\t\t\t\t\t<ul class=\"elementor-icon-list-items\">\n\t\t\t\t\t\t\t<li class=\"elementor-icon-list-item\">\n\t\t\t\t\t\t\t\t\t\t\t<span class=\"elementor-icon-list-icon\">\n\t\t\t\t\t\t\t<i aria-hidden=\"true\" class=\"fas fa-check\"><\/i>\t\t\t\t\t\t<\/span>\n\t\t\t\t\t\t\t\t\t\t<span class=\"elementor-icon-list-text\">Free access to the climbing gym and yoga class at the studio<\/span>\n\t\t\t\t\t\t\t\t\t<\/li>\n\t\t\t\t\t\t\t\t<li class=\"elementor-icon-list-item\">\n\t\t\t\t\t\t\t\t\t\t\t<span class=\"elementor-icon-list-icon\">\n\t\t\t\t\t\t\t<i aria-hidden=\"true\" class=\"fas fa-check\"><\/i>\t\t\t\t\t\t<\/span>\n\t\t\t\t\t\t\t\t\t\t<span class=\"elementor-icon-list-text\">Flexible work schedule<\/span>\n\t\t\t\t\t\t\t\t\t<\/li>\n\t\t\t\t\t\t\t\t<li class=\"elementor-icon-list-item\">\n\t\t\t\t\t\t\t\t\t\t\t<span class=\"elementor-icon-list-icon\">\n\t\t\t\t\t\t\t<i aria-hidden=\"true\" class=\"fas fa-check\"><\/i>\t\t\t\t\t\t<\/span>\n\t\t\t\t\t\t\t\t\t\t<span class=\"elementor-icon-list-text\">Discounts on yoga and rock climbing workshops<\/span>\n\t\t\t\t\t\t\t\t\t<\/li>\n\t\t\t\t\t\t\t\t<li class=\"elementor-icon-list-item\">\n\t\t\t\t\t\t\t\t\t\t\t<span class=\"elementor-icon-list-icon\">\n\t\t\t\t\t\t\t<i aria-hidden=\"true\" class=\"fas fa-check\"><\/i>\t\t\t\t\t\t<\/span>\n\t\t\t\t\t\t\t\t\t\t<span class=\"elementor-icon-list-text\">Discounts on rock climbing gear from our suppliers<\/span>\n\t\t\t\t\t\t\t\t\t<\/li>\n\t\t\t\t\t\t\t\t<li class=\"elementor-icon-list-item\">\n\t\t\t\t\t\t\t\t\t\t\t<span class=\"elementor-icon-list-icon\">\n\t\t\t\t\t\t\t<i aria-hidden=\"true\" class=\"fas fa-check-double\"><\/i>\t\t\t\t\t\t<\/span>\n\t\t\t\t\t\t\t\t\t\t<span class=\"elementor-icon-list-text\">And more!<\/span>\n\t\t\t\t\t\t\t\t\t<\/li>\n\t\t\t\t\t\t<\/ul>\n\t\t\t\t<\/div>\n\t\t\t\t<\/div>\n\t\t\t\t\t<\/div>\n\t\t<\/div>\n\t\t\t\t\t<\/div>\n\t\t<\/section>\n\t\t\t\t<section class=\"elementor-section elementor-top-section elementor-element elementor-element-a67d534 elementor-section-boxed elementor-section-height-default elementor-section-height-default\" data-id=\"a67d534\" data-element_type=\"section\">\n\t\t\t\t\t\t<div class=\"elementor-container elementor-column-gap-default\">\n\t\t\t\t\t<div class=\"elementor-column elementor-col-100 elementor-top-column elementor-element elementor-element-7e03c6b\" data-id=\"7e03c6b\" data-element_type=\"column\">\n\t\t\t<div class=\"elementor-widget-wrap elementor-element-populated\">\n\t\t\t\t\t\t<div class=\"elementor-element elementor-element-18f2c50 elementor-widget elementor-widget-spacer\" data-id=\"18f2c50\" data-element_type=\"widget\" data-widget_type=\"spacer.default\">\n\t\t\t\t<div class=\"elementor-widget-container\">\n\t\t\t\t\t<div class=\"elementor-spacer\">\n\t\t\t<div class=\"elementor-spacer-inner\"><\/div>\n\t\t<\/div>\n\t\t\t\t<\/div>\n\t\t\t\t<\/div>\n\t\t\t\t<div class=\"elementor-element elementor-element-2e8fade elementor-widget elementor-widget-heading\" data-id=\"2e8fade\" data-element_type=\"widget\" data-widget_type=\"heading.default\">\n\t\t\t\t<div class=\"elementor-widget-container\">\n\t\t\t<h2 class=\"elementor-heading-title elementor-size-default\">Job Openings<\/h2>\t\t<\/div>\n\t\t\t\t<\/div>\n\t\t\t\t<div class=\"elementor-element elementor-element-8664281 elementor-widget elementor-widget-accordion\" data-id=\"8664281\" data-element_type=\"widget\" data-widget_type=\"accordion.default\">\n\t\t\t\t<div class=\"elementor-widget-container\">\n\t\t\t\t\t<div class=\"elementor-accordion\">\n\t\t\t\t\t\t\t<div class=\"elementor-accordion-item\">\n\t\t\t\t\t<div id=\"elementor-tab-title-1401\" class=\"elementor-tab-title\" data-tab=\"1\" role=\"button\" aria-controls=\"elementor-tab-content-1401\" aria-expanded=\"false\">\n\t\t\t\t\t\t\t\t\t\t\t\t\t<span class=\"elementor-accordion-icon elementor-accordion-icon-left\" aria-hidden=\"true\">\n\t\t\t\t\t\t\t\t\t\t\t\t\t\t\t<span class=\"elementor-accordion-icon-closed\"><i class=\"fas fa-plus\"><\/i><\/span>\n\t\t\t\t\t\t\t\t<span class=\"elementor-accordion-icon-opened\"><i class=\"fas fa-minus\"><\/i><\/span>\n\t\t\t\t\t\t\t\t\t\t\t\t\t\t<\/span>\n\t\t\t\t\t\t\t\t\t\t\t\t<a class=\"elementor-accordion-title\" tabindex=\"0\">Spontaneous Applications<\/a>\n\t\t\t\t\t<\/div>\n\t\t\t\t\t<div id=\"elementor-tab-content-1401\" class=\"elementor-tab-content elementor-clearfix\" data-tab=\"1\" role=\"region\" aria-labelledby=\"elementor-tab-title-1401\"><section class=\"elementor-section elementor-top-section elementor-element elementor-element-4892e5d elementor-section-boxed elementor-section-height-default elementor-section-height-default\" data-id=\"4892e5d\" data-element_type=\"section\"><div class=\"elementor-container elementor-column-gap-default\"><div class=\"elementor-column elementor-col-100 elementor-top-column elementor-element elementor-element-1ce800d\" data-id=\"1ce800d\" data-element_type=\"column\"><div class=\"elementor-widget-wrap elementor-element-populated\"><div class=\"elementor-element elementor-element-24186ce elementor-widget elementor-widget-text-editor\" data-id=\"24186ce\" data-element_type=\"widget\" data-widget_type=\"text-editor.default\"><div class=\"elementor-widget-container\"><p>We\u2019re not currently hiring, but we\u2019re always excited to connect with passionate climbers and community builders.<\/p><p>If you love climbing, enjoy working with people, and think you\u2019d be a great fit for our team, we\u2019d love to hear from you. Feel free to send us a spontaneous application with your CV and a short introduction about yourself.<\/p><p>\ud83d\udce9 Email us at: <a href=\"mailto:emplois@zero-gravite.ca\">emplois@zero-gravite.ca<\/a><\/p><p>We\u2019ll keep your details on file and reach out if an opportunity opens up.<\/p><\/div><\/div><\/div><\/div><\/div><\/section><\/div>\n\t\t\t\t<\/div>\n\t\t\t\t\t\t\t\t<\/div>\n\t\t\t\t<\/div>\n\t\t\t\t<\/div>\n\t\t\t\t\t<\/div>\n\t\t<\/div>\n\t\t\t\t\t<\/div>\n\t\t<\/section>\n\t\t\t\t<\/div>\n\t\t","protected":false},"excerpt":{"rendered":"<p>Careers Join the Z\u00e9ro Gravit\u00e9 team! Our team is driven by a sense of community and passion for rock climbing and yoga. We strive to provide a unique experience in &hellip;<\/p>\n<p class=\"read-more\"> <a class=\"\" href=\"https:\/\/zero-gravite.ca\/en\/careers\/\"> <span class=\"screen-reader-text\">Careers<\/span> Read More &raquo;<\/a><\/p>\n","protected":false},"author":1,"featured_media":0,"parent":0,"menu_order":0,"comment_status":"closed","ping_status":"closed","template":"elementor_header_footer","meta":{"_mo_disable_npp":"","site-sidebar-layout":"default","site-content-layout":"default","ast-global-header-display":"","ast-main-header-display":"","ast-hfb-above-header-display":"","ast-hfb-below-header-display":"","ast-hfb-mobile-header-display":"","site-post-title":"","ast-breadcrumbs-content":"","ast-featured-img":"","footer-sml-layout":"","theme-transparent-header-meta":"default","adv-header-id-meta":"","stick-header-meta":"","header-above-stick-meta":"","header-main-stick-meta":"","header-below-stick-meta":"","_EventAllDay":false,"_EventTimezone":"","_EventStartDate":"","_EventEndDate":"","_EventStartDateUTC":"","_EventEndDateUTC":"","_EventShowMap":false,"_EventShowMapLink":false,"_EventURL":"","_EventCost":"","_EventCostDescription":"","_EventCurrencySymbol":"","_EventCurrencyCode":"","_EventCurrencyPosition":"","_EventDateTimeSeparator":"","_EventTimeRangeSeparator":"","_EventOrganizerID":[],"_EventVenueID":[],"_OrganizerEmail":"","_OrganizerPhone":"","_OrganizerWebsite":"","_VenueAddress":"","_VenueCity":"","_VenueCountry":"","_VenueProvince":"","_VenueState":"","_VenueZip":"","_VenuePhone":"","_VenueURL":"","_VenueStateProvince":"","_VenueLat":"","_VenueLng":"","_VenueShowMap":false,"_VenueShowMapLink":false,"footnotes":""},"class_list":["post-8602","page","type-page","status-publish","hentry"],"yoast_head":"<!-- This site is optimized with the Yoast SEO plugin v22.7 - https:\/\/yoast.com\/wordpress\/plugins\/seo\/ -->\n<title>Careers | Z\u00e9ro Gravit\u00e9 Climbing &amp; Yoga<\/title>\n<meta name=\"description\" content=\"Find out about our job opportunities in a thriving climbing gym in Montreal, equipped with a yoga studio! Friendly and laid-back. Start now!\" \/>\n<meta name=\"robots\" content=\"index, follow, max-snippet:-1, max-image-preview:large, max-video-preview:-1\" \/>\n<link rel=\"canonical\" href=\"https:\/\/zero-gravite.ca\/en\/careers\/\" \/>\n<meta property=\"og:locale\" content=\"en_US\" \/>\n<meta property=\"og:type\" content=\"article\" \/>\n<meta property=\"og:title\" content=\"Careers | Z\u00e9ro Gravit\u00e9 Climbing &amp; Yoga\" \/>\n<meta property=\"og:description\" content=\"Find out about our job opportunities in a thriving climbing gym in Montreal, equipped with a yoga studio! Friendly and laid-back. Start now!\" \/>\n<meta property=\"og:url\" content=\"https:\/\/zero-gravite.ca\/en\/careers\/\" \/>\n<meta property=\"og:site_name\" content=\"Z\u00e9ro Gravit\u00e9\" \/>\n<meta property=\"article:publisher\" content=\"https:\/\/www.facebook.com\/0gravite\" \/>\n<meta property=\"article:modified_time\" content=\"2026-02-12T16:35:27+00:00\" \/>\n<meta name=\"twitter:card\" content=\"summary_large_image\" \/>\n<meta name=\"twitter:label1\" content=\"Est. reading time\" \/>\n\t<meta name=\"twitter:data1\" content=\"3 minutes\" \/>\n<script type=\"application\/ld+json\" class=\"yoast-schema-graph\">{\"@context\":\"https:\/\/schema.org\",\"@graph\":[{\"@type\":\"WebPage\",\"@id\":\"https:\/\/zero-gravite.ca\/en\/careers\/\",\"url\":\"https:\/\/zero-gravite.ca\/en\/careers\/\",\"name\":\"Careers | Z\u00e9ro Gravit\u00e9 Climbing & Yoga\",\"isPartOf\":{\"@id\":\"https:\/\/zero-gravite.ca\/en\/#website\"},\"datePublished\":\"2021-08-09T20:35:35+00:00\",\"dateModified\":\"2026-02-12T16:35:27+00:00\",\"description\":\"Find out about our job opportunities in a thriving climbing gym in Montreal, equipped with a yoga studio! Friendly and laid-back. Start now!\",\"breadcrumb\":{\"@id\":\"https:\/\/zero-gravite.ca\/en\/careers\/#breadcrumb\"},\"inLanguage\":\"en-US\",\"potentialAction\":[{\"@type\":\"ReadAction\",\"target\":[\"https:\/\/zero-gravite.ca\/en\/careers\/\"]}]},{\"@type\":\"BreadcrumbList\",\"@id\":\"https:\/\/zero-gravite.ca\/en\/careers\/#breadcrumb\",\"itemListElement\":[{\"@type\":\"ListItem\",\"position\":1,\"name\":\"Accueil\",\"item\":\"https:\/\/zero-gravite.ca\/en\/\"},{\"@type\":\"ListItem\",\"position\":2,\"name\":\"Careers\"}]},{\"@type\":\"WebSite\",\"@id\":\"https:\/\/zero-gravite.ca\/en\/#website\",\"url\":\"https:\/\/zero-gravite.ca\/en\/\",\"name\":\"Z\u00e9ro Gravit\u00e9\",\"description\":\"Escalade et yoga au coeur de Montr\u00e9al\",\"publisher\":{\"@id\":\"https:\/\/zero-gravite.ca\/en\/#organization\"},\"potentialAction\":[{\"@type\":\"SearchAction\",\"target\":{\"@type\":\"EntryPoint\",\"urlTemplate\":\"https:\/\/zero-gravite.ca\/en\/?s={search_term_string}\"},\"query-input\":\"required name=search_term_string\"}],\"inLanguage\":\"en-US\"},{\"@type\":\"Organization\",\"@id\":\"https:\/\/zero-gravite.ca\/en\/#organization\",\"name\":\"Z\u00e9ro Gravit\u00e9 escalade & yoga\",\"url\":\"https:\/\/zero-gravite.ca\/en\/\",\"logo\":{\"@type\":\"ImageObject\",\"inLanguage\":\"en-US\",\"@id\":\"https:\/\/zero-gravite.ca\/en\/#\/schema\/logo\/image\/\",\"url\":\"https:\/\/zero-gravite.ca\/wp-content\/uploads\/2022\/02\/ZG_Logo_Classic_CMYK.png\",\"contentUrl\":\"https:\/\/zero-gravite.ca\/wp-content\/uploads\/2022\/02\/ZG_Logo_Classic_CMYK.png\",\"width\":1777,\"height\":1600,\"caption\":\"Z\u00e9ro Gravit\u00e9 escalade & yoga\"},\"image\":{\"@id\":\"https:\/\/zero-gravite.ca\/en\/#\/schema\/logo\/image\/\"},\"sameAs\":[\"https:\/\/www.facebook.com\/0gravite\",\"https:\/\/www.instagram.com\/zero.gravite\"]}]}<\/script>\n<!-- \/ Yoast SEO plugin. -->","yoast_head_json":{"title":"Careers | Z\u00e9ro Gravit\u00e9 Climbing & Yoga","description":"Find out about our job opportunities in a thriving climbing gym in Montreal, equipped with a yoga studio! Friendly and laid-back. Start now!","robots":{"index":"index","follow":"follow","max-snippet":"max-snippet:-1","max-image-preview":"max-image-preview:large","max-video-preview":"max-video-preview:-1"},"canonical":"https:\/\/zero-gravite.ca\/en\/careers\/","og_locale":"en_US","og_type":"article","og_title":"Careers | Z\u00e9ro Gravit\u00e9 Climbing & Yoga","og_description":"Find out about our job opportunities in a thriving climbing gym in Montreal, equipped with a yoga studio! Friendly and laid-back. Start now!","og_url":"https:\/\/zero-gravite.ca\/en\/careers\/","og_site_name":"Z\u00e9ro Gravit\u00e9","article_publisher":"https:\/\/www.facebook.com\/0gravite","article_modified_time":"2026-02-12T16:35:27+00:00","twitter_card":"summary_large_image","twitter_misc":{"Est. reading time":"3 minutes"},"schema":{"@context":"https:\/\/schema.org","@graph":[{"@type":"WebPage","@id":"https:\/\/zero-gravite.ca\/en\/careers\/","url":"https:\/\/zero-gravite.ca\/en\/careers\/","name":"Careers | Z\u00e9ro Gravit\u00e9 Climbing & Yoga","isPartOf":{"@id":"https:\/\/zero-gravite.ca\/en\/#website"},"datePublished":"2021-08-09T20:35:35+00:00","dateModified":"2026-02-12T16:35:27+00:00","description":"Find out about our job opportunities in a thriving climbing gym in Montreal, equipped with a yoga studio! Friendly and laid-back. Start now!","breadcrumb":{"@id":"https:\/\/zero-gravite.ca\/en\/careers\/#breadcrumb"},"inLanguage":"en-US","potentialAction":[{"@type":"ReadAction","target":["https:\/\/zero-gravite.ca\/en\/careers\/"]}]},{"@type":"BreadcrumbList","@id":"https:\/\/zero-gravite.ca\/en\/careers\/#breadcrumb","itemListElement":[{"@type":"ListItem","position":1,"name":"Accueil","item":"https:\/\/zero-gravite.ca\/en\/"},{"@type":"ListItem","position":2,"name":"Careers"}]},{"@type":"WebSite","@id":"https:\/\/zero-gravite.ca\/en\/#website","url":"https:\/\/zero-gravite.ca\/en\/","name":"Z\u00e9ro Gravit\u00e9","description":"Escalade et yoga au coeur de Montr\u00e9al","publisher":{"@id":"https:\/\/zero-gravite.ca\/en\/#organization"},"potentialAction":[{"@type":"SearchAction","target":{"@type":"EntryPoint","urlTemplate":"https:\/\/zero-gravite.ca\/en\/?s={search_term_string}"},"query-input":"required name=search_term_string"}],"inLanguage":"en-US"},{"@type":"Organization","@id":"https:\/\/zero-gravite.ca\/en\/#organization","name":"Z\u00e9ro Gravit\u00e9 escalade & yoga","url":"https:\/\/zero-gravite.ca\/en\/","logo":{"@type":"ImageObject","inLanguage":"en-US","@id":"https:\/\/zero-gravite.ca\/en\/#\/schema\/logo\/image\/","url":"https:\/\/zero-gravite.ca\/wp-content\/uploads\/2022\/02\/ZG_Logo_Classic_CMYK.png","contentUrl":"https:\/\/zero-gravite.ca\/wp-content\/uploads\/2022\/02\/ZG_Logo_Classic_CMYK.png","width":1777,"height":1600,"caption":"Z\u00e9ro Gravit\u00e9 escalade & yoga"},"image":{"@id":"https:\/\/zero-gravite.ca\/en\/#\/schema\/logo\/image\/"},"sameAs":["https:\/\/www.facebook.com\/0gravite","https:\/\/www.instagram.com\/zero.gravite"]}]}},"publishpress_future_action":{"enabled":false,"date":"2026-04-29 09:49:26","action":"change-status","newStatus":"draft","terms":[],"taxonomy":"translation_priority"},"_links":{"self":[{"href":"https:\/\/zero-gravite.ca\/en\/wp-json\/wp\/v2\/pages\/8602","targetHints":{"allow":["GET"]}}],"collection":[{"href":"https:\/\/zero-gravite.ca\/en\/wp-json\/wp\/v2\/pages"}],"about":[{"href":"https:\/\/zero-gravite.ca\/en\/wp-json\/wp\/v2\/types\/page"}],"author":[{"embeddable":true,"href":"https:\/\/zero-gravite.ca\/en\/wp-json\/wp\/v2\/users\/1"}],"replies":[{"embeddable":true,"href":"https:\/\/zero-gravite.ca\/en\/wp-json\/wp\/v2\/comments?post=8602"}],"version-history":[{"count":250,"href":"https:\/\/zero-gravite.ca\/en\/wp-json\/wp\/v2\/pages\/8602\/revisions"}],"predecessor-version":[{"id":21664,"href":"https:\/\/zero-gravite.ca\/en\/wp-json\/wp\/v2\/pages\/8602\/revisions\/21664"}],"wp:attachment":[{"href":"https:\/\/zero-gravite.ca\/en\/wp-json\/wp\/v2\/media?parent=8602"}],"curies":[{"name":"wp","href":"https:\/\/api.w.org\/{rel}","templated":true}]}}